{"id":2328,"date":"2023-07-13T17:24:13","date_gmt":"2023-07-13T15:24:13","guid":{"rendered":"https:\/\/wellnesshotel.sonnenhof-sonnhalde.de\/?page_id=2328"},"modified":"2025-11-21T17:02:55","modified_gmt":"2025-11-21T16:02:55","slug":"angebote","status":"publish","type":"page","link":"https:\/\/sonnenhof-sonnhalde.de\/de_de\/angebote\/","title":{"rendered":"Angebote"},"content":{"rendered":"\t\t<div data-elementor-type=\"wp-page\" data-elementor-id=\"2328\" class=\"elementor elementor-2328\" data-elementor-post-type=\"page\">\n\t\t\t\t<div class=\"elementor-element elementor-element-c6e337f e-con-full e-flex e-con e-parent\" data-id=\"c6e337f\" data-element_type=\"container\" data-e-type=\"container\" data-settings=\"{&quot;background_background&quot;:&quot;video&quot;,&quot;background_video_start&quot;:2,&quot;background_video_end&quot;:15}\">\n\t\t\t\t<div class=\"elementor-element elementor-element-5c0b453 elementor-widget elementor-widget-spacer\" data-id=\"5c0b453\" data-element_type=\"widget\" data-e-type=\"widget\" data-widget_type=\"spacer.default\">\n\t\t\t\t<div class=\"elementor-widget-container\">\n\t\t\t\t\t\t\t<div class=\"elementor-spacer\">\n\t\t\t<div class=\"elementor-spacer-inner\"><\/div>\n\t\t<\/div>\n\t\t\t\t\t\t<\/div>\n\t\t\t\t<\/div>\n\t\t\t\t<div class=\"elementor-element elementor-element-815c818 elementor-widget elementor-widget-image\" data-id=\"815c818\" data-element_type=\"widget\" data-e-type=\"widget\" data-widget_type=\"image.default\">\n\t\t\t\t<div class=\"elementor-widget-container\">\n\t\t\t\t\t\t\t\t\t\t\t\t\t\t\t<img decoding=\"async\" src=\"https:\/\/sonnenhof-sonnhalde.de\/wp-content\/uploads\/elementor\/thumbs\/Sonnenhof_Logo_nur_Sonne_ohne_weissen_Hintergrund-qqqkytivrflqdy2nwtqz02hb4z7sdu35cmzhfsbecg.webp\" title=\"Sonnenhof_Logo_nur_Sonne_ohne_weissen_Hintergrund.webp\" alt=\"Sonnenhof_Logo_nur_Sonne_ohne_weissen_Hintergrund.webp\" loading=\"lazy\" \/>\t\t\t\t\t\t\t\t\t\t\t\t\t\t\t<\/div>\n\t\t\t\t<\/div>\n\t\t\t\t<div class=\"elementor-element elementor-element-10da80a elementor-widget elementor-widget-spacer\" data-id=\"10da80a\" data-element_type=\"widget\" data-e-type=\"widget\" data-widget_type=\"spacer.default\">\n\t\t\t\t<div class=\"elementor-widget-container\">\n\t\t\t\t\t\t\t<div class=\"elementor-spacer\">\n\t\t\t<div class=\"elementor-spacer-inner\"><\/div>\n\t\t<\/div>\n\t\t\t\t\t\t<\/div>\n\t\t\t\t<\/div>\n\t\t\t\t<div class=\"elementor-element elementor-element-77db285 elementor-widget-mobile__width-initial elementor-widget__width-initial elementor-widget elementor-widget-heading\" data-id=\"77db285\" data-element_type=\"widget\" data-e-type=\"widget\" data-widget_type=\"heading.default\">\n\t\t\t\t<div class=\"elementor-widget-container\">\n\t\t\t\t\t<h2 class=\"elementor-heading-title elementor-size-default\">F\u00fcr Jeden ist was dabei<\/h2>\t\t\t\t<\/div>\n\t\t\t\t<\/div>\n\t\t\t\t<div class=\"elementor-element elementor-element-e96dc36 elementor-widget elementor-widget-heading\" data-id=\"e96dc36\" data-element_type=\"widget\" data-e-type=\"widget\" data-widget_type=\"heading.default\">\n\t\t\t\t<div class=\"elementor-widget-container\">\n\t\t\t\t\t<h1 class=\"elementor-heading-title elementor-size-default\">Angebote<\/h1>\t\t\t\t<\/div>\n\t\t\t\t<\/div>\n\t\t\t\t<\/div>\n\t\t<div class=\"elementor-element elementor-element-d9bb46e e-flex e-con-boxed e-con e-parent\" data-id=\"d9bb46e\" data-element_type=\"container\" data-e-type=\"container\">\n\t\t\t\t\t<div class=\"e-con-inner\">\n\t\t\t\t<div class=\"elementor-element elementor-element-569793b elementor-widget elementor-widget-spacer\" data-id=\"569793b\" data-element_type=\"widget\" data-e-type=\"widget\" data-widget_type=\"spacer.default\">\n\t\t\t\t<div class=\"elementor-widget-container\">\n\t\t\t\t\t\t\t<div class=\"elementor-spacer\">\n\t\t\t<div class=\"elementor-spacer-inner\"><\/div>\n\t\t<\/div>\n\t\t\t\t\t\t<\/div>\n\t\t\t\t<\/div>\n\t\t\t\t\t<\/div>\n\t\t\t\t<\/div>\n\t\t<div class=\"elementor-element elementor-element-1719c46 e-flex e-con-boxed e-con e-parent\" data-id=\"1719c46\" data-element_type=\"container\" data-e-type=\"container\">\n\t\t\t\t\t<div class=\"e-con-inner\">\n\t\t\t\t<div class=\"elementor-element elementor-element-955e2e8 elementor-widget elementor-widget-heading\" data-id=\"955e2e8\" data-element_type=\"widget\" data-e-type=\"widget\" data-widget_type=\"heading.default\">\n\t\t\t\t<div class=\"elementor-widget-container\">\n\t\t\t\t\t<h2 class=\"elementor-heading-title elementor-size-default\">Einfach. Nat\u00fcrlich. Gut.<\/h2>\t\t\t\t<\/div>\n\t\t\t\t<\/div>\n\t\t\t\t\t<\/div>\n\t\t\t\t<\/div>\n\t\t<div class=\"elementor-element elementor-element-f548594 e-flex e-con-boxed e-con e-parent\" data-id=\"f548594\" data-element_type=\"container\" data-e-type=\"container\">\n\t\t\t\t\t<div class=\"e-con-inner\">\n\t\t\t\t<div class=\"elementor-element elementor-element-f6b176b elementor-widget elementor-widget-heading\" data-id=\"f6b176b\" data-element_type=\"widget\" data-e-type=\"widget\" data-widget_type=\"heading.default\">\n\t\t\t\t<div class=\"elementor-widget-container\">\n\t\t\t\t\t<h2 class=\"elementor-heading-title elementor-size-default\">Unsere Angebote<br>- f\u00fcr Jeden ist was dabei<\/h2>\t\t\t\t<\/div>\n\t\t\t\t<\/div>\n\t\t\t\t\t<\/div>\n\t\t\t\t<\/div>\n\t\t<div class=\"elementor-element elementor-element-b9c0910 e-flex e-con-boxed e-con e-parent\" data-id=\"b9c0910\" data-element_type=\"container\" data-e-type=\"container\">\n\t\t\t\t\t<div class=\"e-con-inner\">\n\t\t\t\t<div class=\"elementor-element elementor-element-8551885 elementor-widget elementor-widget-text-editor\" data-id=\"8551885\" data-element_type=\"widget\" data-e-type=\"widget\" data-widget_type=\"text-editor.default\">\n\t\t\t\t<div class=\"elementor-widget-container\">\n\t\t\t\t\t\t\t\t\t<p>Was gibt es Sch\u00f6neres als ein paar Tage auszuspannen und die Seele baumeln zu lassen? Und dann auch noch im wundersch\u00f6nen Hochschwarzwald&#8230;<\/p><p>Ob f\u00fcr\u00a0<strong>sportlich Aktive<\/strong>, f\u00fcr\u00a0<strong>Genie\u00dfer, Wellnessfans, Naturfreunde\u00a0<\/strong>oder\u00a0<strong>Romantiker\u00a0<\/strong>&#8211; weiter unten finden Sie f\u00fcr jeden Anlass das richtige Angebot. Alle Angebote k\u00f6nnen Sie entsprechend Ihrer gew\u00fcnschten Aufenthaltsdauer ausw\u00e4hlen und direkt und einfach online auf unserer Homepage buchen.<\/p><p><strong>Gut zu wissen:<\/strong><\/p><p>Unsere Angebote sind immer mit den h\u00f6chsten Discounts kalkuliert und enthalten kostenlose Zusatzleistungen.<\/p><p><strong>Hier sparen Sie im Vergleich zur normalen \u00dcbernachtung mit Fr\u00fchst\u00fcck-Rate bis zu 35%.<\/strong><\/p>\t\t\t\t\t\t\t\t<\/div>\n\t\t\t\t<\/div>\n\t\t\t\t<div class=\"elementor-element elementor-element-8258eca elementor-widget-mobile__width-initial elementor--h-position-center elementor--v-position-middle elementor-arrows-position-inside elementor-pagination-position-inside elementor-widget elementor-widget-slides\" data-id=\"8258eca\" data-element_type=\"widget\" data-e-type=\"widget\" data-settings=\"{&quot;transition&quot;:&quot;fade&quot;,&quot;autoplay_speed&quot;:3500,&quot;navigation&quot;:&quot;both&quot;,&quot;autoplay&quot;:&quot;yes&quot;,&quot;pause_on_hover&quot;:&quot;yes&quot;,&quot;pause_on_interaction&quot;:&quot;yes&quot;,&quot;infinite&quot;:&quot;yes&quot;,&quot;transition_speed&quot;:500}\" data-widget_type=\"slides.default\">\n\t\t\t\t<div class=\"elementor-widget-container\">\n\t\t\t\t\t\t\t\t\t<div class=\"elementor-swiper\">\n\t\t\t\t\t<div class=\"elementor-slides-wrapper elementor-main-swiper swiper\" role=\"region\" aria-roledescription=\"carousel\" aria-label=\"Slider\" dir=\"ltr\" data-animation=\"\">\n\t\t\t\t<div class=\"swiper-wrapper elementor-slides\">\n\t\t\t\t\t\t\t\t\t\t<div class=\"elementor-repeater-item-113ed55 swiper-slide\" role=\"group\" aria-roledescription=\"slide\"><div class=\"swiper-slide-bg\" role=\"img\" aria-label=\"10-scaled.webp\"><\/div><div class=\"elementor-background-overlay\"><\/div><a class=\"swiper-slide-inner\" href=\"\/angebote\/aktiv-im-suedschwarzwald\/\" target=\"_blank\"><div class=\"swiper-slide-contents\"><div class=\"elementor-slide-heading\">Aktiv im S\u00fcdschwarzwald<\/div><div class=\"elementor-slide-description\">\u00dcbernachtung<br>t\u00e4gliches Fr\u00fchst\u00fccksbuffet<br>t\u00e4gliches 4-Gang Verw\u00f6hnmen\u00fc<br>Begr\u00fc\u00dfungsbier in der Lobby<br>Mittagssnackbuffet \"s\u00fc\u00df & salzig\"<br>Benutzung der Wellnessanlage<\/div><div  class=\"elementor-button elementor-slide-button elementor-size-md\">ab 220 Euro pro Person<\/div><\/div><\/a><\/div><div class=\"elementor-repeater-item-8c981aa swiper-slide\" role=\"group\" aria-roledescription=\"slide\"><div class=\"swiper-slide-bg\" role=\"img\" aria-label=\"GENUSS-DER-SINNE-scaled.webp\"><\/div><div class=\"elementor-background-overlay\"><\/div><a class=\"swiper-slide-inner\" href=\"\/angebote\/genuss-der-sinne\/\" target=\"_blank\"><div class=\"swiper-slide-contents\"><div class=\"elementor-slide-heading\">Genuss der Sinne<\/div><div class=\"elementor-slide-description\">\u00dcbernachtung<br>t\u00e4gliches Fr\u00fchst\u00fccksbuffet<br>t\u00e4gliches 4-Gang Verw\u00f6hnmen\u00fc<br>am 2. Abend: 5-Gang Candle Light Dinner<br>Begr\u00fc\u00dfungssekt in der Lobby<br>Mittagssnackbuffet \"s\u00fc\u00df & salzig\"<br>Benutzung der Wellnessanlage<\/div><div  class=\"elementor-button elementor-slide-button elementor-size-md\">ab 229 Euro pro Person<\/div><\/div><\/a><\/div><div class=\"elementor-repeater-item-d9e5e25 swiper-slide\" role=\"group\" aria-roledescription=\"slide\"><div class=\"swiper-slide-bg\" role=\"img\" aria-label=\"RELAXTAGE-scaled.webp\"><\/div><div class=\"elementor-background-overlay\"><\/div><a class=\"swiper-slide-inner\" href=\"\/angebote\/relaxtage\/\" target=\"_blank\"><div class=\"swiper-slide-contents\"><div class=\"elementor-slide-heading\">Relaxtage<\/div><div class=\"elementor-slide-description\">\u00dcbernachtung<br>t\u00e4gliches Fr\u00fchst\u00fccksbuffet<br>t\u00e4gliches 4-Gang Verw\u00f6hnmen\u00fc<br>Begr\u00fc\u00dfungswein auf dem Zimmer<br>Mittagssnackbuffet \"s\u00fc\u00df & salzig\"<br>Benutzung der Wellnessanlage<\/div><div  class=\"elementor-button elementor-slide-button elementor-size-md\">ab 112 Euro pro Person<\/div><\/div><\/a><\/div><div class=\"elementor-repeater-item-3f71ea3 swiper-slide\" role=\"group\" aria-roledescription=\"slide\"><div class=\"swiper-slide-bg\" role=\"img\" aria-label=\"BRAUEREI.webp\"><\/div><div class=\"elementor-background-overlay\"><\/div><a class=\"swiper-slide-inner\" href=\"\/angebote\/schwarzwaldgenuss\/\" target=\"_blank\"><div class=\"swiper-slide-contents\"><div class=\"elementor-slide-heading\">Schwarzwaldgenuss<\/div><div class=\"elementor-slide-description\">\u00dcbernachtung<br>t\u00e4gliches Fr\u00fchst\u00fccksbuffet<br>t\u00e4gliches 4-Gang Verw\u00f6hnmen\u00fc<br>Mittagssnackbuffet \"s\u00fc\u00df & salzig\"<br>Benutzung der Wellnessanlage<br>Brauereif\u00fchrung in Rothaus<\/div><div  class=\"elementor-button elementor-slide-button elementor-size-md\">ab 231 Euro pro Person<\/div><\/div><\/a><\/div><div class=\"elementor-repeater-item-67daacf swiper-slide\" role=\"group\" aria-roledescription=\"slide\"><div class=\"swiper-slide-bg\" role=\"img\" aria-label=\"HAPPY-WELLNESS-DAY.webp\"><\/div><div class=\"elementor-background-overlay\"><\/div><a class=\"swiper-slide-inner\" href=\"\/angebote\/happy-wellness\" target=\"_blank\"><div class=\"swiper-slide-contents\"><div class=\"elementor-slide-heading\">Happy Wellness Special<\/div><div class=\"elementor-slide-description\">\u00dcbernachtung<br>t\u00e4gliches Fr\u00fchst\u00fccksbuffet<br>t\u00e4gliches 4-Gang Verw\u00f6hnmen\u00fc<br>Schlummertrunk<br>Mittagssnackbuffet \"s\u00fc\u00df & salzig\" auch am Abreisetag<br>Benutzung der Wellnessanlage bereits vor Check IN und nach Check Out<\/div><div  class=\"elementor-button elementor-slide-button elementor-size-md\">ab 129 Euro pro Person<\/div><\/div><\/a><\/div><div class=\"elementor-repeater-item-abcf505 swiper-slide\" role=\"group\" aria-roledescription=\"slide\"><div class=\"swiper-slide-bg\" role=\"img\" aria-label=\"RUHE-ERHOLUNG.webp\"><\/div><div class=\"elementor-background-overlay\"><\/div><a class=\"swiper-slide-inner\" href=\"\/angebote\/ruhe-erholung\/\" target=\"_blank\"><div class=\"swiper-slide-contents\"><div class=\"elementor-slide-heading\">Ruhe & Erholung<\/div><div class=\"elementor-slide-description\">\u00dcbernachtung<br>t\u00e4gliches Fr\u00fchst\u00fccksbuffet<br>t\u00e4gliches 4-Gang Verw\u00f6hnmen\u00fc<br>Bademantel & Slipper auf dem Zimmer<br>Mittagssnackbuffet \"s\u00fc\u00df & salzig\"<br>Benutzung der Wellnessanlage<\/div><div  class=\"elementor-button elementor-slide-button elementor-size-md\">ab 268 Euro pro Person<\/div><\/div><\/a><\/div><div class=\"elementor-repeater-item-f993c0b swiper-slide\" role=\"group\" aria-roledescription=\"slide\"><div class=\"swiper-slide-bg\" role=\"img\" aria-label=\"MAeDELSTAGE.webp\"><\/div><div class=\"elementor-background-overlay\"><\/div><a class=\"swiper-slide-inner\" href=\"\/angebote\/maedelstage\"><div class=\"swiper-slide-contents\"><div class=\"elementor-slide-heading\">M\u00e4delstage<\/div><div class=\"elementor-slide-description\">\u00dcbernachtung<br>t\u00e4gliches Fr\u00fchst\u00fccksbuffet<br>t\u00e4gliches 4-Gang Verw\u00f6hnmen\u00fc<br>Begr\u00fc\u00dfungssekt auf dem Zimmer<br>Bademantel & Slipper auf dem Zimmer <br> Mittagssnackbuffet \"s\u00fc\u00df & salzig\"<br>Benutzung der Wellnessanlage<\/div><div  class=\"elementor-button elementor-slide-button elementor-size-md\">ab 290 Euro pro Person<\/div><\/div><\/a><\/div><div class=\"elementor-repeater-item-6d08fa3 swiper-slide\" role=\"group\" aria-roledescription=\"slide\"><div class=\"swiper-slide-bg\" role=\"img\" aria-label=\"HAPPY-HOLIDAY.webp\"><\/div><div class=\"elementor-background-overlay\"><\/div><a class=\"swiper-slide-inner\" href=\"\/angebote\/happy-holiday\/\" target=\"_blank\"><div class=\"swiper-slide-contents\"><div class=\"elementor-slide-heading\">Happy Holiday<\/div><div class=\"elementor-slide-description\">\u00dcbernachtung<br>t\u00e4gliches Fr\u00fchst\u00fccksbuffet<br>t\u00e4gliches 3-Gang Verw\u00f6hnmen\u00fc<br>Mittagssnackbuffet \"s\u00fc\u00df & salzig\"<br>Benutzung der Wellnessanlage<\/div><div  class=\"elementor-button elementor-slide-button elementor-size-md\">ab 206 Euro pro Person<\/div><\/div><\/a><\/div><div class=\"elementor-repeater-item-5e1f83f swiper-slide\" role=\"group\" aria-roledescription=\"slide\"><div class=\"swiper-slide-bg\" role=\"img\" aria-label=\"WEIHNACHTSZAUBER.webp\"><\/div><div class=\"elementor-background-overlay\"><\/div><a class=\"swiper-slide-inner\" href=\"\/angebote\/weihnachten\/\" target=\"_blank\"><div class=\"swiper-slide-contents\"><div class=\"elementor-slide-heading\">Weihnachtszauber in Birkendorf<\/div><div class=\"elementor-slide-description\">\u00dcbernachtung<br>t\u00e4gliches Fr\u00fchst\u00fccksbuffet<br>t\u00e4gliches 4-Gang Verw\u00f6hnmen\u00fc <br>Mittagssnackbuffet \"s\u00fc\u00df & salzig\"<br>Benutzung der Wellnessanlage<\/div><div  class=\"elementor-button elementor-slide-button elementor-size-md\">ab 599 Euro pro Person<\/div><\/div><\/a><\/div><div class=\"elementor-repeater-item-8f0f9fd swiper-slide\" role=\"group\" aria-roledescription=\"slide\"><div class=\"swiper-slide-bg\" role=\"img\" aria-label=\"SILVESTERZAUBER.webp\"><\/div><div class=\"elementor-background-overlay\"><\/div><a class=\"swiper-slide-inner\" href=\"\/angebote\/silvester\/\" target=\"_blank\"><div class=\"swiper-slide-contents\"><div class=\"elementor-slide-heading\">Silvesterzauber in Birkendorf<\/div><div class=\"elementor-slide-description\">\u00dcbernachtung<br>t\u00e4gliches Fr\u00fchst\u00fccksbuffet<br>t\u00e4gliches 4-Gang Verw\u00f6hnmen\u00fc au\u00dfer an Silvester & Neujahr<br>Mittagssnackbuffet \"s\u00fc\u00df & salzig\"<br>Benutzung der Wellnessanlage<\/div><div  class=\"elementor-button elementor-slide-button elementor-size-md\">ab 789 Euro pro Person<\/div><\/div><\/a><\/div>\t\t\t\t<\/div>\n\t\t\t\t\t\t\t\t\t\t\t\t\t\t\t<div class=\"elementor-swiper-button elementor-swiper-button-prev\" role=\"button\" tabindex=\"0\" aria-label=\"Vorheriger Slide\">\n\t\t\t\t\t\t\t<svg aria-hidden=\"true\" class=\"e-font-icon-svg e-eicon-chevron-left\" viewBox=\"0 0 1000 1000\" xmlns=\"http:\/\/www.w3.org\/2000\/svg\"><path d=\"M646 125C629 125 613 133 604 142L308 442C296 454 292 471 292 487 292 504 296 521 308 533L604 854C617 867 629 875 646 875 663 875 679 871 692 858 704 846 713 829 713 812 713 796 708 779 692 767L438 487 692 225C700 217 708 204 708 187 708 171 704 154 692 142 675 129 663 125 646 125Z\"><\/path><\/svg>\t\t\t\t\t\t<\/div>\n\t\t\t\t\t\t<div class=\"elementor-swiper-button elementor-swiper-button-next\" role=\"button\" tabindex=\"0\" aria-label=\"N\u00e4chster Slide\">\n\t\t\t\t\t\t\t<svg aria-hidden=\"true\" class=\"e-font-icon-svg e-eicon-chevron-right\" viewBox=\"0 0 1000 1000\" xmlns=\"http:\/\/www.w3.org\/2000\/svg\"><path d=\"M696 533C708 521 713 504 713 487 713 471 708 454 696 446L400 146C388 133 375 125 354 125 338 125 325 129 313 142 300 154 292 171 292 187 292 204 296 221 308 233L563 492 304 771C292 783 288 800 288 817 288 833 296 850 308 863 321 871 338 875 354 875 371 875 388 867 400 854L696 533Z\"><\/path><\/svg>\t\t\t\t\t\t<\/div>\n\t\t\t\t\t\t\t\t\t\t\t\t\t\t\t\t<div class=\"swiper-pagination\"><\/div>\n\t\t\t\t\t\t\t\t\t\t\t\t<\/div>\n\t\t\t\t<\/div>\n\t\t\t\t\t\t\t\t<\/div>\n\t\t\t\t<\/div>\n\t\t\t\t\t<\/div>\n\t\t\t\t<\/div>\n\t\t<div class=\"elementor-element elementor-element-d790c4d e-flex e-con-boxed e-con e-parent\" data-id=\"d790c4d\" data-element_type=\"container\" data-e-type=\"container\">\n\t\t\t\t\t<div class=\"e-con-inner\">\n\t\t\t\t<div class=\"elementor-element elementor-element-620c562 elementor-widget elementor-widget-spacer\" data-id=\"620c562\" data-element_type=\"widget\" data-e-type=\"widget\" data-widget_type=\"spacer.default\">\n\t\t\t\t<div class=\"elementor-widget-container\">\n\t\t\t\t\t\t\t<div class=\"elementor-spacer\">\n\t\t\t<div class=\"elementor-spacer-inner\"><\/div>\n\t\t<\/div>\n\t\t\t\t\t\t<\/div>\n\t\t\t\t<\/div>\n\t\t\t\t\t<\/div>\n\t\t\t\t<\/div>\n\t\t<div class=\"elementor-element elementor-element-bc3dfdc e-flex e-con-boxed e-con e-parent\" data-id=\"bc3dfdc\" data-element_type=\"container\" data-e-type=\"container\">\n\t\t\t\t\t<div class=\"e-con-inner\">\n\t\t\t\t<div class=\"elementor-element elementor-element-9501fda elementor-widget elementor-widget-heading\" data-id=\"9501fda\" data-element_type=\"widget\" data-e-type=\"widget\" data-widget_type=\"heading.default\">\n\t\t\t\t<div class=\"elementor-widget-container\">\n\t\t\t\t\t<h2 class=\"elementor-heading-title elementor-size-default\">Angebote<\/h2>\t\t\t\t<\/div>\n\t\t\t\t<\/div>\n\t\t\t\t\t<\/div>\n\t\t\t\t<\/div>\n\t\t<div class=\"elementor-element elementor-element-4ee0ad0 e-flex e-con-boxed e-con e-parent\" data-id=\"4ee0ad0\" data-element_type=\"container\" data-e-type=\"container\">\n\t\t\t\t\t<div class=\"e-con-inner\">\n\t\t\t\t<div class=\"elementor-element elementor-element-a5a764b elementor-widget elementor-widget-spacer\" data-id=\"a5a764b\" data-element_type=\"widget\" data-e-type=\"widget\" data-widget_type=\"spacer.default\">\n\t\t\t\t<div class=\"elementor-widget-container\">\n\t\t\t\t\t\t\t<div class=\"elementor-spacer\">\n\t\t\t<div class=\"elementor-spacer-inner\"><\/div>\n\t\t<\/div>\n\t\t\t\t\t\t<\/div>\n\t\t\t\t<\/div>\n\t\t\t\t\t<\/div>\n\t\t\t\t<\/div>\n\t\t<div class=\"elementor-element elementor-element-84ff0a4 e-flex e-con-boxed e-con e-parent\" data-id=\"84ff0a4\" data-element_type=\"container\" data-e-type=\"container\">\n\t\t\t\t\t<div class=\"e-con-inner\">\n\t\t\t\t<div class=\"elementor-element elementor-element-e03670b elementor-widget elementor-widget-image\" data-id=\"e03670b\" data-element_type=\"widget\" data-e-type=\"widget\" data-widget_type=\"image.default\">\n\t\t\t\t<div class=\"elementor-widget-container\">\n\t\t\t\t\t\t\t\t\t\t\t\t\t\t\t<img fetchpriority=\"high\" decoding=\"async\" width=\"800\" height=\"377\" src=\"https:\/\/sonnenhof-sonnhalde.de\/wp-content\/uploads\/2024\/07\/Sonnenhof_Flyer-1024x483.webp\" class=\"attachment-large size-large wp-image-9977\" alt=\"\" srcset=\"https:\/\/sonnenhof-sonnhalde.de\/wp-content\/uploads\/2024\/07\/Sonnenhof_Flyer-1024x483.webp 1024w, https:\/\/sonnenhof-sonnhalde.de\/wp-content\/uploads\/2024\/07\/Sonnenhof_Flyer-300x142.webp 300w, https:\/\/sonnenhof-sonnhalde.de\/wp-content\/uploads\/2024\/07\/Sonnenhof_Flyer-768x362.webp 768w, https:\/\/sonnenhof-sonnhalde.de\/wp-content\/uploads\/2024\/07\/Sonnenhof_Flyer.webp 1462w\" sizes=\"(max-width: 800px) 100vw, 800px\" title=\"\">\t\t\t\t\t\t\t\t\t\t\t\t\t\t\t<\/div>\n\t\t\t\t<\/div>\n\t\t\t\t\t<\/div>\n\t\t\t\t<\/div>\n\t\t<div class=\"elementor-element elementor-element-dfa5d64 e-flex e-con-boxed e-con e-parent\" data-id=\"dfa5d64\" data-element_type=\"container\" data-e-type=\"container\">\n\t\t\t\t\t<div class=\"e-con-inner\">\n\t\t\t\t<div class=\"elementor-element elementor-element-71928fc elementor-widget elementor-widget-spacer\" data-id=\"71928fc\" data-element_type=\"widget\" data-e-type=\"widget\" data-widget_type=\"spacer.default\">\n\t\t\t\t<div class=\"elementor-widget-container\">\n\t\t\t\t\t\t\t<div class=\"elementor-spacer\">\n\t\t\t<div class=\"elementor-spacer-inner\"><\/div>\n\t\t<\/div>\n\t\t\t\t\t\t<\/div>\n\t\t\t\t<\/div>\n\t\t\t\t\t<\/div>\n\t\t\t\t<\/div>\n\t\t<div class=\"elementor-element elementor-element-01855c1 e-flex e-con-boxed e-con e-parent\" data-id=\"01855c1\" data-element_type=\"container\" data-e-type=\"container\">\n\t\t\t\t\t<div class=\"e-con-inner\">\n\t\t\t\t<div class=\"elementor-element elementor-element-dd6d2f7 elementor-widget elementor-widget-spacer\" data-id=\"dd6d2f7\" data-element_type=\"widget\" data-e-type=\"widget\" data-widget_type=\"spacer.default\">\n\t\t\t\t<div class=\"elementor-widget-container\">\n\t\t\t\t\t\t\t<div class=\"elementor-spacer\">\n\t\t\t<div class=\"elementor-spacer-inner\"><\/div>\n\t\t<\/div>\n\t\t\t\t\t\t<\/div>\n\t\t\t\t<\/div>\n\t\t\t\t\t<\/div>\n\t\t\t\t<\/div>\n\t\t\t\t<\/div>\n\t\t","protected":false},"excerpt":{"rendered":"<p>F\u00fcr Jeden ist was dabei Angebote Einfach. Nat\u00fcrlich. Gut. Unsere Angebote&#8211; f\u00fcr Jeden ist was dabei Was gibt es Sch\u00f6neres als ein paar Tage auszuspannen und die Seele baumeln zu lassen? Und dann auch noch im wundersch\u00f6nen Hochschwarzwald&#8230; Ob f\u00fcr\u00a0sportlich Aktive, f\u00fcr\u00a0Genie\u00dfer, Wellnessfans, Naturfreunde\u00a0oder\u00a0Romantiker\u00a0&#8211; weiter unten finden Sie f\u00fcr jeden Anlass das richtige Angebot. Alle [&hellip;]<\/p>\n","protected":false},"author":1,"featured_media":1827,"parent":0,"menu_order":0,"comment_status":"closed","ping_status":"closed","template":"","meta":{"footnotes":""},"class_list":["post-2328","page","type-page","status-publish","has-post-thumbnail","hentry"],"_links":{"self":[{"href":"https:\/\/sonnenhof-sonnhalde.de\/de_de\/wp-json\/wp\/v2\/pages\/2328","targetHints":{"allow":["GET"]}}],"collection":[{"href":"https:\/\/sonnenhof-sonnhalde.de\/de_de\/wp-json\/wp\/v2\/pages"}],"about":[{"href":"https:\/\/sonnenhof-sonnhalde.de\/de_de\/wp-json\/wp\/v2\/types\/page"}],"author":[{"embeddable":true,"href":"https:\/\/sonnenhof-sonnhalde.de\/de_de\/wp-json\/wp\/v2\/users\/1"}],"replies":[{"embeddable":true,"href":"https:\/\/sonnenhof-sonnhalde.de\/de_de\/wp-json\/wp\/v2\/comments?post=2328"}],"version-history":[{"count":4,"href":"https:\/\/sonnenhof-sonnhalde.de\/de_de\/wp-json\/wp\/v2\/pages\/2328\/revisions"}],"predecessor-version":[{"id":11334,"href":"https:\/\/sonnenhof-sonnhalde.de\/de_de\/wp-json\/wp\/v2\/pages\/2328\/revisions\/11334"}],"wp:featuredmedia":[{"embeddable":true,"href":"https:\/\/sonnenhof-sonnhalde.de\/de_de\/wp-json\/wp\/v2\/media\/1827"}],"wp:attachment":[{"href":"https:\/\/sonnenhof-sonnhalde.de\/de_de\/wp-json\/wp\/v2\/media?parent=2328"}],"curies":[{"name":"wp","href":"https:\/\/api.w.org\/{rel}","templated":true}]}}