{"id":3021,"date":"2023-07-14T04:09:48","date_gmt":"2023-07-14T02:09:48","guid":{"rendered":"https:\/\/wellnesshotel.sonnenhof-sonnhalde.de\/?page_id=3021"},"modified":"2024-11-05T16:01:20","modified_gmt":"2024-11-05T15:01:20","slug":"anfahrt","status":"publish","type":"page","link":"https:\/\/sonnenhof-sonnhalde.de\/de_de\/anfahrt\/","title":{"rendered":"Anfahrt"},"content":{"rendered":"\t\t<div data-elementor-type=\"wp-page\" data-elementor-id=\"3021\" class=\"elementor elementor-3021\" data-elementor-post-type=\"page\">\n\t\t\t\t<div class=\"elementor-element elementor-element-f1d9221 e-con-full e-flex e-con e-parent\" data-id=\"f1d9221\" data-element_type=\"container\" data-e-type=\"container\" data-settings=\"{&quot;background_background&quot;:&quot;video&quot;,&quot;background_video_start&quot;:2,&quot;background_video_end&quot;:15}\">\n\t\t\t\t<div class=\"elementor-element elementor-element-005f8b0 elementor-widget elementor-widget-spacer\" data-id=\"005f8b0\" data-element_type=\"widget\" data-e-type=\"widget\" data-widget_type=\"spacer.default\">\n\t\t\t\t<div class=\"elementor-widget-container\">\n\t\t\t\t\t\t\t<div class=\"elementor-spacer\">\n\t\t\t<div class=\"elementor-spacer-inner\"><\/div>\n\t\t<\/div>\n\t\t\t\t\t\t<\/div>\n\t\t\t\t<\/div>\n\t\t\t\t<div class=\"elementor-element elementor-element-c66d40f elementor-widget elementor-widget-image\" data-id=\"c66d40f\" data-element_type=\"widget\" data-e-type=\"widget\" data-widget_type=\"image.default\">\n\t\t\t\t<div class=\"elementor-widget-container\">\n\t\t\t\t\t\t\t\t\t\t\t\t\t\t\t<img decoding=\"async\" src=\"https:\/\/sonnenhof-sonnhalde.de\/wp-content\/uploads\/elementor\/thumbs\/Sonnenhof_Logo_nur_Sonne_ohne_weissen_Hintergrund-qqqkytivrflqdy2nwtqz02hb4z7sdu35cmzhfsbecg.webp\" title=\"Sonnenhof_Logo_nur_Sonne_ohne_weissen_Hintergrund.webp\" alt=\"Sonnenhof_Logo_nur_Sonne_ohne_weissen_Hintergrund.webp\" loading=\"lazy\" \/>\t\t\t\t\t\t\t\t\t\t\t\t\t\t\t<\/div>\n\t\t\t\t<\/div>\n\t\t\t\t<div class=\"elementor-element elementor-element-cfcfa5f elementor-widget elementor-widget-spacer\" data-id=\"cfcfa5f\" data-element_type=\"widget\" data-e-type=\"widget\" data-widget_type=\"spacer.default\">\n\t\t\t\t<div class=\"elementor-widget-container\">\n\t\t\t\t\t\t\t<div class=\"elementor-spacer\">\n\t\t\t<div class=\"elementor-spacer-inner\"><\/div>\n\t\t<\/div>\n\t\t\t\t\t\t<\/div>\n\t\t\t\t<\/div>\n\t\t\t\t<div class=\"elementor-element elementor-element-7fb8ecd elementor-widget-mobile__width-initial elementor-widget__width-initial elementor-widget elementor-widget-heading\" data-id=\"7fb8ecd\" data-element_type=\"widget\" data-e-type=\"widget\" data-widget_type=\"heading.default\">\n\t\t\t\t<div class=\"elementor-widget-container\">\n\t\t\t\t\t<h2 class=\"elementor-heading-title elementor-size-default\">Auf in den Hochschwarzwald<\/h2>\t\t\t\t<\/div>\n\t\t\t\t<\/div>\n\t\t\t\t<div class=\"elementor-element elementor-element-8c99457 elementor-widget elementor-widget-heading\" data-id=\"8c99457\" data-element_type=\"widget\" data-e-type=\"widget\" data-widget_type=\"heading.default\">\n\t\t\t\t<div class=\"elementor-widget-container\">\n\t\t\t\t\t<h1 class=\"elementor-heading-title elementor-size-default\">Anfahrt<\/h1>\t\t\t\t<\/div>\n\t\t\t\t<\/div>\n\t\t\t\t<\/div>\n\t\t<div class=\"elementor-element elementor-element-46123d1 e-flex e-con-boxed e-con e-parent\" data-id=\"46123d1\" data-element_type=\"container\" data-e-type=\"container\">\n\t\t\t\t\t<div class=\"e-con-inner\">\n\t\t\t\t<div class=\"elementor-element elementor-element-e443abc elementor-widget elementor-widget-spacer\" data-id=\"e443abc\" data-element_type=\"widget\" data-e-type=\"widget\" data-widget_type=\"spacer.default\">\n\t\t\t\t<div class=\"elementor-widget-container\">\n\t\t\t\t\t\t\t<div class=\"elementor-spacer\">\n\t\t\t<div class=\"elementor-spacer-inner\"><\/div>\n\t\t<\/div>\n\t\t\t\t\t\t<\/div>\n\t\t\t\t<\/div>\n\t\t\t\t\t<\/div>\n\t\t\t\t<\/div>\n\t\t<div class=\"elementor-element elementor-element-9171f93 e-flex e-con-boxed e-con e-parent\" data-id=\"9171f93\" data-element_type=\"container\" data-e-type=\"container\">\n\t\t\t\t\t<div class=\"e-con-inner\">\n\t\t\t\t<div class=\"elementor-element elementor-element-8e6576c elementor-cta--layout-image-right elementor-cta--valign-middle animated-fast elementor-widget-mobile__width-initial elementor-cta--skin-classic elementor-animated-content elementor-widget elementor-widget-call-to-action\" data-id=\"8e6576c\" data-element_type=\"widget\" data-e-type=\"widget\" data-settings=\"{&quot;_animation&quot;:&quot;none&quot;,&quot;_animation_delay&quot;:750}\" data-widget_type=\"call-to-action.default\">\n\t\t\t\t<div class=\"elementor-widget-container\">\n\t\t\t\t\t\t\t<div class=\"elementor-cta\">\n\t\t\t\t\t\t\t<div class=\"elementor-cta__content\">\n\t\t\t\t\t\t\t\t\t<div class=\"elementor-content-item elementor-cta__content-item elementor-cta__image\">\n\t\t\t\t\t\t<img decoding=\"async\" width=\"150\" height=\"150\" src=\"https:\/\/sonnenhof-sonnhalde.de\/wp-content\/uploads\/2024\/07\/Sonnenhof_Logo_nur_Sonne_ohne_weissen_Hintergrund-150x150.webp\" class=\"attachment-thumbnail size-thumbnail wp-image-7436\" alt=\"\" srcset=\"https:\/\/sonnenhof-sonnhalde.de\/wp-content\/uploads\/2024\/07\/Sonnenhof_Logo_nur_Sonne_ohne_weissen_Hintergrund-150x150.webp 150w, https:\/\/sonnenhof-sonnhalde.de\/wp-content\/uploads\/2024\/07\/Sonnenhof_Logo_nur_Sonne_ohne_weissen_Hintergrund-300x300.webp 300w, https:\/\/sonnenhof-sonnhalde.de\/wp-content\/uploads\/2024\/07\/elementor\/thumbs\/Sonnenhof_Logo_nur_Sonne_ohne_weissen_Hintergrund-qqqkytivrflqdy2nwtqz02hb4z7sdu35cmzhfsbecg.webp 240w, https:\/\/sonnenhof-sonnhalde.de\/wp-content\/uploads\/2024\/07\/Sonnenhof_Logo_nur_Sonne_ohne_weissen_Hintergrund.webp 348w\" sizes=\"(max-width: 150px) 100vw, 150px\" title=\"\">\t\t\t\t\t<\/div>\n\t\t\t\t\n\t\t\t\t\t\t\t\t\t<h2 class=\"elementor-cta__title elementor-cta__content-item elementor-content-item\">\n\t\t\t\t\t\tSie planen einen Aufenthalt in unserem Hotel?\t\t\t\t\t<\/h2>\n\t\t\t\t\n\t\t\t\t\t\t\t\t\t<div class=\"elementor-cta__description elementor-cta__content-item elementor-content-item\">\n\t\t\t\t\t\tHier online buchen und bis zu 35 % sparen!\t\t\t\t\t<\/div>\n\t\t\t\t\n\t\t\t\t\t\t\t\t\t<div class=\"elementor-cta__button-wrapper elementor-cta__content-item elementor-content-item \">\n\t\t\t\t\t<a class=\"elementor-cta__button elementor-button elementor-size-\" href=\"https:\/\/reservations.hotel-spider.com\/01G57de3b1de7690\/\" target=\"_blank\" rel=\"nofollow noopener\">\n\t\t\t\t\t\tVerf\u00fcgbarkeit pr\u00fcfen\t\t\t\t\t<\/a>\n\t\t\t\t\t<\/div>\n\t\t\t\t\t\t\t<\/div>\n\t\t\t\t\t\t<\/div>\n\t\t\t\t\t\t<\/div>\n\t\t\t\t<\/div>\n\t\t\t\t\t<\/div>\n\t\t\t\t<\/div>\n\t\t<div class=\"elementor-element elementor-element-cb30f9a e-flex e-con-boxed e-con e-parent\" data-id=\"cb30f9a\" data-element_type=\"container\" data-e-type=\"container\">\n\t\t\t\t\t<div class=\"e-con-inner\">\n\t\t\t\t<div class=\"elementor-element elementor-element-b187cd1 elementor-widget elementor-widget-spacer\" data-id=\"b187cd1\" data-element_type=\"widget\" data-e-type=\"widget\" data-widget_type=\"spacer.default\">\n\t\t\t\t<div class=\"elementor-widget-container\">\n\t\t\t\t\t\t\t<div class=\"elementor-spacer\">\n\t\t\t<div class=\"elementor-spacer-inner\"><\/div>\n\t\t<\/div>\n\t\t\t\t\t\t<\/div>\n\t\t\t\t<\/div>\n\t\t\t\t\t<\/div>\n\t\t\t\t<\/div>\n\t\t<div class=\"elementor-element elementor-element-6ae4179 e-flex e-con-boxed e-con e-parent\" data-id=\"6ae4179\" data-element_type=\"container\" data-e-type=\"container\">\n\t\t\t\t\t<div class=\"e-con-inner\">\n\t\t\t\t<div class=\"elementor-element elementor-element-e06687c elementor-widget elementor-widget-heading\" data-id=\"e06687c\" data-element_type=\"widget\" data-e-type=\"widget\" data-widget_type=\"heading.default\">\n\t\t\t\t<div class=\"elementor-widget-container\">\n\t\t\t\t\t<h2 class=\"elementor-heading-title elementor-size-default\">Ihre Anreise <br>\nmit dem Auto, der Bahn, dem Flugzeug<\/h2>\t\t\t\t<\/div>\n\t\t\t\t<\/div>\n\t\t\t\t\t<\/div>\n\t\t\t\t<\/div>\n\t\t<div class=\"elementor-element elementor-element-152db44 e-flex e-con-boxed e-con e-parent\" data-id=\"152db44\" data-element_type=\"container\" data-e-type=\"container\">\n\t\t\t\t\t<div class=\"e-con-inner\">\n\t\t\t\t<div class=\"elementor-element elementor-element-19aad59 elementor-widget elementor-widget-google_maps\" data-id=\"19aad59\" data-element_type=\"widget\" data-e-type=\"widget\" data-widget_type=\"google_maps.default\">\n\t\t\t\t<div class=\"elementor-widget-container\">\n\t\t\t\t\t\t\t<div class=\"elementor-custom-embed\">\n\t\t\t<iframe loading=\"lazy\"\n\t\t\t\t\tsrc=\"https:\/\/www.google.com\/maps\/embed\/v1\/place?key=AIzaSyDrAqeoN06N2KKPXtg7GkF-QCGNzEfrG6c&#038;q=wellnesshotel%20Sonnenhof%20%26%20Sonnhalde&#038;zoom=16\"\n\t\t\t\t\ttitle=\"wellnesshotel Sonnenhof &amp; Sonnhalde\"\n\t\t\t\t\taria-label=\"wellnesshotel Sonnenhof &amp; Sonnhalde\"\n\t\t\t><\/iframe>\n\t\t<\/div>\n\t\t\t\t\t\t<\/div>\n\t\t\t\t<\/div>\n\t\t\t\t\t<\/div>\n\t\t\t\t<\/div>\n\t\t<div class=\"elementor-element elementor-element-1217085 e-flex e-con-boxed e-con e-parent\" data-id=\"1217085\" data-element_type=\"container\" data-e-type=\"container\">\n\t\t\t\t\t<div class=\"e-con-inner\">\n\t\t\t\t<div class=\"elementor-element elementor-element-1f4330a elementor-widget elementor-widget-spacer\" data-id=\"1f4330a\" data-element_type=\"widget\" data-e-type=\"widget\" data-widget_type=\"spacer.default\">\n\t\t\t\t<div class=\"elementor-widget-container\">\n\t\t\t\t\t\t\t<div class=\"elementor-spacer\">\n\t\t\t<div class=\"elementor-spacer-inner\"><\/div>\n\t\t<\/div>\n\t\t\t\t\t\t<\/div>\n\t\t\t\t<\/div>\n\t\t\t\t\t<\/div>\n\t\t\t\t<\/div>\n\t\t<div class=\"elementor-element elementor-element-60d6aa5 e-flex e-con-boxed e-con e-parent\" data-id=\"60d6aa5\" data-element_type=\"container\" data-e-type=\"container\">\n\t\t\t\t\t<div class=\"e-con-inner\">\n\t\t\t\t<div class=\"elementor-element elementor-element-6342b21 elementor-widget elementor-widget-text-editor\" data-id=\"6342b21\" data-element_type=\"widget\" data-e-type=\"widget\" data-widget_type=\"text-editor.default\">\n\t\t\t\t<div class=\"elementor-widget-container\">\n\t\t\t\t\t\t\t\t\t<h2><span style=\"color: #be9f56;\">Mit dem Auto:<\/span><\/h2><p><span style=\"color: #666666;\"><strong><span style=\"color: #be9f56;\">\u261b <\/span>A5 Autobahn Frankfurt-Basel:<\/strong>\u00a0Abfahrt Freiburg \u00fcber die B31 bis Titisee. Weiter \u00fcber B\u00e4rental, Schluchsee, Seebrugg, Rothaus nach \u00dchlingen-BIRKENDORF.<\/span><\/p><p><span style=\"color: #666666;\"><strong><span style=\"color: #be9f56;\">\u261b <\/span>A 81 Autobahn Stuttgart-Singen:<\/strong>\u00a0Abfahrt Donaueschingen, B27 bis Abfahrt Hausen, Bonndorf, weiter \u00fcber Rothaus nach \u00dchlingen-<strong>BIRKENDORF<\/strong>.<\/span><\/p><p><span style=\"color: #666666;\"><strong><span style=\"color: #be9f56;\">\u261b <\/span>\u00dcber die Schweiz A3 Autobahn Basel \u2013 Baden:\u00a0<\/strong>Abfahrt Richtung Transit 5 oder 7 \u2013 Grenz\u00fcbertritt Koblenz-Waldshut,\u00a0<strong>weiter<\/strong>\u00a0\u00fcber die B34 Richtung Bad S\u00e4ckingen \u2013 Auffahrt B500 Richtung H\u00e4usern, dort im Kreisverkehr Richtung Schluchsee, Grafenhausen. Rothaus, \u00dchlingen -BIRKENDORF\u00a0<em><strong>oder\u00a0<\/strong><\/em><strong>weiter<\/strong><strong>\u00a0<\/strong>\u00fcber die B34 Richtung Tiengen \u2013 Schaffhausen, Abfahrt Grafenhausen, weiter Richtung Rothaus, \u00dchlingen-<strong>BIRKENDORF<\/strong><\/span><\/p><p><span style=\"color: #666666;\"><strong><span style=\"color: #be9f56;\">\u261b<\/span>Aktuelle Stra\u00dfensperrungen: Vollsperrung Schl\u00fcchttal L157<\/strong><\/span><br \/><span style=\"color: #666666;\">Bedingt durch einen Felsabgang zwischen Witznauer S\u00e4ge und Riedersteg muss das Schl\u00fcchttal momentan auf unbestimmte Zeit gesperrt bleiben. \u00d6rtliche Umleitung ist ausgeschildert \u2013 etwa 10 Minuten l\u00e4ngere Anfahrt!<\/span><\/p><h3><span style=\"color: #be9f56;\">GPS-Koordinaten f\u00fcr Schwarzwaldstra\u00dfe 9:<\/span><\/h3><p><span style=\"color: #666666;\"><span style=\"color: #be9f56;\">\u261b <\/span>Nord\u00a0 47\u00b0 45\u2032 06.57; Ost\u00a08\u00b0 18\u2032 29.12<\/span><\/p><h3><span style=\"color: #be9f56;\">GPS-Koordinaten f\u00fcr Hohlgasse 3:<\/span><\/h3><p><span style=\"color: #666666;\"><span style=\"color: #be9f56;\">\u261b <\/span>Nord\u00a047\u00b0 45\u2032 03.78; Ost\u00a08\u00b0 18\u2032 26.85<\/span><\/p><h2><span style=\"color: #be9f56;\">Mit den \u00f6ffentlichen Verkehrsmitteln:<\/span><\/h2><p><span style=\"color: #666666;\">Vom\u00a0<strong>Bahnhof Seebrugg<\/strong>\u00a0oder<strong>\u00a0Bahnhof Waldshut<\/strong>-Tiengen bis\u00a0<strong><em>Bushaltestelle Birkendorf Au\u00dfendorf<\/em><\/strong>. Ihren pers\u00f6nlichen Fahrplan k\u00f6nnen Sie sich\u00a0<a style=\"color: #666666;\" title=\"Ihr pers\u00f6nlicher Fahrplan\" href=\"http:\/\/www.efa-bw.de\/nvbw\/XSLT_TRIP_REQUEST2?language=de\" target=\"_blank\" rel=\"noopener noreferrer nofollow\">hier<\/a>\u00a0erstellen.<\/span><\/p><h3><span style=\"color: #be9f56;\">Mit dem Flugzeug:<\/span><\/h3><p><span style=\"color: #666666;\"><span style=\"color: #be9f56;\">\u261b <\/span>Vom\u00a0<strong>Flughafen Z\u00fcrich \u2013 Kloten<\/strong>\u00a0(ZRH) ist es eine gute Stunde Autofahrt zum Hotel Sonnenhof &amp; Sonnhalde. Am Flughafen haben Sie die M\u00f6glichkeit einen Mietwagen zu mieten. Wir empfehlen dies bereits vor Ihrer Anreise zu tun.<\/span><\/p><p><span style=\"color: #666666;\"><span style=\"color: #be9f56;\">\u261b <\/span>Vom\u00a0<strong>Flughafen Basel EuroAirport,<\/strong>\u00a0(<span class=\"_Xbe kno-fv\">BSL, EAP, MLH<\/span>) sind es 1 h 45 Minuten Autofahrt zum Hotel Sonnenhof &amp; Sonnhalde. Am Flughafen haben Sie die M\u00f6glichkeit einen Mietwagen zu mieten. Wir empfehlen dies bereits vor Ihrer Anreise zu tun.<\/span><\/p><p><span style=\"color: #666666;\"><span style=\"color: #be9f56;\">\u261b <\/span>Vom\u00a0<strong>Flughafen Stuttgart,<\/strong>\u00a0(<span class=\"_Xbe kno-fv\">STR<\/span>) sind es 2 h 15 Minuten Autofahrt zum Hotel Sonnenhof &amp; Sonnhalde. Am Flughafen haben Sie die M\u00f6glichkeit einen Mietwagen zu mieten. Wir empfehlen dies bereits vor Ihrer Anreise zu tun.<\/span><\/p>\t\t\t\t\t\t\t\t<\/div>\n\t\t\t\t<\/div>\n\t\t\t\t\t<\/div>\n\t\t\t\t<\/div>\n\t\t<div class=\"elementor-element elementor-element-59ebea6 e-flex e-con-boxed e-con e-parent\" data-id=\"59ebea6\" data-element_type=\"container\" data-e-type=\"container\">\n\t\t\t\t\t<div class=\"e-con-inner\">\n\t\t\t\t<div class=\"elementor-element elementor-element-b9c931f elementor-widget elementor-widget-spacer\" data-id=\"b9c931f\" data-element_type=\"widget\" data-e-type=\"widget\" data-widget_type=\"spacer.default\">\n\t\t\t\t<div class=\"elementor-widget-container\">\n\t\t\t\t\t\t\t<div class=\"elementor-spacer\">\n\t\t\t<div class=\"elementor-spacer-inner\"><\/div>\n\t\t<\/div>\n\t\t\t\t\t\t<\/div>\n\t\t\t\t<\/div>\n\t\t\t\t\t<\/div>\n\t\t\t\t<\/div>\n\t\t\t\t<\/div>\n\t\t","protected":false},"excerpt":{"rendered":"<p>Auf in den Hochschwarzwald Anfahrt Sie planen einen Aufenthalt in unserem Hotel? Hier online buchen und bis zu 35 % sparen! Verf\u00fcgbarkeit pr\u00fcfen Ihre Anreise mit dem Auto, der Bahn, dem Flugzeug Mit dem Auto: \u261b A5 Autobahn Frankfurt-Basel:\u00a0Abfahrt Freiburg \u00fcber die B31 bis Titisee. Weiter \u00fcber B\u00e4rental, Schluchsee, Seebrugg, Rothaus nach \u00dchlingen-BIRKENDORF. \u261b A [&hellip;]<\/p>\n","protected":false},"author":1,"featured_media":0,"parent":0,"menu_order":0,"comment_status":"closed","ping_status":"closed","template":"","meta":{"footnotes":""},"class_list":["post-3021","page","type-page","status-publish","hentry"],"_links":{"self":[{"href":"https:\/\/sonnenhof-sonnhalde.de\/de_de\/wp-json\/wp\/v2\/pages\/3021","targetHints":{"allow":["GET"]}}],"collection":[{"href":"https:\/\/sonnenhof-sonnhalde.de\/de_de\/wp-json\/wp\/v2\/pages"}],"about":[{"href":"https:\/\/sonnenhof-sonnhalde.de\/de_de\/wp-json\/wp\/v2\/types\/page"}],"author":[{"embeddable":true,"href":"https:\/\/sonnenhof-sonnhalde.de\/de_de\/wp-json\/wp\/v2\/users\/1"}],"replies":[{"embeddable":true,"href":"https:\/\/sonnenhof-sonnhalde.de\/de_de\/wp-json\/wp\/v2\/comments?post=3021"}],"version-history":[{"count":7,"href":"https:\/\/sonnenhof-sonnhalde.de\/de_de\/wp-json\/wp\/v2\/pages\/3021\/revisions"}],"predecessor-version":[{"id":10792,"href":"https:\/\/sonnenhof-sonnhalde.de\/de_de\/wp-json\/wp\/v2\/pages\/3021\/revisions\/10792"}],"wp:attachment":[{"href":"https:\/\/sonnenhof-sonnhalde.de\/de_de\/wp-json\/wp\/v2\/media?parent=3021"}],"curies":[{"name":"wp","href":"https:\/\/api.w.org\/{rel}","templated":true}]}}