{"id":3046,"date":"2023-07-14T04:51:21","date_gmt":"2023-07-14T02:51:21","guid":{"rendered":"https:\/\/wellnesshotel.sonnenhof-sonnhalde.de\/?page_id=3046"},"modified":"2024-08-09T21:18:51","modified_gmt":"2024-08-09T19:18:51","slug":"aktiv","status":"publish","type":"page","link":"https:\/\/sonnenhof-sonnhalde.de\/de_de\/aktiv\/","title":{"rendered":"Ausflugsziele"},"content":{"rendered":"\t\t<div data-elementor-type=\"wp-page\" data-elementor-id=\"3046\" class=\"elementor elementor-3046\" data-elementor-post-type=\"page\">\n\t\t\t\t<div class=\"elementor-element elementor-element-b8098a8 e-flex e-con-boxed e-con e-parent\" data-id=\"b8098a8\" data-element_type=\"container\" data-e-type=\"container\" data-settings=\"{&quot;background_background&quot;:&quot;video&quot;,&quot;background_video_start&quot;:2,&quot;background_video_end&quot;:15}\">\n\t\t\t\t\t<div class=\"e-con-inner\">\n\t\t\t\t<div class=\"elementor-element elementor-element-d89a6da elementor-widget elementor-widget-spacer\" data-id=\"d89a6da\" data-element_type=\"widget\" data-e-type=\"widget\" data-widget_type=\"spacer.default\">\n\t\t\t\t<div class=\"elementor-widget-container\">\n\t\t\t\t\t\t\t<div class=\"elementor-spacer\">\n\t\t\t<div class=\"elementor-spacer-inner\"><\/div>\n\t\t<\/div>\n\t\t\t\t\t\t<\/div>\n\t\t\t\t<\/div>\n\t\t\t\t<div class=\"elementor-element elementor-element-928c401 elementor-widget elementor-widget-image\" data-id=\"928c401\" data-element_type=\"widget\" data-e-type=\"widget\" data-widget_type=\"image.default\">\n\t\t\t\t<div class=\"elementor-widget-container\">\n\t\t\t\t\t\t\t\t\t\t\t\t\t\t\t<img decoding=\"async\" src=\"https:\/\/sonnenhof-sonnhalde.de\/wp-content\/uploads\/elementor\/thumbs\/Sonnenhof_Logo_nur_Sonne_ohne_weissen_Hintergrund-qqqkytivrflqdy2nwtqz02hb4z7sdu35cmzhfsbecg.webp\" title=\"Sonnenhof_Logo_nur_Sonne_ohne_weissen_Hintergrund.webp\" alt=\"Sonnenhof_Logo_nur_Sonne_ohne_weissen_Hintergrund.webp\" loading=\"lazy\" \/>\t\t\t\t\t\t\t\t\t\t\t\t\t\t\t<\/div>\n\t\t\t\t<\/div>\n\t\t\t\t<div class=\"elementor-element elementor-element-eca52d8 elementor-widget elementor-widget-spacer\" data-id=\"eca52d8\" data-element_type=\"widget\" data-e-type=\"widget\" data-widget_type=\"spacer.default\">\n\t\t\t\t<div class=\"elementor-widget-container\">\n\t\t\t\t\t\t\t<div class=\"elementor-spacer\">\n\t\t\t<div class=\"elementor-spacer-inner\"><\/div>\n\t\t<\/div>\n\t\t\t\t\t\t<\/div>\n\t\t\t\t<\/div>\n\t\t\t\t<div class=\"elementor-element elementor-element-7135c33 elementor-widget-mobile__width-initial elementor-widget__width-initial elementor-widget elementor-widget-heading\" data-id=\"7135c33\" data-element_type=\"widget\" data-e-type=\"widget\" data-widget_type=\"heading.default\">\n\t\t\t\t<div class=\"elementor-widget-container\">\n\t\t\t\t\t<h2 class=\"elementor-heading-title elementor-size-default\">Die Top-Ausflugsziele im Hochschwarzwald<\/h2>\t\t\t\t<\/div>\n\t\t\t\t<\/div>\n\t\t\t\t<div class=\"elementor-element elementor-element-1f47ee7 elementor-widget elementor-widget-heading\" data-id=\"1f47ee7\" data-element_type=\"widget\" data-e-type=\"widget\" data-widget_type=\"heading.default\">\n\t\t\t\t<div class=\"elementor-widget-container\">\n\t\t\t\t\t<h1 class=\"elementor-heading-title elementor-size-default\">Ausflugsziele<\/h1>\t\t\t\t<\/div>\n\t\t\t\t<\/div>\n\t\t\t\t\t<\/div>\n\t\t\t\t<\/div>\n\t\t<div class=\"elementor-element elementor-element-9edec8b e-flex e-con-boxed e-con e-parent\" data-id=\"9edec8b\" data-element_type=\"container\" data-e-type=\"container\">\n\t\t\t\t\t<div class=\"e-con-inner\">\n\t\t\t\t<div class=\"elementor-element elementor-element-70c5609 elementor-widget elementor-widget-spacer\" data-id=\"70c5609\" data-element_type=\"widget\" data-e-type=\"widget\" data-widget_type=\"spacer.default\">\n\t\t\t\t<div class=\"elementor-widget-container\">\n\t\t\t\t\t\t\t<div class=\"elementor-spacer\">\n\t\t\t<div class=\"elementor-spacer-inner\"><\/div>\n\t\t<\/div>\n\t\t\t\t\t\t<\/div>\n\t\t\t\t<\/div>\n\t\t\t\t\t<\/div>\n\t\t\t\t<\/div>\n\t\t<div class=\"elementor-element elementor-element-d6fb587 e-flex e-con-boxed e-con e-parent\" data-id=\"d6fb587\" data-element_type=\"container\" data-e-type=\"container\">\n\t\t\t\t\t<div class=\"e-con-inner\">\n\t\t\t\t<div class=\"elementor-element elementor-element-ab0fe9c elementor-cta--layout-image-right elementor-cta--valign-middle animated-fast elementor-widget-mobile__width-initial elementor-cta--skin-classic elementor-animated-content elementor-widget elementor-widget-call-to-action\" data-id=\"ab0fe9c\" data-element_type=\"widget\" data-e-type=\"widget\" data-settings=\"{&quot;_animation&quot;:&quot;none&quot;,&quot;_animation_delay&quot;:750}\" data-widget_type=\"call-to-action.default\">\n\t\t\t\t<div class=\"elementor-widget-container\">\n\t\t\t\t\t\t\t<div class=\"elementor-cta\">\n\t\t\t\t\t\t\t<div class=\"elementor-cta__content\">\n\t\t\t\t\t\t\t\t\t<div class=\"elementor-content-item elementor-cta__content-item elementor-cta__image\">\n\t\t\t\t\t\t<img decoding=\"async\" width=\"150\" height=\"150\" src=\"https:\/\/sonnenhof-sonnhalde.de\/wp-content\/uploads\/2024\/07\/Sonnenhof_Logo_nur_Sonne_ohne_weissen_Hintergrund-150x150.webp\" class=\"attachment-thumbnail size-thumbnail wp-image-7436\" alt=\"\" srcset=\"https:\/\/sonnenhof-sonnhalde.de\/wp-content\/uploads\/2024\/07\/Sonnenhof_Logo_nur_Sonne_ohne_weissen_Hintergrund-150x150.webp 150w, https:\/\/sonnenhof-sonnhalde.de\/wp-content\/uploads\/2024\/07\/Sonnenhof_Logo_nur_Sonne_ohne_weissen_Hintergrund-300x300.webp 300w, https:\/\/sonnenhof-sonnhalde.de\/wp-content\/uploads\/2024\/07\/elementor\/thumbs\/Sonnenhof_Logo_nur_Sonne_ohne_weissen_Hintergrund-qqqkytivrflqdy2nwtqz02hb4z7sdu35cmzhfsbecg.webp 240w, https:\/\/sonnenhof-sonnhalde.de\/wp-content\/uploads\/2024\/07\/Sonnenhof_Logo_nur_Sonne_ohne_weissen_Hintergrund.webp 348w\" sizes=\"(max-width: 150px) 100vw, 150px\" title=\"\">\t\t\t\t\t<\/div>\n\t\t\t\t\n\t\t\t\t\t\t\t\t\t<h2 class=\"elementor-cta__title elementor-cta__content-item elementor-content-item\">\n\t\t\t\t\t\tSie planen einen Aufenthalt in unserem Hotel?\t\t\t\t\t<\/h2>\n\t\t\t\t\n\t\t\t\t\t\t\t\t\t<div class=\"elementor-cta__description elementor-cta__content-item elementor-content-item\">\n\t\t\t\t\t\tHier online buchen und bis zu 35 % sparen!\t\t\t\t\t<\/div>\n\t\t\t\t\n\t\t\t\t\t\t\t\t\t<div class=\"elementor-cta__button-wrapper elementor-cta__content-item elementor-content-item \">\n\t\t\t\t\t<a class=\"elementor-cta__button elementor-button elementor-size-\" href=\"https:\/\/reservations.hotel-spider.com\/01G57de3b1de7690\/\" target=\"_blank\" rel=\"nofollow noopener\">\n\t\t\t\t\t\tVerf\u00fcgbarkeit pr\u00fcfen\t\t\t\t\t<\/a>\n\t\t\t\t\t<\/div>\n\t\t\t\t\t\t\t<\/div>\n\t\t\t\t\t\t<\/div>\n\t\t\t\t\t\t<\/div>\n\t\t\t\t<\/div>\n\t\t\t\t\t<\/div>\n\t\t\t\t<\/div>\n\t\t<div class=\"elementor-element elementor-element-a7b88ab e-flex e-con-boxed e-con e-parent\" data-id=\"a7b88ab\" data-element_type=\"container\" data-e-type=\"container\">\n\t\t\t\t\t<div class=\"e-con-inner\">\n\t\t\t\t<div class=\"elementor-element elementor-element-c5265d3 elementor-widget elementor-widget-spacer\" data-id=\"c5265d3\" data-element_type=\"widget\" data-e-type=\"widget\" data-widget_type=\"spacer.default\">\n\t\t\t\t<div class=\"elementor-widget-container\">\n\t\t\t\t\t\t\t<div class=\"elementor-spacer\">\n\t\t\t<div class=\"elementor-spacer-inner\"><\/div>\n\t\t<\/div>\n\t\t\t\t\t\t<\/div>\n\t\t\t\t<\/div>\n\t\t\t\t\t<\/div>\n\t\t\t\t<\/div>\n\t\t<div class=\"elementor-element elementor-element-b18d00f e-grid e-con-boxed e-con e-parent\" data-id=\"b18d00f\" data-element_type=\"container\" data-e-type=\"container\">\n\t\t\t\t\t<div class=\"e-con-inner\">\n\t\t<div class=\"elementor-element elementor-element-affecf6 e-grid e-con-full e-con e-child\" data-id=\"affecf6\" data-element_type=\"container\" data-e-type=\"container\" data-settings=\"{&quot;background_background&quot;:&quot;classic&quot;}\">\n\t\t\t\t<div class=\"elementor-element elementor-element-d62320e elementor-widget elementor-widget-text-editor\" data-id=\"d62320e\" data-element_type=\"widget\" data-e-type=\"widget\" data-widget_type=\"text-editor.default\">\n\t\t\t\t<div class=\"elementor-widget-container\">\n\t\t\t\t\t\t\t\t\t<h2 style=\"text-align: center;\">im Rothauser Land<\/h2><h2 style=\"text-align: center;\">Sie suchen einen Ausflugstipp<\/h2><p><span style=\"color: #666666;\">Ihr Urlaubsort Birkendorf in der Rothauser-Land-Ferienregion im S\u00fcdschwarzwald ist ein Eldorado f\u00fcr Wanderer, Naturliebhaber, Erholungsuchende, Mountainbiker, Rennradler sowie E-Biker, Sommer- und Wintersportler. Ob Sie Tagesaufl\u00fcge in den Schwarzwald, in die Schweiz oder nach Frankreich planen, oder Ihr Gl\u00fcck in Wanderungen auf Schusters Rappen bevorzugen \u2013 Ihr Hotel Sonnenhof-Sonnhalde ist ein zentral gelegener Ausgangspunkt f\u00fcr alle Aktivit\u00e4ten.<\/span><\/p><p><span style=\"color: #666666;\">Mit der KONUS-G\u00e4stekarte k\u00f6nnen Sie den Schwarzwald aber auch mit Bus und Bahn gratis erleben. Ankommen im Hotel Sonnenhof-Sonnhalde, das Auto stehen lassen und ohne Parkplatzsorgen mit Bus und Bahn kostenlos zur Wanderung, zur Entdeckungstour oder zum Einkaufsbummel fahren: Daf\u00fcr steht die einzigartige KONUS-G\u00e4stekarte. Sie gilt als Freifahrtschein f\u00fcr Busse und Bahn in der gesamten Ferienregion Schwarzwald. Wir empfehlen die \u00d6ffi-App.<\/span><\/p><p><span style=\"color: #666666;\">Wir k\u00f6nnen Ihnen aber auch den puren Aufenthalt im Hotel Sonnenhof-Sonnhalde mit Candle-Light-Dinner im hoteleigenen Restaurant oder Entspannung pur im Wellnessbereich empfehlen. Sie haben nun die Qual der Wahl!<\/span><\/p>\t\t\t\t\t\t\t\t<\/div>\n\t\t\t\t<\/div>\n\t\t\t\t<\/div>\n\t\t\t\t<div class=\"elementor-element elementor-element-bb9354c elementor-widget elementor-widget-image\" data-id=\"bb9354c\" data-element_type=\"widget\" data-e-type=\"widget\" data-widget_type=\"image.default\">\n\t\t\t\t<div class=\"elementor-widget-container\">\n\t\t\t\t\t\t\t\t\t\t\t\t\t\t\t<img fetchpriority=\"high\" decoding=\"async\" width=\"800\" height=\"534\" src=\"https:\/\/sonnenhof-sonnhalde.de\/wp-content\/uploads\/2024\/07\/2-20-1024x683.webp\" class=\"attachment-large size-large wp-image-9290\" alt=\"\" srcset=\"https:\/\/sonnenhof-sonnhalde.de\/wp-content\/uploads\/2024\/07\/2-20-1024x683.webp 1024w, https:\/\/sonnenhof-sonnhalde.de\/wp-content\/uploads\/2024\/07\/2-20-300x200.webp 300w, https:\/\/sonnenhof-sonnhalde.de\/wp-content\/uploads\/2024\/07\/2-20-768x512.webp 768w, https:\/\/sonnenhof-sonnhalde.de\/wp-content\/uploads\/2024\/07\/2-20-1536x1024.webp 1536w, https:\/\/sonnenhof-sonnhalde.de\/wp-content\/uploads\/2024\/07\/2-20-2048x1366.webp 2048w, https:\/\/sonnenhof-sonnhalde.de\/wp-content\/uploads\/2024\/07\/elementor\/thumbs\/2-20-qr65wy5kt7gdqrnzlsc9ztlo6v6ubaztrs4s76y65c.webp 600w\" sizes=\"(max-width: 800px) 100vw, 800px\" title=\"\">\t\t\t\t\t\t\t\t\t\t\t\t\t\t\t<\/div>\n\t\t\t\t<\/div>\n\t\t\t\t\t<\/div>\n\t\t\t\t<\/div>\n\t\t<div class=\"elementor-element elementor-element-a75ebe8 e-flex e-con-boxed e-con e-parent\" data-id=\"a75ebe8\" data-element_type=\"container\" data-e-type=\"container\">\n\t\t\t\t\t<div class=\"e-con-inner\">\n\t\t\t\t<div class=\"elementor-element elementor-element-d01a844 elementor-widget elementor-widget-spacer\" data-id=\"d01a844\" data-element_type=\"widget\" data-e-type=\"widget\" data-widget_type=\"spacer.default\">\n\t\t\t\t<div class=\"elementor-widget-container\">\n\t\t\t\t\t\t\t<div class=\"elementor-spacer\">\n\t\t\t<div class=\"elementor-spacer-inner\"><\/div>\n\t\t<\/div>\n\t\t\t\t\t\t<\/div>\n\t\t\t\t<\/div>\n\t\t\t\t\t<\/div>\n\t\t\t\t<\/div>\n\t\t<div class=\"elementor-element elementor-element-6619dfa e-grid e-con-boxed e-con e-parent\" data-id=\"6619dfa\" data-element_type=\"container\" data-e-type=\"container\">\n\t\t\t\t\t<div class=\"e-con-inner\">\n\t\t<div class=\"elementor-element elementor-element-2d06487 e-grid e-con-full e-con e-child\" data-id=\"2d06487\" data-element_type=\"container\" data-e-type=\"container\" data-settings=\"{&quot;background_background&quot;:&quot;classic&quot;}\">\n\t\t\t\t<div class=\"elementor-element elementor-element-6f085a6 elementor-widget elementor-widget-text-editor\" data-id=\"6f085a6\" data-element_type=\"widget\" data-e-type=\"widget\" data-widget_type=\"text-editor.default\">\n\t\t\t\t<div class=\"elementor-widget-container\">\n\t\t\t\t\t\t\t\t\t<h2 style=\"text-align: center;\">L\u00e4cheln statt Hecheln<\/h2><h2 style=\"text-align: center;\">E-Biken mit hoteleigenen R\u00e4dern<\/h2><p><span style=\"color: #666666;\">Wer beim Radfahren im s\u00fcdlichen Hochschwarzwald die von der Natur gepr\u00e4gte Landschaft erkunden will, der ist bei uns im Hotel Sonnenhof &amp; Sonnhalde bestens aufgehoben. Gut ausgeschilderte Wege laden zu Genussfahrten mit dem E-Bike ein.<\/span><\/p><p><span style=\"color: #666666;\">Der Zauber der Landschaft \u2013 im Einklang mit der Natur \u2013 l\u00e4sst sich ohne Zweifel optimal auf zwei R\u00e4dern erleben: Und unter dem Motto \u201el\u00e4cheln statt hecheln\u201c l\u00e4sst sich die Landschaft mit aufregend sch\u00f6nen T\u00e4lern und aussichtsreichen Hochebenen.<\/span><\/p>\t\t\t\t\t\t\t\t<\/div>\n\t\t\t\t<\/div>\n\t\t\t\t<\/div>\n\t\t\t\t<div class=\"elementor-element elementor-element-f140604 elementor-widget elementor-widget-image\" data-id=\"f140604\" data-element_type=\"widget\" data-e-type=\"widget\" data-widget_type=\"image.default\">\n\t\t\t\t<div class=\"elementor-widget-container\">\n\t\t\t\t\t\t\t\t\t\t\t\t\t\t\t<img decoding=\"async\" width=\"800\" height=\"534\" src=\"https:\/\/sonnenhof-sonnhalde.de\/wp-content\/uploads\/2024\/07\/3-13-1024x683.webp\" class=\"attachment-large size-large wp-image-9294\" alt=\"\" srcset=\"https:\/\/sonnenhof-sonnhalde.de\/wp-content\/uploads\/2024\/07\/3-13-1024x683.webp 1024w, https:\/\/sonnenhof-sonnhalde.de\/wp-content\/uploads\/2024\/07\/3-13-300x200.webp 300w, https:\/\/sonnenhof-sonnhalde.de\/wp-content\/uploads\/2024\/07\/3-13-768x512.webp 768w, https:\/\/sonnenhof-sonnhalde.de\/wp-content\/uploads\/2024\/07\/3-13-1536x1024.webp 1536w, https:\/\/sonnenhof-sonnhalde.de\/wp-content\/uploads\/2024\/07\/3-13-2048x1366.webp 2048w\" sizes=\"(max-width: 800px) 100vw, 800px\" title=\"\">\t\t\t\t\t\t\t\t\t\t\t\t\t\t\t<\/div>\n\t\t\t\t<\/div>\n\t\t\t\t\t<\/div>\n\t\t\t\t<\/div>\n\t\t<div class=\"elementor-element elementor-element-b026819 e-flex e-con-boxed e-con e-parent\" data-id=\"b026819\" data-element_type=\"container\" data-e-type=\"container\">\n\t\t\t\t\t<div class=\"e-con-inner\">\n\t\t\t\t<div class=\"elementor-element elementor-element-3e0e2ca elementor-widget elementor-widget-button\" data-id=\"3e0e2ca\" data-element_type=\"widget\" data-e-type=\"widget\" data-widget_type=\"button.default\">\n\t\t\t\t<div class=\"elementor-widget-container\">\n\t\t\t\t\t\t\t\t\t<div class=\"elementor-button-wrapper\">\n\t\t\t\t\t<a class=\"elementor-button elementor-button-link elementor-size-sm\" href=\"\/angebote\/aktiv-im-suedschwarzwald\">\n\t\t\t\t\t\t<span class=\"elementor-button-content-wrapper\">\n\t\t\t\t\t\t\t\t\t<span class=\"elementor-button-text\">Unser Angebot:<br> Aktiv im S\u00fcdschwarzwald<\/span>\n\t\t\t\t\t<\/span>\n\t\t\t\t\t<\/a>\n\t\t\t\t<\/div>\n\t\t\t\t\t\t\t\t<\/div>\n\t\t\t\t<\/div>\n\t\t\t\t\t<\/div>\n\t\t\t\t<\/div>\n\t\t<div class=\"elementor-element elementor-element-84ada0d e-flex e-con-boxed e-con e-parent\" data-id=\"84ada0d\" data-element_type=\"container\" data-e-type=\"container\">\n\t\t\t\t\t<div class=\"e-con-inner\">\n\t\t\t\t<div class=\"elementor-element elementor-element-887cf59 elementor-widget elementor-widget-spacer\" data-id=\"887cf59\" data-element_type=\"widget\" data-e-type=\"widget\" data-widget_type=\"spacer.default\">\n\t\t\t\t<div class=\"elementor-widget-container\">\n\t\t\t\t\t\t\t<div class=\"elementor-spacer\">\n\t\t\t<div class=\"elementor-spacer-inner\"><\/div>\n\t\t<\/div>\n\t\t\t\t\t\t<\/div>\n\t\t\t\t<\/div>\n\t\t\t\t\t<\/div>\n\t\t\t\t<\/div>\n\t\t<div class=\"elementor-element elementor-element-0c977fc e-grid e-con-boxed e-con e-parent\" data-id=\"0c977fc\" data-element_type=\"container\" data-e-type=\"container\">\n\t\t\t\t\t<div class=\"e-con-inner\">\n\t\t<div class=\"elementor-element elementor-element-e4589df e-grid e-con-full e-con e-child\" data-id=\"e4589df\" data-element_type=\"container\" data-e-type=\"container\" data-settings=\"{&quot;background_background&quot;:&quot;classic&quot;}\">\n\t\t\t\t<div class=\"elementor-element elementor-element-90f054c elementor-widget elementor-widget-text-editor\" data-id=\"90f054c\" data-element_type=\"widget\" data-e-type=\"widget\" data-widget_type=\"text-editor.default\">\n\t\t\t\t<div class=\"elementor-widget-container\">\n\t\t\t\t\t\t\t\t\t<h2 style=\"text-align: center;\">Wandern auf dem Hochplateau<\/h2><h2 style=\"text-align: center;\">Auf Schusters Rappen<\/h2><p><span style=\"color: #666666;\">Das Rothauserland im s\u00fcdlichen Hochschwarzwald bietet s unz\u00e4hlige Wandertouren mit unterschiedlichen Schwierigkeitsgraden. Ob Sie nach einem alpinen Aufstieg oder schlicht und einfach nur nach einem gem\u00fctlichen Spaziergang suchen, hier finden Sie immer das Richtige.<\/span><\/p><p><span style=\"color: #666666;\">Der Weg ist das Ziel: Genie\u00dfen Sie beim Wandern nicht nur atemberaubende Ausblicke in einer intakten Naturlandschaft, sondern auch die frische und gesunde Bergluft im s\u00fcdlichen Hochschwarzwald.<\/span><\/p>\t\t\t\t\t\t\t\t<\/div>\n\t\t\t\t<\/div>\n\t\t\t\t<\/div>\n\t\t\t\t<div class=\"elementor-element elementor-element-12332d0 elementor-widget elementor-widget-image\" data-id=\"12332d0\" data-element_type=\"widget\" data-e-type=\"widget\" data-widget_type=\"image.default\">\n\t\t\t\t<div class=\"elementor-widget-container\">\n\t\t\t\t\t\t\t\t\t\t\t\t\t\t\t<img loading=\"lazy\" decoding=\"async\" width=\"800\" height=\"534\" src=\"https:\/\/sonnenhof-sonnhalde.de\/wp-content\/uploads\/2024\/07\/4-1-1024x683.webp\" class=\"attachment-large size-large wp-image-8138\" alt=\"\" srcset=\"https:\/\/sonnenhof-sonnhalde.de\/wp-content\/uploads\/2024\/07\/4-1-1024x683.webp 1024w, https:\/\/sonnenhof-sonnhalde.de\/wp-content\/uploads\/2024\/07\/4-1-300x200.webp 300w, https:\/\/sonnenhof-sonnhalde.de\/wp-content\/uploads\/2024\/07\/4-1-768x512.webp 768w, https:\/\/sonnenhof-sonnhalde.de\/wp-content\/uploads\/2024\/07\/4-1-1536x1024.webp 1536w, https:\/\/sonnenhof-sonnhalde.de\/wp-content\/uploads\/2024\/07\/4-1-2048x1366.webp 2048w\" sizes=\"(max-width: 800px) 100vw, 800px\" title=\"\">\t\t\t\t\t\t\t\t\t\t\t\t\t\t\t<\/div>\n\t\t\t\t<\/div>\n\t\t\t\t\t<\/div>\n\t\t\t\t<\/div>\n\t\t<div class=\"elementor-element elementor-element-15aa938 e-flex e-con-boxed e-con e-parent\" data-id=\"15aa938\" data-element_type=\"container\" data-e-type=\"container\">\n\t\t\t\t\t<div class=\"e-con-inner\">\n\t\t\t\t<div class=\"elementor-element elementor-element-7f4d3d5 elementor-align-left elementor-widget elementor-widget-button\" data-id=\"7f4d3d5\" data-element_type=\"widget\" data-e-type=\"widget\" data-widget_type=\"button.default\">\n\t\t\t\t<div class=\"elementor-widget-container\">\n\t\t\t\t\t\t\t\t\t<div class=\"elementor-button-wrapper\">\n\t\t\t\t\t<a class=\"elementor-button elementor-button-link elementor-size-sm\" href=\"\/angebote\/aktiv-im-suedschwarzwald\">\n\t\t\t\t\t\t<span class=\"elementor-button-content-wrapper\">\n\t\t\t\t\t\t\t\t\t<span class=\"elementor-button-text\">Unser Angebot:<br> Aktiv im S\u00fcdschwarzwald<\/span>\n\t\t\t\t\t<\/span>\n\t\t\t\t\t<\/a>\n\t\t\t\t<\/div>\n\t\t\t\t\t\t\t\t<\/div>\n\t\t\t\t<\/div>\n\t\t\t\t\t<\/div>\n\t\t\t\t<\/div>\n\t\t<div class=\"elementor-element elementor-element-2b7dc20 e-flex e-con-boxed e-con e-parent\" data-id=\"2b7dc20\" data-element_type=\"container\" data-e-type=\"container\">\n\t\t\t\t\t<div class=\"e-con-inner\">\n\t\t\t\t<div class=\"elementor-element elementor-element-5188e9c elementor-widget elementor-widget-spacer\" data-id=\"5188e9c\" data-element_type=\"widget\" data-e-type=\"widget\" data-widget_type=\"spacer.default\">\n\t\t\t\t<div class=\"elementor-widget-container\">\n\t\t\t\t\t\t\t<div class=\"elementor-spacer\">\n\t\t\t<div class=\"elementor-spacer-inner\"><\/div>\n\t\t<\/div>\n\t\t\t\t\t\t<\/div>\n\t\t\t\t<\/div>\n\t\t\t\t\t<\/div>\n\t\t\t\t<\/div>\n\t\t<div class=\"elementor-element elementor-element-d69dbfe e-grid e-con-boxed e-con e-parent\" data-id=\"d69dbfe\" data-element_type=\"container\" data-e-type=\"container\">\n\t\t\t\t\t<div class=\"e-con-inner\">\n\t\t<div class=\"elementor-element elementor-element-b456950 e-grid e-con-full e-con e-child\" data-id=\"b456950\" data-element_type=\"container\" data-e-type=\"container\" data-settings=\"{&quot;background_background&quot;:&quot;classic&quot;}\">\n\t\t\t\t<div class=\"elementor-element elementor-element-c17f3f4 elementor-widget elementor-widget-text-editor\" data-id=\"c17f3f4\" data-element_type=\"widget\" data-e-type=\"widget\" data-widget_type=\"text-editor.default\">\n\t\t\t\t<div class=\"elementor-widget-container\">\n\t\t\t\t\t\t\t\t\t<h2 style=\"text-align: center;\">Rheinfall Schaffhausen und noch mehr<\/h2><h2 style=\"text-align: center;\">Tagesausflug in der Region<\/h2><p><span style=\"color: #666666;\">Hoch \u00fcber dem gr\u00f6\u00dften Wasserfall Europas stehen, das Tosen des Wassers am ganzen K\u00f6rper sp\u00fcren \u2013 das kann man am Rheinfall bei Schaffhausen. Per Schiff sind Schl\u00f6sser, Rheinfallbecken und sogar der Felsen mitten im Wasserfall zu erreichen.<\/span><\/p><p><span style=\"color: #666666;\">Der Rheinfall in Schaffhausen ist vom Hotel Sonnenhof-Sonnhalde nur rund 40 Kilometer entfernt.<\/span><\/p>\t\t\t\t\t\t\t\t<\/div>\n\t\t\t\t<\/div>\n\t\t\t\t<\/div>\n\t\t\t\t<div class=\"elementor-element elementor-element-5043764 elementor-widget elementor-widget-image\" data-id=\"5043764\" data-element_type=\"widget\" data-e-type=\"widget\" data-widget_type=\"image.default\">\n\t\t\t\t<div class=\"elementor-widget-container\">\n\t\t\t\t\t\t\t\t\t\t\t\t\t\t\t<img loading=\"lazy\" decoding=\"async\" width=\"800\" height=\"534\" src=\"https:\/\/sonnenhof-sonnhalde.de\/wp-content\/uploads\/2024\/07\/5-2-1024x683.webp\" class=\"attachment-large size-large wp-image-8154\" alt=\"\" srcset=\"https:\/\/sonnenhof-sonnhalde.de\/wp-content\/uploads\/2024\/07\/5-2-1024x683.webp 1024w, https:\/\/sonnenhof-sonnhalde.de\/wp-content\/uploads\/2024\/07\/5-2-300x200.webp 300w, https:\/\/sonnenhof-sonnhalde.de\/wp-content\/uploads\/2024\/07\/5-2-768x512.webp 768w, https:\/\/sonnenhof-sonnhalde.de\/wp-content\/uploads\/2024\/07\/5-2-1536x1024.webp 1536w, https:\/\/sonnenhof-sonnhalde.de\/wp-content\/uploads\/2024\/07\/5-2.webp 1920w\" sizes=\"(max-width: 800px) 100vw, 800px\" title=\"\">\t\t\t\t\t\t\t\t\t\t\t\t\t\t\t<\/div>\n\t\t\t\t<\/div>\n\t\t\t\t\t<\/div>\n\t\t\t\t<\/div>\n\t\t<div class=\"elementor-element elementor-element-9719457 e-flex e-con-boxed e-con e-parent\" data-id=\"9719457\" data-element_type=\"container\" data-e-type=\"container\">\n\t\t\t\t\t<div class=\"e-con-inner\">\n\t\t\t\t<div class=\"elementor-element elementor-element-81afa0c elementor-widget elementor-widget-button\" data-id=\"81afa0c\" data-element_type=\"widget\" data-e-type=\"widget\" data-widget_type=\"button.default\">\n\t\t\t\t<div class=\"elementor-widget-container\">\n\t\t\t\t\t\t\t\t\t<div class=\"elementor-button-wrapper\">\n\t\t\t\t\t<a class=\"elementor-button elementor-button-link elementor-size-sm\" href=\"https:\/\/www.schwarzwald-tourismus.info\/erleben\/wandern\/schwarzwald-app\" rel=\"nofollow noopener\" target=\"_blank\">\n\t\t\t\t\t\t<span class=\"elementor-button-content-wrapper\">\n\t\t\t\t\t\t\t\t\t<span class=\"elementor-button-text\">Unser Tipp:<br>Die Schwarzwald-App<\/span>\n\t\t\t\t\t<\/span>\n\t\t\t\t\t<\/a>\n\t\t\t\t<\/div>\n\t\t\t\t\t\t\t\t<\/div>\n\t\t\t\t<\/div>\n\t\t\t\t\t<\/div>\n\t\t\t\t<\/div>\n\t\t<div class=\"elementor-element elementor-element-f8a70c8 e-flex e-con-boxed e-con e-parent\" data-id=\"f8a70c8\" data-element_type=\"container\" data-e-type=\"container\">\n\t\t\t\t\t<div class=\"e-con-inner\">\n\t\t\t\t<div class=\"elementor-element elementor-element-bbfbaa8 elementor-widget elementor-widget-spacer\" data-id=\"bbfbaa8\" data-element_type=\"widget\" data-e-type=\"widget\" data-widget_type=\"spacer.default\">\n\t\t\t\t<div class=\"elementor-widget-container\">\n\t\t\t\t\t\t\t<div class=\"elementor-spacer\">\n\t\t\t<div class=\"elementor-spacer-inner\"><\/div>\n\t\t<\/div>\n\t\t\t\t\t\t<\/div>\n\t\t\t\t<\/div>\n\t\t\t\t\t<\/div>\n\t\t\t\t<\/div>\n\t\t\t\t<\/div>\n\t\t","protected":false},"excerpt":{"rendered":"<p>Die Top-Ausflugsziele im Hochschwarzwald Ausflugsziele Sie planen einen Aufenthalt in unserem Hotel? Hier online buchen und bis zu 35 % sparen! Verf\u00fcgbarkeit pr\u00fcfen im Rothauser Land Sie suchen einen Ausflugstipp Ihr Urlaubsort Birkendorf in der Rothauser-Land-Ferienregion im S\u00fcdschwarzwald ist ein Eldorado f\u00fcr Wanderer, Naturliebhaber, Erholungsuchende, Mountainbiker, Rennradler sowie E-Biker, Sommer- und Wintersportler. Ob Sie Tagesaufl\u00fcge [&hellip;]<\/p>\n","protected":false},"author":1,"featured_media":0,"parent":0,"menu_order":0,"comment_status":"closed","ping_status":"closed","template":"","meta":{"footnotes":""},"class_list":["post-3046","page","type-page","status-publish","hentry"],"_links":{"self":[{"href":"https:\/\/sonnenhof-sonnhalde.de\/de_de\/wp-json\/wp\/v2\/pages\/3046","targetHints":{"allow":["GET"]}}],"collection":[{"href":"https:\/\/sonnenhof-sonnhalde.de\/de_de\/wp-json\/wp\/v2\/pages"}],"about":[{"href":"https:\/\/sonnenhof-sonnhalde.de\/de_de\/wp-json\/wp\/v2\/types\/page"}],"author":[{"embeddable":true,"href":"https:\/\/sonnenhof-sonnhalde.de\/de_de\/wp-json\/wp\/v2\/users\/1"}],"replies":[{"embeddable":true,"href":"https:\/\/sonnenhof-sonnhalde.de\/de_de\/wp-json\/wp\/v2\/comments?post=3046"}],"version-history":[{"count":4,"href":"https:\/\/sonnenhof-sonnhalde.de\/de_de\/wp-json\/wp\/v2\/pages\/3046\/revisions"}],"predecessor-version":[{"id":10334,"href":"https:\/\/sonnenhof-sonnhalde.de\/de_de\/wp-json\/wp\/v2\/pages\/3046\/revisions\/10334"}],"wp:attachment":[{"href":"https:\/\/sonnenhof-sonnhalde.de\/de_de\/wp-json\/wp\/v2\/media?parent=3046"}],"curies":[{"name":"wp","href":"https:\/\/api.w.org\/{rel}","templated":true}]}}