{"id":5470,"date":"2023-12-14T17:55:27","date_gmt":"2023-12-14T16:55:27","guid":{"rendered":"https:\/\/sonnenhof-sonnhalde.de\/?page_id=5470"},"modified":"2024-10-26T11:27:40","modified_gmt":"2024-10-26T09:27:40","slug":"happy-wellness","status":"publish","type":"page","link":"https:\/\/sonnenhof-sonnhalde.de\/de_de\/angebote\/happy-wellness\/","title":{"rendered":"Happy Wellness Special"},"content":{"rendered":"\t\t<div data-elementor-type=\"wp-page\" data-elementor-id=\"5470\" class=\"elementor elementor-5470\" data-elementor-post-type=\"page\">\n\t\t\t\t<div class=\"elementor-element elementor-element-403e859 e-con-full e-flex e-con e-parent\" data-id=\"403e859\" data-element_type=\"container\" data-e-type=\"container\" data-settings=\"{&quot;background_background&quot;:&quot;video&quot;,&quot;background_video_start&quot;:2,&quot;background_video_end&quot;:15}\">\n\t\t\t\t<div class=\"elementor-element elementor-element-be80baa elementor-widget elementor-widget-spacer\" data-id=\"be80baa\" data-element_type=\"widget\" data-e-type=\"widget\" data-widget_type=\"spacer.default\">\n\t\t\t\t<div class=\"elementor-widget-container\">\n\t\t\t\t\t\t\t<div class=\"elementor-spacer\">\n\t\t\t<div class=\"elementor-spacer-inner\"><\/div>\n\t\t<\/div>\n\t\t\t\t\t\t<\/div>\n\t\t\t\t<\/div>\n\t\t\t\t<div class=\"elementor-element elementor-element-e4b5726 elementor-widget elementor-widget-image\" data-id=\"e4b5726\" data-element_type=\"widget\" data-e-type=\"widget\" data-widget_type=\"image.default\">\n\t\t\t\t<div class=\"elementor-widget-container\">\n\t\t\t\t\t\t\t\t\t\t\t\t\t\t\t<img decoding=\"async\" src=\"https:\/\/sonnenhof-sonnhalde.de\/wp-content\/uploads\/elementor\/thumbs\/Sonnenhof_Logo_nur_Sonne_ohne_weissen_Hintergrund-qqqkytivrflqdy2nwtqz02hb4z7sdu35cmzhfsbecg.webp\" title=\"Sonnenhof_Logo_nur_Sonne_ohne_weissen_Hintergrund.webp\" alt=\"Sonnenhof_Logo_nur_Sonne_ohne_weissen_Hintergrund.webp\" loading=\"lazy\" \/>\t\t\t\t\t\t\t\t\t\t\t\t\t\t\t<\/div>\n\t\t\t\t<\/div>\n\t\t\t\t<div class=\"elementor-element elementor-element-ededf29 elementor-widget elementor-widget-spacer\" data-id=\"ededf29\" data-element_type=\"widget\" data-e-type=\"widget\" data-widget_type=\"spacer.default\">\n\t\t\t\t<div class=\"elementor-widget-container\">\n\t\t\t\t\t\t\t<div class=\"elementor-spacer\">\n\t\t\t<div class=\"elementor-spacer-inner\"><\/div>\n\t\t<\/div>\n\t\t\t\t\t\t<\/div>\n\t\t\t\t<\/div>\n\t\t\t\t<div class=\"elementor-element elementor-element-2d633f0 elementor-widget-mobile__width-initial elementor-widget__width-initial elementor-widget elementor-widget-heading\" data-id=\"2d633f0\" data-element_type=\"widget\" data-e-type=\"widget\" data-widget_type=\"heading.default\">\n\t\t\t\t<div class=\"elementor-widget-container\">\n\t\t\t\t\t<h2 class=\"elementor-heading-title elementor-size-default\">Happy Wellness Special<\/h2>\t\t\t\t<\/div>\n\t\t\t\t<\/div>\n\t\t\t\t<div class=\"elementor-element elementor-element-4f2911f elementor-widget elementor-widget-heading\" data-id=\"4f2911f\" data-element_type=\"widget\" data-e-type=\"widget\" data-widget_type=\"heading.default\">\n\t\t\t\t<div class=\"elementor-widget-container\">\n\t\t\t\t\t<h1 class=\"elementor-heading-title elementor-size-default\">Angebote<\/h1>\t\t\t\t<\/div>\n\t\t\t\t<\/div>\n\t\t\t\t<\/div>\n\t\t<div class=\"elementor-element elementor-element-62ac46b e-flex e-con-boxed e-con e-parent\" data-id=\"62ac46b\" data-element_type=\"container\" data-e-type=\"container\">\n\t\t\t\t\t<div class=\"e-con-inner\">\n\t\t\t\t<div class=\"elementor-element elementor-element-5076ced elementor-widget elementor-widget-spacer\" data-id=\"5076ced\" data-element_type=\"widget\" data-e-type=\"widget\" data-widget_type=\"spacer.default\">\n\t\t\t\t<div class=\"elementor-widget-container\">\n\t\t\t\t\t\t\t<div class=\"elementor-spacer\">\n\t\t\t<div class=\"elementor-spacer-inner\"><\/div>\n\t\t<\/div>\n\t\t\t\t\t\t<\/div>\n\t\t\t\t<\/div>\n\t\t\t\t\t<\/div>\n\t\t\t\t<\/div>\n\t\t<div class=\"elementor-element elementor-element-04bee0e e-grid e-con-boxed e-con e-parent\" data-id=\"04bee0e\" data-element_type=\"container\" data-e-type=\"container\">\n\t\t\t\t\t<div class=\"e-con-inner\">\n\t\t<div class=\"elementor-element elementor-element-21a7eaa e-grid e-con-full e-con e-child\" data-id=\"21a7eaa\" data-element_type=\"container\" data-e-type=\"container\" data-settings=\"{&quot;background_background&quot;:&quot;classic&quot;}\">\n\t\t\t\t<div class=\"elementor-element elementor-element-f16096a elementor-widget elementor-widget-text-editor\" data-id=\"f16096a\" data-element_type=\"widget\" data-e-type=\"widget\" data-widget_type=\"text-editor.default\">\n\t\t\t\t<div class=\"elementor-widget-container\">\n\t\t\t\t\t\t\t\t\t<h2 style=\"text-align: center;\"><span style=\"color: #be9f56;\">Happy Wellness Special<\/span><\/h2><h2 style=\"text-align: center;\"><span style=\"color: #be9f56;\">aktiv. genussvoll. sparen.<\/span><\/h2><p><span style=\"color: #666666;\">Der S\u00fcdliche Hochschwarzwald ist ein traumhaft sch\u00f6nes St\u00fcck Erde inmitten ausgedehnter W\u00e4lder und romantisch gelegener Flusst\u00e4ler \u2013 der Zauber dieser Natur l\u00e4dt zum Relaxen ein. Vergessen Sie den Alltagsstress, lassen Sie sich auf eine Landschaft mit aufregend sch\u00f6nen und aussichtsreichen Hochebenen ein, relaxen Sie im 3-Sterne Superior Hotel Sonnenhof-Sonnhalde auch im Hallenbad, in der Sauna oder bei einer Massage. Entschleunigen und relaxen kann \u00fcbrigens auch die Kreativit\u00e4t ankurbeln. Ein kulturelles Highlight in Ihrer Ferienregion, planschen in einem Natur-See, eine E-Bike-Tour oder ein Genussmen\u00fc im Hotelrestaurant mit typischen Spezialit\u00e4ten verspricht Urlaub pur.<\/span><\/p>\t\t\t\t\t\t\t\t<\/div>\n\t\t\t\t<\/div>\n\t\t\t\t<\/div>\n\t\t\t\t<div class=\"elementor-element elementor-element-7353f0a elementor-widget elementor-widget-image\" data-id=\"7353f0a\" data-element_type=\"widget\" data-e-type=\"widget\" data-widget_type=\"image.default\">\n\t\t\t\t<div class=\"elementor-widget-container\">\n\t\t\t\t\t\t\t\t\t\t\t\t\t\t\t<img decoding=\"async\" src=\"https:\/\/sonnenhof-sonnhalde.de\/wp-content\/uploads\/elementor\/thumbs\/2-1-qqux248l9nlyrqf6dqibpqa89godblxcl2d7hp72jk.webp\" title=\"2\" alt=\"2\" loading=\"lazy\" \/>\t\t\t\t\t\t\t\t\t\t\t\t\t\t\t<\/div>\n\t\t\t\t<\/div>\n\t\t\t\t\t<\/div>\n\t\t\t\t<\/div>\n\t\t<div class=\"elementor-element elementor-element-0746363 e-flex e-con-boxed e-con e-parent\" data-id=\"0746363\" data-element_type=\"container\" data-e-type=\"container\">\n\t\t\t\t\t<div class=\"e-con-inner\">\n\t\t\t\t<div class=\"elementor-element elementor-element-ddde32d elementor-widget elementor-widget-spacer\" data-id=\"ddde32d\" data-element_type=\"widget\" data-e-type=\"widget\" data-widget_type=\"spacer.default\">\n\t\t\t\t<div class=\"elementor-widget-container\">\n\t\t\t\t\t\t\t<div class=\"elementor-spacer\">\n\t\t\t<div class=\"elementor-spacer-inner\"><\/div>\n\t\t<\/div>\n\t\t\t\t\t\t<\/div>\n\t\t\t\t<\/div>\n\t\t\t\t\t<\/div>\n\t\t\t\t<\/div>\n\t\t<div class=\"elementor-element elementor-element-915da21 e-flex e-con-boxed e-con e-parent\" data-id=\"915da21\" data-element_type=\"container\" data-e-type=\"container\">\n\t\t\t\t\t<div class=\"e-con-inner\">\n\t\t<div class=\"elementor-element elementor-element-bb77301 e-con-full e-flex e-con e-child\" data-id=\"bb77301\" data-element_type=\"container\" data-e-type=\"container\">\n\t\t\t\t<div class=\"elementor-element elementor-element-790f88a elementor-widget elementor-widget-text-editor\" data-id=\"790f88a\" data-element_type=\"widget\" data-e-type=\"widget\" data-widget_type=\"text-editor.default\">\n\t\t\t\t<div class=\"elementor-widget-container\">\n\t\t\t\t\t\t\t\t\t<h2><span style=\"color: #be9f56;\">Kurz im Schwarzwald vorbeischauen!<\/span><\/h2><h5><span style=\"color: #be9f56;\">Leistungen Angebot \u201eHappy Wellness Special\u201c:<\/span><\/h5><div style=\"padding: 10px;\"><p><span style=\"color: #666666;\"><span style=\"color: #be9f56;\">\u261b <\/span>Eine \u00dcbernachtung mit Fr\u00fchst\u00fccksb\u00fcffet am Abreisetag in Ihrer gew\u00fcnschten<\/span><span style=\"color: #000000;\"> <a style=\"font-weight: bold; text-decoration: none; color: #000000;\" href=\"\/zimmer-preise\/\"><span style=\"color: #be9f56;\">Zimmerkategorie<\/span><\/a><\/span><\/p><p><span style=\"color: #666666;\"><strong><span style=\"color: #be9f56;\">\u261b <\/span>Wellness-Nutzung vor Check-in <\/strong>am Anreisetag zwischen<\/span><br \/><span style=\"color: #666666;\">10:00 Uhr und 15:00 Uhr. Ihr Zimmer steht ab 15:00 Uhr f\u00fcr Sie bereit.<\/span><\/p><p><span style=\"color: #666666;\"><span style=\"color: #be9f56;\">\u261b <\/span>Am Anreisetag <strong>&#8222;S\u00fc\u00dfes &amp; Herzhaftes&#8220; vom B\u00fcffet am Nachmittag<\/strong> (13:30 Uhr &#8211; 16:30 Uhr) mit Kuchen, s\u00fc\u00dfen<\/span><br \/><span style=\"color: #666666;\">Kleinigkeiten, herzhaften Snacks und Wellness-Tees am B\u00fcfett in der gem\u00fctlichen &#8222;Schwarzwald- Lounge&#8220; in der Sonnhalde<\/span><\/p><p><span style=\"color: #666666;\"><strong><span style=\"color: #be9f56;\">\u261b <\/span>Feines 4-Gang-Regionalmen\u00fc <\/strong>am Abend\u00a0des Anreisetags im Restaurant<\/span><br \/><span style=\"color: #666666;\">Sonnenhof<\/span><\/p><p><span style=\"color: #666666;\"><span style=\"color: #be9f56;\">\u261b <\/span>1 x &#8222;<strong>Schlummertrunk<\/strong>&#8220; Ihrer <\/span><span style=\"color: #666666;\">Wahl mit Knabbersnacks nach dem Abendessen am Anreisetag <\/span><span style=\"color: #666666;\">in der gem\u00fctlichen Schwarzwald-Lounge in der Sonnhalde zum Tagesausklang<\/span><\/p><p><span style=\"color: #666666;\"><strong><span style=\"color: #be9f56;\">\u261b <\/span>Wellness-Nutzung nach dem Check-out <\/strong>aus Ihrem Zimmer (bis 11:00 Uhr) zwischen 11:00 Uhr und 16:00 Uhr am Abreisetag<\/span><\/p><p><span style=\"color: #666666;\"><span style=\"color: #be9f56;\">\u261b <\/span>Am Abreisetag zus\u00e4tzlich <strong>&#8222;S\u00fc\u00dfes &amp; Herzhaftes&#8220; vom B\u00fcffet<br \/>am Nachmittag<\/strong> (13:30 Uhr &#8211; 16:30 Uhr) mit Kuchen, s\u00fc\u00dfen Kleinigkeiten, herzhaften\u00a0Snacks und Wellness-Tees am B\u00fcfett in der gem\u00fctlichen<\/span><br \/><span style=\"color: #666666;\">&#8222;Schwarzwald- Lounge&#8220; in der Sonnhalde<\/span><\/p><p><span style=\"color: #666666;\"><span style=\"color: #be9f56;\">\u261b <\/span>Wellnesstasche mit 1 x Leihbademantel und 1 x Leih-Saunatuch pro Person auf dem Zimmer<\/span><\/p><p><span style=\"color: #666666;\"><span style=\"text-decoration: underline;\"><strong>Tipp<\/strong><\/span>: Buchen Sie bereits vor Ihrer Ankunft Ihre<\/span><span style=\"color: #000000;\"> <a style=\"font-weight: bold; text-decoration: none; color: #000000;\" href=\"\/wellness\/massagen\/\"><span style=\"color: #be9f56;\">Massage-<\/span><\/a> <span style=\"color: #666666;\">und<\/span><\/span><br \/><span style=\"color: #000000;\"><a style=\"font-weight: bold; text-decoration: none; color: #000000;\" href=\"\/wellness\/beauty\/\"><span style=\"color: #be9f56;\">Beautyanwendungen<\/span><\/a><br \/><\/span><\/p><\/div>\t\t\t\t\t\t\t\t<\/div>\n\t\t\t\t<\/div>\n\t\t\t\t<\/div>\n\t\t<div class=\"elementor-element elementor-element-3eb3dff e-con-full e-flex e-con e-child\" data-id=\"3eb3dff\" data-element_type=\"container\" data-e-type=\"container\">\n\t\t\t\t<div class=\"elementor-element elementor-element-c960e51 elementor-widget elementor-widget-image\" data-id=\"c960e51\" data-element_type=\"widget\" data-e-type=\"widget\" data-widget_type=\"image.default\">\n\t\t\t\t<div class=\"elementor-widget-container\">\n\t\t\t\t\t\t\t\t\t\t\t\t\t\t\t<img decoding=\"async\" src=\"https:\/\/sonnenhof-sonnhalde.de\/wp-content\/uploads\/elementor\/thumbs\/3-1-qquxaksarz6v9e4sze5g5lfkqazaljidqxqizcnijk.webp\" title=\"3\" alt=\"3\" loading=\"lazy\" \/>\t\t\t\t\t\t\t\t\t\t\t\t\t\t\t<\/div>\n\t\t\t\t<\/div>\n\t\t\t\t<\/div>\n\t\t\t\t\t<\/div>\n\t\t\t\t<\/div>\n\t\t<div class=\"elementor-element elementor-element-5ff97dc e-flex e-con-boxed e-con e-parent\" data-id=\"5ff97dc\" data-element_type=\"container\" data-e-type=\"container\">\n\t\t\t\t\t<div class=\"e-con-inner\">\n\t\t\t\t<div class=\"elementor-element elementor-element-e083459 elementor-widget elementor-widget-spacer\" data-id=\"e083459\" data-element_type=\"widget\" data-e-type=\"widget\" data-widget_type=\"spacer.default\">\n\t\t\t\t<div class=\"elementor-widget-container\">\n\t\t\t\t\t\t\t<div class=\"elementor-spacer\">\n\t\t\t<div class=\"elementor-spacer-inner\"><\/div>\n\t\t<\/div>\n\t\t\t\t\t\t<\/div>\n\t\t\t\t<\/div>\n\t\t\t\t\t<\/div>\n\t\t\t\t<\/div>\n\t\t<div class=\"elementor-element elementor-element-c3ff70f e-flex e-con-boxed e-con e-parent\" data-id=\"c3ff70f\" data-element_type=\"container\" data-e-type=\"container\">\n\t\t\t\t\t<div class=\"e-con-inner\">\n\t\t\t\t<div class=\"elementor-element elementor-element-3b28b8d elementor-widget elementor-widget-heading\" data-id=\"3b28b8d\" data-element_type=\"widget\" data-e-type=\"widget\" data-widget_type=\"heading.default\">\n\t\t\t\t<div class=\"elementor-widget-container\">\n\t\t\t\t\t<h2 class=\"elementor-heading-title elementor-size-default\">Termine pr\u00fcfen und buchen<\/h2>\t\t\t\t<\/div>\n\t\t\t\t<\/div>\n\t\t\t\t\t<\/div>\n\t\t\t\t<\/div>\n\t\t<div class=\"elementor-element elementor-element-db4580e e-flex e-con-boxed e-con e-parent\" data-id=\"db4580e\" data-element_type=\"container\" data-e-type=\"container\">\n\t\t\t\t\t<div class=\"e-con-inner\">\n\t\t\t\t<div class=\"elementor-element elementor-element-c774e5c elementor-widget elementor-widget-spacer\" data-id=\"c774e5c\" data-element_type=\"widget\" data-e-type=\"widget\" data-widget_type=\"spacer.default\">\n\t\t\t\t<div class=\"elementor-widget-container\">\n\t\t\t\t\t\t\t<div class=\"elementor-spacer\">\n\t\t\t<div class=\"elementor-spacer-inner\"><\/div>\n\t\t<\/div>\n\t\t\t\t\t\t<\/div>\n\t\t\t\t<\/div>\n\t\t\t\t\t<\/div>\n\t\t\t\t<\/div>\n\t\t<div class=\"elementor-element elementor-element-0b7eb14 e-grid e-con-boxed e-con e-child\" data-id=\"0b7eb14\" data-element_type=\"container\" data-e-type=\"container\">\n\t\t\t\t\t<div class=\"e-con-inner\">\n\t\t\t\t<div class=\"elementor-element elementor-element-5e64e27 elementor-widget elementor-widget-price-table\" data-id=\"5e64e27\" data-element_type=\"widget\" data-e-type=\"widget\" data-widget_type=\"price-table.default\">\n\t\t\t\t<div class=\"elementor-widget-container\">\n\t\t\t\t\t\n\t\t<div class=\"elementor-price-table\">\n\t\t\t\t\t\t\t<div class=\"elementor-price-table__header\">\n\t\t\t\t\t\t\t\t\t\t\t<h2 class=\"elementor-price-table__heading\">\n\t\t\t\t\t\t1 Nacht\t\t\t\t\t\t<\/h2>\n\t\t\t\t\t\n\t\t\t\t\t\t\t\t\t<\/div>\n\t\t\t\n\t\t\t<div class=\"elementor-price-table__price\">\n\t\t\t\t\t\t\t\t\t\t\t\t\t\t\t\t\t<span class=\"elementor-price-table__integer-part\">\n\t\t\t\t\t\tab 129 \u20ac\t\t\t\t\t<\/span>\n\t\t\t\t\n\t\t\t\t\n\t\t\t\t\n\t\t\t\t\t\t\t<\/div>\n\n\t\t\t\t\t\t\t<ul class=\"elementor-price-table__features-list\">\n\t\t\t\t\t\t\t\t\t\t\t<li class=\"elementor-repeater-item-394ca8b\">\n\t\t\t\t\t\t\t<div class=\"elementor-price-table__feature-inner\">\n\t\t\t\t\t\t\t\t<svg aria-hidden=\"true\" class=\"e-font-icon-svg e-far-user\" viewBox=\"0 0 448 512\" xmlns=\"http:\/\/www.w3.org\/2000\/svg\"><path d=\"M313.6 304c-28.7 0-42.5 16-89.6 16-47.1 0-60.8-16-89.6-16C60.2 304 0 364.2 0 438.4V464c0 26.5 21.5 48 48 48h352c26.5 0 48-21.5 48-48v-25.6c0-74.2-60.2-134.4-134.4-134.4zM400 464H48v-25.6c0-47.6 38.8-86.4 86.4-86.4 14.6 0 38.3 16 89.6 16 51.7 0 74.9-16 89.6-16 47.6 0 86.4 38.8 86.4 86.4V464zM224 288c79.5 0 144-64.5 144-144S303.5 0 224 0 80 64.5 80 144s64.5 144 144 144zm0-240c52.9 0 96 43.1 96 96s-43.1 96-96 96-96-43.1-96-96 43.1-96 96-96z\"><\/path><\/svg>\t\t\t\t\t\t\t\t\t\t\t\t\t\t\t\t\t<span >\n\t\t\t\t\t\t\t\t\t\tpro Person, Anreise nur Sonntag bis Donnerstag und an ausgew\u00e4hlten Zeitr\u00e4umen\t\t\t\t\t\t\t\t\t<\/span>\n\t\t\t\t\t\t\t\t\t\t\t\t\t\t\t\t<\/div>\n\t\t\t\t\t\t<\/li>\n\t\t\t\t\t\t\t\t\t<\/ul>\n\t\t\t\n\t\t\t\t\t\t\t<div class=\"elementor-price-table__footer\">\n\t\t\t\t\t\t\t\t\t\t\t<a class=\"elementor-price-table__button elementor-button elementor-size-md\" href=\"https:\/\/reservations.hotel-spider.com\/01G57de3b1de7690\/package\/01G660fbb8593597\" rel=\"nofollow noopener\" target=\"_blank\">\n\t\t\t\t\t\t\tBuchen\t\t\t\t\t\t<\/a>\n\t\t\t\t\t\n\t\t\t\t\t\t\t\t\t<\/div>\n\t\t\t\t\t<\/div>\n\n\t\t\t\t\t\t<\/div>\n\t\t\t\t<\/div>\n\t\t\t\t\t<\/div>\n\t\t\t\t<\/div>\n\t\t<div class=\"elementor-element elementor-element-234ba6c e-flex e-con-boxed e-con e-parent\" data-id=\"234ba6c\" data-element_type=\"container\" data-e-type=\"container\">\n\t\t\t\t\t<div class=\"e-con-inner\">\n\t\t\t\t<div class=\"elementor-element elementor-element-7c475db elementor-widget elementor-widget-spacer\" data-id=\"7c475db\" data-element_type=\"widget\" data-e-type=\"widget\" data-widget_type=\"spacer.default\">\n\t\t\t\t<div class=\"elementor-widget-container\">\n\t\t\t\t\t\t\t<div class=\"elementor-spacer\">\n\t\t\t<div class=\"elementor-spacer-inner\"><\/div>\n\t\t<\/div>\n\t\t\t\t\t\t<\/div>\n\t\t\t\t<\/div>\n\t\t\t\t\t<\/div>\n\t\t\t\t<\/div>\n\t\t<div class=\"elementor-element elementor-element-426b7a8 e-con-full e-flex e-con e-parent\" data-id=\"426b7a8\" data-element_type=\"container\" data-e-type=\"container\" data-settings=\"{&quot;background_background&quot;:&quot;classic&quot;}\">\n\t\t<div class=\"elementor-element elementor-element-dae4b3c e-grid e-con-full e-con e-child\" data-id=\"dae4b3c\" data-element_type=\"container\" data-e-type=\"container\">\n\t\t\t\t<div class=\"elementor-element elementor-element-0ff76d2 elementor-widget elementor-widget-text-editor\" data-id=\"0ff76d2\" data-element_type=\"widget\" data-e-type=\"widget\" data-widget_type=\"text-editor.default\">\n\t\t\t\t<div class=\"elementor-widget-container\">\n\t\t\t\t\t\t\t\t\t<h4><span style=\"color: #ffffff;\">Selbst buchen auf unserer Homepage ist kinderleicht und lohnt sich. Profitieren Sie von unserer Bestpreis-Garantie und sparen Sie bis zu 35 % in Abh\u00e4ngigkeit der Zimmerkategorie und des Reisezeitraums. Wir bieten au\u00dferdem immer wieder tolle Urlaubs-Schn\u00e4ppchen, die Sie sich nicht entgehen lassen sollten.<\/span><\/h4>\t\t\t\t\t\t\t\t<\/div>\n\t\t\t\t<\/div>\n\t\t\t\t<div class=\"elementor-element elementor-element-9677848 elementor-widget elementor-widget-text-editor\" data-id=\"9677848\" data-element_type=\"widget\" data-e-type=\"widget\" data-widget_type=\"text-editor.default\">\n\t\t\t\t<div class=\"elementor-widget-container\">\n\t\t\t\t\t\t\t\t\t<h4><span style=\"color: #666666;\">Bis zu 35% sparen!<\/span><\/h4><h3 style=\"text-align: left;\">Direktbucher-Vorteile &#8211; nur auf der Homepage buchbar<\/h3>\t\t\t\t\t\t\t\t<\/div>\n\t\t\t\t<\/div>\n\t\t\t\t<div class=\"elementor-element elementor-element-b575de5 elementor-widget elementor-widget-button\" data-id=\"b575de5\" data-element_type=\"widget\" data-e-type=\"widget\" data-widget_type=\"button.default\">\n\t\t\t\t<div class=\"elementor-widget-container\">\n\t\t\t\t\t\t\t\t\t<div class=\"elementor-button-wrapper\">\n\t\t\t\t\t<a class=\"elementor-button elementor-button-link elementor-size-sm\" href=\"https:\/\/reservations.hotel-spider.com\/01G57de3b1de7690\/\" rel=\"nofollow noopener\" target=\"_blank\">\n\t\t\t\t\t\t<span class=\"elementor-button-content-wrapper\">\n\t\t\t\t\t\t\t\t\t<span class=\"elementor-button-text\">Jetzt buchen<\/span>\n\t\t\t\t\t<\/span>\n\t\t\t\t\t<\/a>\n\t\t\t\t<\/div>\n\t\t\t\t\t\t\t\t<\/div>\n\t\t\t\t<\/div>\n\t\t\t\t<\/div>\n\t\t\t\t<\/div>\n\t\t<div class=\"elementor-element elementor-element-61472a7 e-flex e-con-boxed e-con e-parent\" data-id=\"61472a7\" data-element_type=\"container\" data-e-type=\"container\">\n\t\t\t\t\t<div class=\"e-con-inner\">\n\t\t\t\t<div class=\"elementor-element elementor-element-3b811d6 elementor-widget elementor-widget-spacer\" data-id=\"3b811d6\" data-element_type=\"widget\" data-e-type=\"widget\" data-widget_type=\"spacer.default\">\n\t\t\t\t<div class=\"elementor-widget-container\">\n\t\t\t\t\t\t\t<div class=\"elementor-spacer\">\n\t\t\t<div class=\"elementor-spacer-inner\"><\/div>\n\t\t<\/div>\n\t\t\t\t\t\t<\/div>\n\t\t\t\t<\/div>\n\t\t\t\t\t<\/div>\n\t\t\t\t<\/div>\n\t\t\t\t<\/div>\n\t\t","protected":false},"excerpt":{"rendered":"<p>Happy Wellness Special Angebote Happy Wellness Special aktiv. genussvoll. sparen. Der S\u00fcdliche Hochschwarzwald ist ein traumhaft sch\u00f6nes St\u00fcck Erde inmitten ausgedehnter W\u00e4lder und romantisch gelegener Flusst\u00e4ler \u2013 der Zauber dieser Natur l\u00e4dt zum Relaxen ein. Vergessen Sie den Alltagsstress, lassen Sie sich auf eine Landschaft mit aufregend sch\u00f6nen und aussichtsreichen Hochebenen ein, relaxen Sie im [&hellip;]<\/p>\n","protected":false},"author":1,"featured_media":1827,"parent":2328,"menu_order":0,"comment_status":"closed","ping_status":"closed","template":"","meta":{"footnotes":""},"class_list":["post-5470","page","type-page","status-publish","has-post-thumbnail","hentry"],"_links":{"self":[{"href":"https:\/\/sonnenhof-sonnhalde.de\/de_de\/wp-json\/wp\/v2\/pages\/5470","targetHints":{"allow":["GET"]}}],"collection":[{"href":"https:\/\/sonnenhof-sonnhalde.de\/de_de\/wp-json\/wp\/v2\/pages"}],"about":[{"href":"https:\/\/sonnenhof-sonnhalde.de\/de_de\/wp-json\/wp\/v2\/types\/page"}],"author":[{"embeddable":true,"href":"https:\/\/sonnenhof-sonnhalde.de\/de_de\/wp-json\/wp\/v2\/users\/1"}],"replies":[{"embeddable":true,"href":"https:\/\/sonnenhof-sonnhalde.de\/de_de\/wp-json\/wp\/v2\/comments?post=5470"}],"version-history":[{"count":10,"href":"https:\/\/sonnenhof-sonnhalde.de\/de_de\/wp-json\/wp\/v2\/pages\/5470\/revisions"}],"predecessor-version":[{"id":10605,"href":"https:\/\/sonnenhof-sonnhalde.de\/de_de\/wp-json\/wp\/v2\/pages\/5470\/revisions\/10605"}],"up":[{"embeddable":true,"href":"https:\/\/sonnenhof-sonnhalde.de\/de_de\/wp-json\/wp\/v2\/pages\/2328"}],"wp:featuredmedia":[{"embeddable":true,"href":"https:\/\/sonnenhof-sonnhalde.de\/de_de\/wp-json\/wp\/v2\/media\/1827"}],"wp:attachment":[{"href":"https:\/\/sonnenhof-sonnhalde.de\/de_de\/wp-json\/wp\/v2\/media?parent=5470"}],"curies":[{"name":"wp","href":"https:\/\/api.w.org\/{rel}","templated":true}]}}