{"id":9651,"date":"2024-07-21T22:41:28","date_gmt":"2024-07-21T20:41:28","guid":{"rendered":"https:\/\/sonnenhof.bitblade.io\/?page_id=9651"},"modified":"2024-08-09T21:08:27","modified_gmt":"2024-08-09T19:08:27","slug":"allgemeine-geschaeftsbedingungen","status":"publish","type":"page","link":"https:\/\/sonnenhof-sonnhalde.de\/de_de\/allgemeine-geschaeftsbedingungen\/","title":{"rendered":"Allgemeine Gesch\u00e4ftsbedingungen"},"content":{"rendered":"\t\t<div data-elementor-type=\"wp-page\" data-elementor-id=\"9651\" class=\"elementor elementor-9651\" data-elementor-post-type=\"page\">\n\t\t\t\t<div class=\"elementor-element elementor-element-8ec1519 e-flex e-con-boxed e-con e-parent\" data-id=\"8ec1519\" data-element_type=\"container\" data-e-type=\"container\" data-settings=\"{&quot;background_background&quot;:&quot;video&quot;,&quot;background_video_start&quot;:2,&quot;background_video_end&quot;:15}\">\n\t\t\t\t\t<div class=\"e-con-inner\">\n\t\t\t\t<div class=\"elementor-element elementor-element-c6b0206 elementor-widget elementor-widget-spacer\" data-id=\"c6b0206\" data-element_type=\"widget\" data-e-type=\"widget\" data-widget_type=\"spacer.default\">\n\t\t\t\t<div class=\"elementor-widget-container\">\n\t\t\t\t\t\t\t<div class=\"elementor-spacer\">\n\t\t\t<div class=\"elementor-spacer-inner\"><\/div>\n\t\t<\/div>\n\t\t\t\t\t\t<\/div>\n\t\t\t\t<\/div>\n\t\t\t\t<div class=\"elementor-element elementor-element-9c2a3d7 elementor-widget elementor-widget-image\" data-id=\"9c2a3d7\" data-element_type=\"widget\" data-e-type=\"widget\" data-widget_type=\"image.default\">\n\t\t\t\t<div class=\"elementor-widget-container\">\n\t\t\t\t\t\t\t\t\t\t\t\t\t\t\t<img decoding=\"async\" src=\"https:\/\/sonnenhof-sonnhalde.de\/wp-content\/uploads\/elementor\/thumbs\/Sonnenhof_Logo_nur_Sonne_ohne_weissen_Hintergrund-qqqkytivrflqdy2nwtqz02hb4z7sdu35cmzhfsbecg.webp\" title=\"Sonnenhof_Logo_nur_Sonne_ohne_weissen_Hintergrund.webp\" alt=\"Sonnenhof_Logo_nur_Sonne_ohne_weissen_Hintergrund.webp\" loading=\"lazy\" \/>\t\t\t\t\t\t\t\t\t\t\t\t\t\t\t<\/div>\n\t\t\t\t<\/div>\n\t\t\t\t<div class=\"elementor-element elementor-element-aa8ec97 elementor-widget elementor-widget-spacer\" data-id=\"aa8ec97\" data-element_type=\"widget\" data-e-type=\"widget\" data-widget_type=\"spacer.default\">\n\t\t\t\t<div class=\"elementor-widget-container\">\n\t\t\t\t\t\t\t<div class=\"elementor-spacer\">\n\t\t\t<div class=\"elementor-spacer-inner\"><\/div>\n\t\t<\/div>\n\t\t\t\t\t\t<\/div>\n\t\t\t\t<\/div>\n\t\t\t\t<div class=\"elementor-element elementor-element-ba17791 elementor-widget elementor-widget-heading\" data-id=\"ba17791\" data-element_type=\"widget\" data-e-type=\"widget\" data-widget_type=\"heading.default\">\n\t\t\t\t<div class=\"elementor-widget-container\">\n\t\t\t\t\t<h1 class=\"elementor-heading-title elementor-size-default\">Allgemeine<br> Gesch\u00e4ftsbedingungen<\/h1>\t\t\t\t<\/div>\n\t\t\t\t<\/div>\n\t\t\t\t\t<\/div>\n\t\t\t\t<\/div>\n\t\t<div class=\"elementor-element elementor-element-5c9828b e-flex e-con-boxed e-con e-parent\" data-id=\"5c9828b\" data-element_type=\"container\" data-e-type=\"container\">\n\t\t\t\t\t<div class=\"e-con-inner\">\n\t\t\t\t<div class=\"elementor-element elementor-element-5afadb5 elementor-widget elementor-widget-spacer\" data-id=\"5afadb5\" data-element_type=\"widget\" data-e-type=\"widget\" data-widget_type=\"spacer.default\">\n\t\t\t\t<div class=\"elementor-widget-container\">\n\t\t\t\t\t\t\t<div class=\"elementor-spacer\">\n\t\t\t<div class=\"elementor-spacer-inner\"><\/div>\n\t\t<\/div>\n\t\t\t\t\t\t<\/div>\n\t\t\t\t<\/div>\n\t\t\t\t\t<\/div>\n\t\t\t\t<\/div>\n\t\t<div class=\"elementor-element elementor-element-af3aee2 e-flex e-con-boxed e-con e-parent\" data-id=\"af3aee2\" data-element_type=\"container\" data-e-type=\"container\">\n\t\t\t\t\t<div class=\"e-con-inner\">\n\t\t\t\t<div class=\"elementor-element elementor-element-60f0239 elementor-widget elementor-widget-text-editor\" data-id=\"60f0239\" data-element_type=\"widget\" data-e-type=\"widget\" data-widget_type=\"text-editor.default\">\n\t\t\t\t<div class=\"elementor-widget-container\">\n\t\t\t\t\t\t\t\t\t<h2><span style=\"color: #be9f56;\">SONNENHOF &#8211; ALLGEMEINE GESCH\u00c4FTSBEDINGUNGEN<\/span><\/h2><h3><span style=\"color: #be9f56;\">I. Allgemeine Bedingungen<\/span><\/h3><p><span style=\"color: #666666;\">1. Die vorliegenden allgemeinen Bedingungen gelten f\u00fcr alle Vertr\u00e4ge, die mit dem Hotel abgeschlossen werden, sofern sie die Merkmale des AGBG erf\u00fcllen. Sie k\u00f6nnen durch im Einzelfall ausgehandelte Bedingungen teilweise ersetzt werden.<\/span><\/p><p><span style=\"color: #666666;\">2. Der Kunde oder Gast tr\u00e4gt das alleinige Haftungsrisiko f\u00fcr Gegenst\u00e4nde oder Materialien, die er in allgemein zug\u00e4nglichen R\u00e4umen, in den technischen Einrichtungen oder Veranstaltungsr\u00e4umen des Hotels hinterlassen hat. Im Zimmer kann eine Haftung nur dann \u00fcbernommen werden, wenn es sich um pers\u00f6nliche Gegenst\u00e4nde des Kunden handelt, die er zum Zeitpunkt der Nutzung des Zimmers effektiv ben\u00f6tigt. Die Haftung muss hier auf das zul\u00e4ssige Ma\u00df beschr\u00e4nkt werden. Wertgegenst\u00e4nde wie Schmuck, Bargeld, Pelzm\u00e4ntel o.\u00e4. m\u00fcssen bei der Hotelrezeption hinterlegt werden, wobei ein gesonderter Aufbewahrungsvertrag mit einer dazu berechtigten Person abzuschlie\u00dfen ist. Die Haftung des Hotels f\u00fcr nicht hinterlegte Wertgegenst\u00e4nde ist ausgeschlossen.<\/span><\/p><p><span style=\"color: #666666;\">3. S\u00e4mtliche Preisauszeichnungen und -vereinbarungen gelten in EURO (EUR). Sofern ausl\u00e4ndische W\u00e4hrungen genannt werden, so dient dies ausschlie\u00dflich zur unverbindlichen Orientierung auf Basis des zum Zeitpunkt der Ver\u00f6ffentlichung g\u00fcltigen Wechselkurses.<\/span><\/p><p><span style=\"color: #666666;\">4. Soweit dem Kunden ein KFZ-Stellplatz auf dem Hotelparkplatz oder der Hotelgarage &#8211; auch gegen Entgelt &#8211; zur Verf\u00fcgung gestellt wird, so kommt dadurch ausdr\u00fccklich kein Verwahrungsvertrag zustande. Es besteht keine \u00dcberwachungspflicht des Hotels.<\/span><\/p><h3><span style=\"color: #be9f56;\">II. Bedingungen f\u00fcr \u00dcbernachtungen<\/span><\/h3><p><span style=\"color: #666666;\">1. Ein Vertrag ist zustande gekommen, wenn der Bestellung eine gleichlautende Zusage gefolgt ist. Bei Hotel\u00fcbernachtungen gilt der Beherbergungsvertrag (Gastaufnahmevertrag) auch dann als zustande gekommen, wenn das Zimmer ohne vorherige Zusage bereitgestellt wurde. Der Abschluss des Beherbergungsvertrages verpflichtet beide Vertragsparteien zur Erf\u00fcllung des Vertrages, gleichg\u00fcltig auf welche Dauer der Vertrag abgeschlossen wurde. Der Vertrag kann nicht einseitig gel\u00f6st werden.<\/span><\/p><p><span style=\"color: #666666;\">2. Reservierte Zimmer stehen am Anreisetag ab 15:00 Uhr und am Abreisetag bis 11:00 Uhr zur Verf\u00fcgung. Die Hotelzimmer werden bei garantierter Buchung fest gehalten. Bei nicht garantierten Buchungen verf\u00e4llt der Zimmeranspruch um 18:00 Uhr am Anreisetag.<\/span><\/p><p><span style=\"color: #666666;\">3. Die ausgewiesenen Zimmerpreise verstehen sich einschlie\u00dflich Mehrwertsteuer und Bedienungsgeld, und beziehen sich auf den Leistungszeitraum von einem Tag.<\/span><\/p><p><span style=\"color: #666666;\">4. Der Rechnungsbetrag ist sofort mit Zugang der Rechnung ohne Abzug bar f\u00e4llig.<\/span><\/p><p><span style=\"color: #666666;\">5. Die Akzeptanz von Kreditkarten ist dem Hotel in jedem Falle freigestellt, unabh\u00e4ngig von den aush\u00e4ngenden allgemeinen Akzeptanzverweisen. Die Entgegennahme von Kreditkarten, Schecks und sonstigen Zahlungsmitteln erfolgt nur erf\u00fcllungshalber. Die F\u00e4lligkeit der Barzahlung ist von der Annahme dieser Zahlungsmittel nicht betroffen.<\/span><\/p><p><span style=\"color: #666666;\">6. \u00dcberschreitet der Zeitraum zwischen Vertragsabschluss und Inanspruchnahme der Leistung vier Monate, und \u00e4ndert sich der f\u00fcr die Leistung in Rechnung gestellte Preis, so kann der vereinbarte Preis entsprechend, jedoch maximal um 10 %, erh\u00f6ht werden.<\/span><\/p><p><span style=\"color: #666666;\">7. Eine R\u00fcckverg\u00fctung bezahlter aber nicht in Anspruch genommener Leistungen oder Teilleistungen ist nicht m\u00f6glich.<\/span><\/p><p><span style=\"color: #666666;\">8. Bei Zahlungsverzug ist das Hotel berechtigt, einen Zinssatz von 4 % \u00fcber dem g\u00fcltigen Bundesbank-Diskontsatz zu berechnen.<\/span><\/p><p><span style=\"color: #666666;\">9. Wenn der Rechnungsbetrag EUR 500,- \u00fcbersteigt, kann auf Anfrage des Kunden eine Gesamtrechnung \u00fcbersandt werden. Die Rechnungen sind innerhalb von 10 Tagen nach Erhalt zahlbar. Die Zahlung von Einzelrechnungen kann durch das Hotel bereits vorab verlangt werden.<\/span><\/p><p><span style=\"color: #666666;\">10. Der Zahlungsverzug auch nur einer Rechnung berechtigt das Hotel, alle weiteren und zuk\u00fcnftigen Leistungen f\u00fcr den Kunden einzustellen. Das Hotel entscheidet hier\u00fcber ohne Ank\u00fcndigung.<\/span><\/p><p><span style=\"color: #666666;\">11. Bei einer Aufenthaltsdauer von mehr als sechs Tagen oder einem Rechnungsbetrag von mehr als EUR 250,&#8211; beh\u00e4lt sich das Hotel die Ausstellung einer Zwischenrechnung vor.<\/span><\/p><p><span style=\"color: #666666;\">12. Ist der Besteller nicht gleichzeitig Kunde oder Gast, oder bestellt er zu Lasten eines anderen, so haften beide als Gesamtschuldner.<\/span><\/p><p><span style=\"color: #666666;\">13. Das Hotel ist bem\u00fcht, Weckauftr\u00e4ge mit gr\u00f6\u00dfter Sorgfalt auszuf\u00fchren. Schadensersatzanspr\u00fcche aus eventueller Unterlassung sind jedoch ausgeschlossen.<\/span><\/p><p><span style=\"color: #666666;\">14. Zu H\u00e4nden des Kunden bestimmte Nachrichten, Post- und Warensendungen o.\u00e4. werden mit gr\u00f6\u00dfter Sorgfalt behandelt. Das Hotel \u00fcbernimmt die Aufbewahrung, Zustellung und auf Wunsch &#8211; gegen Entgelt &#8211; Nachsendung derselben. Eine Haftung f\u00fcr Verlust, Verz\u00f6gerung oder Besch\u00e4digung ist jedoch ausgeschlossen.<\/span><\/p><p><span style=\"color: #666666;\">15. Zur\u00fcckgebliebene Sachen des Kunden werden nur auf Anfrage, Risiko und Kosten des Kunden nachgesandt. Das Hotel verpflichtet sich, solche Sachen sechs Monate aufzubewahren. Danach werden sie, sofern ein erkennbarer Wert besteht, dem lokalen Fundb\u00fcro \u00fcbergeben.<\/span><\/p><p><span style=\"color: #666666;\">16. Das Hotel kann die ihm obliegende Leistung bis zur Erbringung der f\u00e4lligen Gegenleistung verweigern.<\/span><\/p><p><span style=\"color: #666666;\">17. Au\u00dferordentliche Reinigungskosten oder entstandener Schaden am Hotel-\/Zimmerinventar werden dem Gast nachweislich entsprechend in Rechnung gestellt.<\/span><\/p><p><span style=\"color: #666666;\">18. R\u00fccktrittserkl\u00e4rungen sind <\/span><span style=\"color: #666666;\">grunds\u00e4tzlich schriftlich, vor Ablauf der Fristen vorzulegen. Es gelten die folgenden Fristen und R\u00fccktrittsgeb\u00fchren f\u00fcr Individual\u00fcbernachtungen (maximal 3 Zimmer): R\u00fccktritt bis 7 Tage vor Anreise kostenfrei. Es gelten die folgenden Fristen und R\u00fccktrittsgeb\u00fchren f\u00fcr Gruppenbuchungen (mehr als 3 Zimmer) und Buchungen von Veranstaltungsr\u00e4umen, Veranstaltungspauschalen, Men\u00fcs, B\u00fcffets und anderen Bewirtungsleistungen: R\u00fccktritt bis zum 45. Tag vor Ankunft &#8211; kostenfrei; 30. Tag vor Ankunft &#8211; 30 % des vereinbarten Preises; 15. Tag vor Ankunft &#8211; 50 % des vereinbarten Preises; 14. Tag bis Tag der Ankunft &#8211; 100 % des vereinbarten Preises. Die Haftung f\u00fcr die nicht in Anspruch genommene Leistung vermindert sich als Aufwandsersparnis um 20 % der jeweiligen Haftungssumme.<\/span><\/p><h3><span style=\"color: #be9f56;\">III. Besondere Bedingungen f\u00fcr Urlauber mit Hund<\/span><\/h3><p><span style=\"color: #666666;\">Um allen unseren G\u00e4sten einen angenehmen und erholsamen Aufenthalt zu erm\u00f6glichen, m\u00fcssen wir unsere &#8222;Urlauber mit Hund&#8220; darum ersuchen, folgende Punkte zu beachten und einzuhalten:<\/span><\/p><p><span style=\"color: #666666;\">1. Innerhalb des Hotels sind Hunde stets an der Leine zu f\u00fchren. Diese Ma\u00dfnahme gilt auch f\u00fcr die hoteleigenen Au\u00dfenanlagen.<\/span><\/p><p><span style=\"color: #666666;\">2. In unserem Restaurant d\u00fcrfen es sich gut erzogene Hunde unter dem Tisch gem\u00fctlich machen. Ausnahmeregel: der Bereich der Galerie &#8211; dort sind Vierbeiner nicht erlaubt. Diese Regel gilt auch f\u00fcr den Fr\u00fchst\u00fccksraum.<\/span><\/p><p><span style=\"color: #666666;\">3. Der Wellnessbereich sowie die dazugeh\u00f6rige Au\u00dfenanlage ist f\u00fcr Tiere ebenfalls nicht zug\u00e4ngig.<\/span><\/p><p><span style=\"color: #666666;\">4. Als Selbstverst\u00e4ndlichkeit betrachten wir, dass unsere &#8222;G\u00e4ste mit Hund&#8220; die eigenen Decken und Hundek\u00f6rbe mitbringen und sich die Hunde auch nur in diesen aufhalten. Das Aufhalten Ihres Hundes in unseren Hotelbetten ist untersagt und kann zu Zusatzkosten f\u00fchren.<\/span><\/p><h3><span style=\"color: #be9f56;\">IV. Besondere Bedingungen f\u00fcr Veranstaltungen, Raummieten, Pauschalen, Men\u00fcs, Buffets und andere Bewirtungsleistungen<\/span><\/h3><p><span style=\"color: #666666;\">1. Ein Vertrag gilt als abgeschlossen, wenn seitens des Hotels eine Auftragsbest\u00e4tigung abgegeben wurde. Auftrag und Auftragsbest\u00e4tigung bed\u00fcrfen der Schriftform.<\/span><\/p><p><span style=\"color: #666666;\">2. Als Veranstalter gilt die dem Hotel gegen\u00fcber als solche auftretende Person, gleich ob sie Befugnis zur Stellvertretung inne hat oder nicht. Im Zweifelsfall haftet sie gemeinsam mit dem tats\u00e4chlichen Veranstalter gesamtschuldnerisch.<\/span><\/p><p><span style=\"color: #666666;\">3. Sollte der Veranstalter eine politische, weltanschauliche oder religi\u00f6se Vereinigung, Scientology-Gruppen und\/oder deren Tarnorganisationen o.\u00e4. sein, so bedarf es zur Wirksamkeit des Vertrages zus\u00e4tzlich der ausdr\u00fccklichen vorherigen schriftlichen Genehmigung durch die Gesch\u00e4ftsleitung des Hotels. Verschweigt der Veranstalter gegen\u00fcber dem Hotel, dass es sich um eine solche o.\u00e4. Vereinigung handelt, so ist das Hotel berechtigt, den Vertrag zu l\u00f6sen, und mindestens die vereinbarten Preise als Schadensersatz geltend zu machen. Gleiches gilt, wenn die Art der Veranstaltung den Ruf oder die Sicherheit des Hotels gef\u00e4hrden oder den reibungslosen Gesch\u00e4ftsablauf behindern k\u00f6nnte.<\/span><\/p><p><span style=\"color: #666666;\">4. Eine Unter- oder Weitervermietung durch den Veranstalter bedarf der ausdr\u00fccklichen vorherigen schriftlichen Genehmigung durch das Hotel.<\/span><\/p><p><span style=\"color: #666666;\">5. Die Leistung umfasst die im Auftrag genannten und mit der Auftragsbest\u00e4tigung verbindlich gewordenen Teilleistungen.<\/span><\/p><p><span style=\"color: #666666;\">6. Die reservierten R\u00e4ume stehen dem Veranstalter w\u00e4hrend des schriftlich vereinbarten Zeitraumes hinweg zur Verf\u00fcgung. Sie sind nach Ende der Veranstaltung zu r\u00e4umen und ordnungsgem\u00e4\u00df zu \u00fcbergeben.<\/span><\/p><p><span style=\"color: #666666;\">7. Die letzte vom Veranstalter bis drei Werktage vor Veranstaltungsbeginn schriftlich angegebene Teilnehmerzahl gilt als verbindlich und ist Berechnungsgrundlage. Auch bei einer Abweichung nach unten, also einer geringeren Teilnehmerzahl als gemeldet. Bei Abweichung von mehr als 10 % nach oben kann das Hotel keine Garantie \u00fcber die M\u00f6glichkeit der Erbringung der vereinbarten Leistung geben. Zudem ist das Hotel in diesem Fall berechtigt, den vereinbarten Preis entsprechend zu erh\u00f6hen. Die im Rahmen der Regelungen f\u00fcr \u00dcbernachtungen genannten R\u00fccktrittsfristen und -geb\u00fchren gelten entsprechend.<\/span><\/p><p><span style=\"color: #666666;\">8. Das Hotel ist berechtigt, vom Veranstalter eine Vorauszahlung zu verlangen.<\/span><\/p><p><span style=\"color: #666666;\">9. Der Veranstalter darf eigene Speisen oder Getr\u00e4nke grunds\u00e4tzlich nicht zu Veranstaltungen mitbringen. In Sonderf\u00e4llen kann dar\u00fcber eine schriftliche Sondervereinbarung getroffen werden. In diesem Fall ist das Hotel berechtigt, eine Servicegeb\u00fchr bzw. Korkgeld zu berechnen.<\/span><\/p><p><span style=\"color: #666666;\">10. Bei Abendveranstaltungen beh\u00e4lt sich das Hotel das Recht vor, ab 23.00 Uhr einen Nachtzuschlag zu berechnen.<\/span><\/p><p><span style=\"color: #666666;\">11. Sollten St\u00f6rungen oder Defekte an den vom Hotel zur Verf\u00fcgung gestellten technischen oder sonstigen Einrichtungen auftreten, so wird sich das Hotel bem\u00fchen, unverz\u00fcglich Abhilfe zu schaffen. Eine Zur\u00fcckhaltung oder Minderung der Zahlung kann daraus nicht abgeleitet werden. Soweit das Hotel f\u00fcr den Veranstalter technische oder sonstige Einrichtungen von Dritten beschafft, handelt es im Namen und f\u00fcr Rechnung des Veranstalters.<\/span><\/p><p><span style=\"color: #666666;\">12. Der Veranstalter haftet f\u00fcr die pflegliche Behandlung und ordnungsgem\u00e4\u00dfe R\u00fcckgabe der R\u00e4ume und Einrichtungen, und stellt das Hotel von allen Anspr\u00fcchen Dritter aus der \u00dcberlassung frei. Das Anbringen von Dekorationsmaterial oder sonstigen Gegenst\u00e4nden ist ohne ausdr\u00fcckliche vorherige Zustimmung des Hotels nicht gestattet. Sollte eine solche Zustimmung erfolgen, so \u00fcbernimmt der Kunde die Gew\u00e4hr daf\u00fcr, dass insbesondere solches Dekorationsmaterial o.\u00e4. den feuerpolizeilichen Bestimmungen entspricht. F\u00fcr Besch\u00e4digungen jeder Art haftet der Veranstalter ohne Verschuldensnachweis.<\/span><\/p><p><span style=\"color: #666666;\">13. Zeitungsanzeigen oder sonstige Verbreitungen, die Einladungen zu Veranstaltungen unter Nennung des Namens und der Adresse des Hotels enthalten, bed\u00fcrfen grunds\u00e4tzlich der vorherigen ausdr\u00fccklichen schriftlichen Zustimmung des Hotels. Erfolgt eine solche Ver\u00f6ffentlichung ohne Zustimmung des Hotels, beh\u00e4lt sich das Hotel das Recht vor, die Veranstaltung &#8211; auch kurzfristig &#8211; abzusagen. Entstehende Kosten oder Schadensersatzanspr\u00fcche gehen zu Lasten des Veranstalters.<\/span><\/p><p><span style=\"color: #666666;\">14. Die eventuell f\u00fcr eine Veranstaltung notwendigen beh\u00f6rdlichen Genehmigungen hat sich der Kunde rechtzeitig auf eigene Kosten zu beschaffen. Dem Kunden obliegt die Einhaltung \u00f6ffentlich-rechtlicher Auflagen und sonstiger Vorschriften. F\u00fcr die Veranstaltung an Dritte zu entrichtende Abgaben (insbesondere GEMA-Geb\u00fchren o.\u00e4.) hat er unmittelbar an den Gl\u00e4ubiger zu entrichten.<\/span><\/p><p><span style=\"color: #666666;\">15. Die Kosten f\u00fcr die Entsorgung von Verpackungsmaterial o.\u00e4. werden dem Veranstalter, sofern er die Entsorgung nicht selber vornimmt, gesondert in Rechnung gestellt.<\/span><\/p><p><span style=\"color: #666666;\">16. Im Falle von h\u00f6herer Gewalt, Streik o.\u00e4. ist das Hotel berechtigt, ohne Entstehen einer Schadensersatzpflicht, vom Vertrag zur\u00fcckzutreten.<\/span><\/p><h3><span style=\"color: #be9f56;\">V. Haftung<\/span><\/h3><p><span style=\"color: #666666;\">1. Es gelten die Bestimmungen der \u00a7\u00a7 701 bis 703 BGB. Eine Haftung aus sonstigen Gr\u00fcnden ist ausgeschlossen, es sei denn, der Schaden wurde aufgrund von grober Fahrl\u00e4ssigkeit oder Vorsatz seitens des Hotels oder dessen Erf\u00fcllungsgehilfen verursacht.<\/span><\/p><p><span style=\"color: #666666;\">2. Ist der Vertragspartner Vollkaufmann, so haftet er f\u00fcr alle vertraglichen Verpflichtungen, auch f\u00fcr solche von Teilnehmern oder G\u00e4sten, uneingeschr\u00e4nkt.<\/span><\/p><h3><span style=\"color: #be9f56;\">VI. Sonstige Regelungen<\/span><\/h3><p><span style=\"color: #666666;\">1. Erf\u00fcllungs- und Zahlungsort ist der Sitz des Hotels.<\/span><\/p><p><span style=\"color: #666666;\">2. Gerichtsstand ist der Sitz des Hotels. Erf\u00fcllt ein Vertragspartner die Voraussetzungen des \u00a7 38 Abs. 1 ZPO und hat keinen allgemeinen Gerichtsstand in der Bundesrepublik Deutschland, so gilt als Gerichtsstand der Sitz des Hotels.<\/span><\/p><p><span style=\"color: #666666;\">3. Es gilt das Recht der Bundesrepublik Deutschland.<\/span><\/p><p><span style=\"color: #666666;\">**Wellnesshotel Sonnenhof &amp; Sonnhalde; Inh. Ulrich Blatter**<\/span><br \/><span style=\"color: #666666;\">Schwarzwaldstra\u00dfe 9 \/ Hohlgasse 3<\/span><br \/><span style=\"color: #666666;\">D-79777 \u00dchlingen-BIRKENDORF<\/span><br \/><span style=\"color: #666666;\">www.sonnenhof-sonnhalde.de<\/span><br \/><span style=\"color: #666666;\">info@sonnenhof-sonnhalde.de<\/span><\/p><p><span style=\"color: #666666;\">AGB (PDF):<\/span><\/p>\t\t\t\t\t\t\t\t<\/div>\n\t\t\t\t<\/div>\n\t\t\t\t<div class=\"elementor-element elementor-element-ba29238 elementor-widget elementor-widget-button\" data-id=\"ba29238\" data-element_type=\"widget\" data-e-type=\"widget\" data-widget_type=\"button.default\">\n\t\t\t\t<div class=\"elementor-widget-container\">\n\t\t\t\t\t\t\t\t\t<div class=\"elementor-button-wrapper\">\n\t\t\t\t\t<a class=\"elementor-button elementor-button-link elementor-size-sm\" href=\"https:\/\/sonnenhof-sonnhalde.de\/wp-content\/uploads\/2024\/02\/AGB_Sonnenhof__Sonnhalde_062022-1.pdf\">\n\t\t\t\t\t\t<span class=\"elementor-button-content-wrapper\">\n\t\t\t\t\t\t\t\t\t<span class=\"elementor-button-text\">Herunterladen<\/span>\n\t\t\t\t\t<\/span>\n\t\t\t\t\t<\/a>\n\t\t\t\t<\/div>\n\t\t\t\t\t\t\t\t<\/div>\n\t\t\t\t<\/div>\n\t\t\t\t\t<\/div>\n\t\t\t\t<\/div>\n\t\t<div class=\"elementor-element elementor-element-2d6a56d e-flex e-con-boxed e-con e-parent\" data-id=\"2d6a56d\" data-element_type=\"container\" data-e-type=\"container\">\n\t\t\t\t\t<div class=\"e-con-inner\">\n\t\t\t\t<div class=\"elementor-element elementor-element-698fdaa elementor-widget elementor-widget-spacer\" data-id=\"698fdaa\" data-element_type=\"widget\" data-e-type=\"widget\" data-widget_type=\"spacer.default\">\n\t\t\t\t<div class=\"elementor-widget-container\">\n\t\t\t\t\t\t\t<div class=\"elementor-spacer\">\n\t\t\t<div class=\"elementor-spacer-inner\"><\/div>\n\t\t<\/div>\n\t\t\t\t\t\t<\/div>\n\t\t\t\t<\/div>\n\t\t\t\t\t<\/div>\n\t\t\t\t<\/div>\n\t\t\t\t<\/div>\n\t\t","protected":false},"excerpt":{"rendered":"<p>Allgemeine Gesch\u00e4ftsbedingungen SONNENHOF &#8211; ALLGEMEINE GESCH\u00c4FTSBEDINGUNGEN I. Allgemeine Bedingungen 1. Die vorliegenden allgemeinen Bedingungen gelten f\u00fcr alle Vertr\u00e4ge, die mit dem Hotel abgeschlossen werden, sofern sie die Merkmale des AGBG erf\u00fcllen. Sie k\u00f6nnen durch im Einzelfall ausgehandelte Bedingungen teilweise ersetzt werden. 2. Der Kunde oder Gast tr\u00e4gt das alleinige Haftungsrisiko f\u00fcr Gegenst\u00e4nde oder Materialien, die [&hellip;]<\/p>\n","protected":false},"author":6,"featured_media":0,"parent":0,"menu_order":0,"comment_status":"closed","ping_status":"closed","template":"","meta":{"footnotes":""},"class_list":["post-9651","page","type-page","status-publish","hentry"],"_links":{"self":[{"href":"https:\/\/sonnenhof-sonnhalde.de\/de_de\/wp-json\/wp\/v2\/pages\/9651","targetHints":{"allow":["GET"]}}],"collection":[{"href":"https:\/\/sonnenhof-sonnhalde.de\/de_de\/wp-json\/wp\/v2\/pages"}],"about":[{"href":"https:\/\/sonnenhof-sonnhalde.de\/de_de\/wp-json\/wp\/v2\/types\/page"}],"author":[{"embeddable":true,"href":"https:\/\/sonnenhof-sonnhalde.de\/de_de\/wp-json\/wp\/v2\/users\/6"}],"replies":[{"embeddable":true,"href":"https:\/\/sonnenhof-sonnhalde.de\/de_de\/wp-json\/wp\/v2\/comments?post=9651"}],"version-history":[{"count":4,"href":"https:\/\/sonnenhof-sonnhalde.de\/de_de\/wp-json\/wp\/v2\/pages\/9651\/revisions"}],"predecessor-version":[{"id":10281,"href":"https:\/\/sonnenhof-sonnhalde.de\/de_de\/wp-json\/wp\/v2\/pages\/9651\/revisions\/10281"}],"wp:attachment":[{"href":"https:\/\/sonnenhof-sonnhalde.de\/de_de\/wp-json\/wp\/v2\/media?parent=9651"}],"curies":[{"name":"wp","href":"https:\/\/api.w.org\/{rel}","templated":true}]}}