{"id":3021,"date":"2023-07-14T04:09:48","date_gmt":"2023-07-14T02:09:48","guid":{"rendered":"https:\/\/wellnesshotel.sonnenhof-sonnhalde.de\/?page_id=3021"},"modified":"2024-11-05T16:01:20","modified_gmt":"2024-11-05T15:01:20","slug":"approach","status":"publish","type":"page","link":"https:\/\/sonnenhof-sonnhalde.de\/en\/anfahrt\/","title":{"rendered":"Approach"},"content":{"rendered":"<div data-elementor-type=\"wp-page\" data-elementor-id=\"3021\" class=\"elementor elementor-3021\" data-elementor-post-type=\"page\">\n\t\t\t\t<div class=\"elementor-element elementor-element-f1d9221 e-con-full e-flex e-con e-parent\" data-id=\"f1d9221\" data-element_type=\"container\" data-e-type=\"container\" data-settings=\"{&quot;background_background&quot;:&quot;video&quot;,&quot;background_video_start&quot;:2,&quot;background_video_end&quot;:15}\">\n\t\t\t\t<div class=\"elementor-element elementor-element-005f8b0 elementor-widget elementor-widget-spacer\" data-id=\"005f8b0\" data-element_type=\"widget\" data-e-type=\"widget\" data-widget_type=\"spacer.default\">\n\t\t\t\t<div class=\"elementor-widget-container\">\n\t\t\t\t\t\t\t<div class=\"elementor-spacer\">\n\t\t\t<div class=\"elementor-spacer-inner\"><\/div>\n\t\t<\/div>\n\t\t\t\t\t\t<\/div>\n\t\t\t\t<\/div>\n\t\t\t\t<div class=\"elementor-element elementor-element-c66d40f elementor-widget elementor-widget-image\" data-id=\"c66d40f\" data-element_type=\"widget\" data-e-type=\"widget\" data-widget_type=\"image.default\">\n\t\t\t\t<div class=\"elementor-widget-container\">\n\t\t\t\t\t\t\t\t\t\t\t\t\t\t\t<img decoding=\"async\" src=\"https:\/\/sonnenhof-sonnhalde.de\/wp-content\/uploads\/elementor\/thumbs\/Sonnenhof_Logo_nur_Sonne_ohne_weissen_Hintergrund-qqqkytivrflqdy2nwtqz02hb4z7sdu35cmzhfsbecg.webp\" title=\"Sonnenhof_logo_only_sun_without_white_background.webp\" alt=\"Sonnenhof_logo_only_sun_without_white_background.webp\" loading=\"lazy\" \/>\t\t\t\t\t\t\t\t\t\t\t\t\t\t\t<\/div>\n\t\t\t\t<\/div>\n\t\t\t\t<div class=\"elementor-element elementor-element-cfcfa5f elementor-widget elementor-widget-spacer\" data-id=\"cfcfa5f\" data-element_type=\"widget\" data-e-type=\"widget\" data-widget_type=\"spacer.default\">\n\t\t\t\t<div class=\"elementor-widget-container\">\n\t\t\t\t\t\t\t<div class=\"elementor-spacer\">\n\t\t\t<div class=\"elementor-spacer-inner\"><\/div>\n\t\t<\/div>\n\t\t\t\t\t\t<\/div>\n\t\t\t\t<\/div>\n\t\t\t\t<div class=\"elementor-element elementor-element-7fb8ecd elementor-widget-mobile__width-initial elementor-widget__width-initial elementor-widget elementor-widget-heading\" data-id=\"7fb8ecd\" data-element_type=\"widget\" data-e-type=\"widget\" data-widget_type=\"heading.default\">\n\t\t\t\t<div class=\"elementor-widget-container\">\n\t\t\t\t\t<h2 class=\"elementor-heading-title elementor-size-default\">Off to the Black Forest<\/h2>\t\t\t\t<\/div>\n\t\t\t\t<\/div>\n\t\t\t\t<div class=\"elementor-element elementor-element-8c99457 elementor-widget elementor-widget-heading\" data-id=\"8c99457\" data-element_type=\"widget\" data-e-type=\"widget\" data-widget_type=\"heading.default\">\n\t\t\t\t<div class=\"elementor-widget-container\">\n\t\t\t\t\t<h1 class=\"elementor-heading-title elementor-size-default\">Approach<\/h1>\t\t\t\t<\/div>\n\t\t\t\t<\/div>\n\t\t\t\t<\/div>\n\t\t<div class=\"elementor-element elementor-element-46123d1 e-flex e-con-boxed e-con e-parent\" data-id=\"46123d1\" data-element_type=\"container\" data-e-type=\"container\">\n\t\t\t\t\t<div class=\"e-con-inner\">\n\t\t\t\t<div class=\"elementor-element elementor-element-e443abc elementor-widget elementor-widget-spacer\" data-id=\"e443abc\" data-element_type=\"widget\" data-e-type=\"widget\" data-widget_type=\"spacer.default\">\n\t\t\t\t<div class=\"elementor-widget-container\">\n\t\t\t\t\t\t\t<div class=\"elementor-spacer\">\n\t\t\t<div class=\"elementor-spacer-inner\"><\/div>\n\t\t<\/div>\n\t\t\t\t\t\t<\/div>\n\t\t\t\t<\/div>\n\t\t\t\t\t<\/div>\n\t\t\t\t<\/div>\n\t\t<div class=\"elementor-element elementor-element-9171f93 e-flex e-con-boxed e-con e-parent\" data-id=\"9171f93\" data-element_type=\"container\" data-e-type=\"container\">\n\t\t\t\t\t<div class=\"e-con-inner\">\n\t\t\t\t<div class=\"elementor-element elementor-element-8e6576c elementor-cta--layout-image-right elementor-cta--valign-middle animated-fast elementor-widget-mobile__width-initial elementor-cta--skin-classic elementor-animated-content elementor-widget elementor-widget-call-to-action\" data-id=\"8e6576c\" data-element_type=\"widget\" data-e-type=\"widget\" data-settings=\"{&quot;_animation&quot;:&quot;none&quot;,&quot;_animation_delay&quot;:750}\" data-widget_type=\"call-to-action.default\">\n\t\t\t\t<div class=\"elementor-widget-container\">\n\t\t\t\t\t\t\t<div class=\"elementor-cta\">\n\t\t\t\t\t\t\t<div class=\"elementor-cta__content\">\n\t\t\t\t\t\t\t\t\t<div class=\"elementor-content-item elementor-cta__content-item elementor-cta__image\">\n\t\t\t\t\t\t<img decoding=\"async\" width=\"150\" height=\"150\" src=\"https:\/\/sonnenhof-sonnhalde.de\/wp-content\/uploads\/2024\/07\/Sonnenhof_Logo_nur_Sonne_ohne_weissen_Hintergrund-150x150.webp\" class=\"attachment-thumbnail size-thumbnail wp-image-7436\" alt=\"\" srcset=\"https:\/\/sonnenhof-sonnhalde.de\/wp-content\/uploads\/2024\/07\/Sonnenhof_Logo_nur_Sonne_ohne_weissen_Hintergrund-150x150.webp 150w, https:\/\/sonnenhof-sonnhalde.de\/wp-content\/uploads\/2024\/07\/Sonnenhof_Logo_nur_Sonne_ohne_weissen_Hintergrund-300x300.webp 300w, https:\/\/sonnenhof-sonnhalde.de\/wp-content\/uploads\/2024\/07\/elementor\/thumbs\/Sonnenhof_Logo_nur_Sonne_ohne_weissen_Hintergrund-qqqkytivrflqdy2nwtqz02hb4z7sdu35cmzhfsbecg.webp 240w, https:\/\/sonnenhof-sonnhalde.de\/wp-content\/uploads\/2024\/07\/Sonnenhof_Logo_nur_Sonne_ohne_weissen_Hintergrund.webp 348w\" sizes=\"(max-width: 150px) 100vw, 150px\" title=\"\">\t\t\t\t\t<\/div>\n\t\t\t\t\n\t\t\t\t\t\t\t\t\t<h2 class=\"elementor-cta__title elementor-cta__content-item elementor-content-item\">\n\t\t\t\t\t\tAre you planning a stay at our hotel?\t\t\t\t\t<\/h2>\n\t\t\t\t\n\t\t\t\t\t\t\t\t\t<div class=\"elementor-cta__description elementor-cta__content-item elementor-content-item\">\n\t\t\t\t\t\tBook online here and save up to 35 %!\t\t\t\t\t<\/div>\n\t\t\t\t\n\t\t\t\t\t\t\t\t\t<div class=\"elementor-cta__button-wrapper elementor-cta__content-item elementor-content-item\">\n\t\t\t\t\t<a class=\"elementor-cta__button elementor-button elementor-size-\" href=\"https:\/\/reservations.hotel-spider.com\/01G57de3b1de7690\/\" target=\"_blank\" rel=\"nofollow noopener\">\n\t\t\t\t\t\tCheck availability\t\t\t\t\t<\/a>\n\t\t\t\t\t<\/div>\n\t\t\t\t\t\t\t<\/div>\n\t\t\t\t\t\t<\/div>\n\t\t\t\t\t\t<\/div>\n\t\t\t\t<\/div>\n\t\t\t\t\t<\/div>\n\t\t\t\t<\/div>\n\t\t<div class=\"elementor-element elementor-element-cb30f9a e-flex e-con-boxed e-con e-parent\" data-id=\"cb30f9a\" data-element_type=\"container\" data-e-type=\"container\">\n\t\t\t\t\t<div class=\"e-con-inner\">\n\t\t\t\t<div class=\"elementor-element elementor-element-b187cd1 elementor-widget elementor-widget-spacer\" data-id=\"b187cd1\" data-element_type=\"widget\" data-e-type=\"widget\" data-widget_type=\"spacer.default\">\n\t\t\t\t<div class=\"elementor-widget-container\">\n\t\t\t\t\t\t\t<div class=\"elementor-spacer\">\n\t\t\t<div class=\"elementor-spacer-inner\"><\/div>\n\t\t<\/div>\n\t\t\t\t\t\t<\/div>\n\t\t\t\t<\/div>\n\t\t\t\t\t<\/div>\n\t\t\t\t<\/div>\n\t\t<div class=\"elementor-element elementor-element-6ae4179 e-flex e-con-boxed e-con e-parent\" data-id=\"6ae4179\" data-element_type=\"container\" data-e-type=\"container\">\n\t\t\t\t\t<div class=\"e-con-inner\">\n\t\t\t\t<div class=\"elementor-element elementor-element-e06687c elementor-widget elementor-widget-heading\" data-id=\"e06687c\" data-element_type=\"widget\" data-e-type=\"widget\" data-widget_type=\"heading.default\">\n\t\t\t\t<div class=\"elementor-widget-container\">\n\t\t\t\t\t<h2 class=\"elementor-heading-title elementor-size-default\">Your journey <br>\nby car, train or aeroplane<\/h2>\t\t\t\t<\/div>\n\t\t\t\t<\/div>\n\t\t\t\t\t<\/div>\n\t\t\t\t<\/div>\n\t\t<div class=\"elementor-element elementor-element-152db44 e-flex e-con-boxed e-con e-parent\" data-id=\"152db44\" data-element_type=\"container\" data-e-type=\"container\">\n\t\t\t\t\t<div class=\"e-con-inner\">\n\t\t\t\t<div class=\"elementor-element elementor-element-19aad59 elementor-widget elementor-widget-google_maps\" data-id=\"19aad59\" data-element_type=\"widget\" data-e-type=\"widget\" data-widget_type=\"google_maps.default\">\n\t\t\t\t<div class=\"elementor-widget-container\">\n\t\t\t\t\t\t\t<div class=\"elementor-custom-embed\">\n\t\t\t<iframe loading=\"lazy\"\n\t\t\t\t\tsrc=\"https:\/\/www.google.com\/maps\/embed\/v1\/place?key=AIzaSyDrAqeoN06N2KKPXtg7GkF-QCGNzEfrG6c&#038;q=wellnesshotel%20Sonnenhof%20%26%20Sonnhalde&#038;zoom=16\"\n\t\t\t\t\ttitle=\"wellnesshotel Sonnenhof &amp; Sonnhalde\"\n\t\t\t\t\taria-label=\"wellnesshotel Sonnenhof &amp; Sonnhalde\"\n\t\t\t><\/iframe>\n\t\t<\/div>\n\t\t\t\t\t\t<\/div>\n\t\t\t\t<\/div>\n\t\t\t\t\t<\/div>\n\t\t\t\t<\/div>\n\t\t<div class=\"elementor-element elementor-element-1217085 e-flex e-con-boxed e-con e-parent\" data-id=\"1217085\" data-element_type=\"container\" data-e-type=\"container\">\n\t\t\t\t\t<div class=\"e-con-inner\">\n\t\t\t\t<div class=\"elementor-element elementor-element-1f4330a elementor-widget elementor-widget-spacer\" data-id=\"1f4330a\" data-element_type=\"widget\" data-e-type=\"widget\" data-widget_type=\"spacer.default\">\n\t\t\t\t<div class=\"elementor-widget-container\">\n\t\t\t\t\t\t\t<div class=\"elementor-spacer\">\n\t\t\t<div class=\"elementor-spacer-inner\"><\/div>\n\t\t<\/div>\n\t\t\t\t\t\t<\/div>\n\t\t\t\t<\/div>\n\t\t\t\t\t<\/div>\n\t\t\t\t<\/div>\n\t\t<div class=\"elementor-element elementor-element-60d6aa5 e-flex e-con-boxed e-con e-parent\" data-id=\"60d6aa5\" data-element_type=\"container\" data-e-type=\"container\">\n\t\t\t\t\t<div class=\"e-con-inner\">\n\t\t\t\t<div class=\"elementor-element elementor-element-6342b21 elementor-widget elementor-widget-text-editor\" data-id=\"6342b21\" data-element_type=\"widget\" data-e-type=\"widget\" data-widget_type=\"text-editor.default\">\n\t\t\t\t<div class=\"elementor-widget-container\">\n\t\t\t\t\t\t\t\t\t<h2><span style=\"color: #be9f56;\">By car:<\/span><\/h2><p><span style=\"color: #666666;\"><strong><span style=\"color: #be9f56;\">\u261b <\/span>A5 Frankfurt-Basel motorway:<\/strong>\u00a0Exit Freiburg via the B31 to Titisee. Continue via B\u00e4rental, Schluchsee, Seebrugg, Rothaus to \u00dchlingen-BIRKENDORF.<\/span><\/p><p><span style=\"color: #666666;\"><strong><span style=\"color: #be9f56;\">\u261b <\/span>A 81 Stuttgart-Singen motorway:<\/strong>\u00a0Exit Donaueschingen, B27 to exit Hausen, Bonndorf, continue via Rothaus to \u00dchlingen-<strong>BIRKENDORF<\/strong>.<\/span><\/p><p><span style=\"color: #666666;\"><strong><span style=\"color: #be9f56;\">\u261b <\/span>Via Switzerland A3 motorway Basel - Baden:\u00a0<\/strong>Exit in the direction of Transit 5 or 7 - border crossing Koblenz-Waldshut,\u00a0<strong>more<\/strong>\u00a0Via the B34 towards Bad S\u00e4ckingen - take the B500 slip road towards H\u00e4usern, then at the roundabout towards Schluchsee, Grafenhausen. Rothaus, \u00dchlingen -BIRKENDORF\u00a0<em><strong>or\u00a0<\/strong><\/em><strong>more<\/strong><strong>\u00a0<\/strong>via the B34 towards Tiengen - Schaffhausen, exit Grafenhausen, continue towards Rothaus, \u00dchlingen-<strong>BIRKENDORF<\/strong><\/span><\/p><p><span style=\"color: #666666;\"><strong><span style=\"color: #be9f56;\">\u261b<\/span>Current road closures: Complete road closure Schl\u00fcchttal L157<\/strong><\/span><br \/><span style=\"color: #666666;\">Due to a rockfall between Witznauer S\u00e4ge and Riedersteg, the Schl\u00fcchttal must currently remain closed for an indefinite period of time. Local diversion is signposted - about 10 minutes longer journey!<\/span><\/p><h3><span style=\"color: #be9f56;\">GPS coordinates for Schwarzwaldstra\u00dfe 9:<\/span><\/h3><p><span style=\"color: #666666;\"><span style=\"color: #be9f56;\">\u261b <\/span>North 47\u00b0 45\u2032 06.57; East 8\u00b0 18\u2032 29.12<\/span><\/p><h3><span style=\"color: #be9f56;\">GPS coordinates for Hohlgasse 3:<\/span><\/h3><p><span style=\"color: #666666;\"><span style=\"color: #be9f56;\">\u261b <\/span>North 47\u00b0 45\u2032 03.78; East 8\u00b0 18\u2032 26.85<\/span><\/p><h2><span style=\"color: #be9f56;\">By public transport:<\/span><\/h2><p><span style=\"color: #666666;\">From the\u00a0<strong>Seebrugg railway station<\/strong>\u00a0or<strong>\u00a0Waldshut railway station<\/strong>-Tiengen to\u00a0<strong><em>Bus stop Birkendorf Au\u00dfendorf<\/em><\/strong>. You can create your own personal timetable\u00a0<a style=\"color: #666666;\" title=\"Your personalised timetable\" href=\"http:\/\/www.efa-bw.de\/nvbw\/XSLT_TRIP_REQUEST2?language=de\" target=\"_blank\" rel=\"noopener noreferrer nofollow\">here<\/a>\u00a0create.<\/span><\/p><h3><span style=\"color: #be9f56;\">By aeroplane:<\/span><\/h3><p><span style=\"color: #666666;\"><span style=\"color: #be9f56;\">\u261b <\/span>From the\u00a0<strong>Zurich Airport - Kloten<\/strong>\u00a0(ZRH) it is a good hour's drive to the Hotel Sonnenhof &amp; Sonnhalde. You can hire a car at the airport. We recommend that you do this before you arrive.<\/span><\/p><p><span style=\"color: #666666;\"><span style=\"color: #be9f56;\">\u261b <\/span>From the\u00a0<strong>Basel EuroAirport,<\/strong>\u00a0(<span class=\"_Xbe kno-fv\">BSL, EAP, MLH<\/span>) it is 1 hour 45 minutes by car to the Hotel Sonnenhof &amp; Sonnhalde. You have the option of hiring a hire car at the airport. We recommend that you do this before you arrive.<\/span><\/p><p><span style=\"color: #666666;\"><span style=\"color: #be9f56;\">\u261b <\/span>From the\u00a0<strong>Stuttgart Airport,<\/strong>\u00a0(<span class=\"_Xbe kno-fv\">STR<\/span>) it is a 2 hour 15 minute drive to the Hotel Sonnenhof &amp; Sonnhalde. You can hire a car at the airport. We recommend that you do this before you arrive.<\/span><\/p>\t\t\t\t\t\t\t\t<\/div>\n\t\t\t\t<\/div>\n\t\t\t\t\t<\/div>\n\t\t\t\t<\/div>\n\t\t<div class=\"elementor-element elementor-element-59ebea6 e-flex e-con-boxed e-con e-parent\" data-id=\"59ebea6\" data-element_type=\"container\" data-e-type=\"container\">\n\t\t\t\t\t<div class=\"e-con-inner\">\n\t\t\t\t<div class=\"elementor-element elementor-element-b9c931f elementor-widget elementor-widget-spacer\" data-id=\"b9c931f\" data-element_type=\"widget\" data-e-type=\"widget\" data-widget_type=\"spacer.default\">\n\t\t\t\t<div class=\"elementor-widget-container\">\n\t\t\t\t\t\t\t<div class=\"elementor-spacer\">\n\t\t\t<div class=\"elementor-spacer-inner\"><\/div>\n\t\t<\/div>\n\t\t\t\t\t\t<\/div>\n\t\t\t\t<\/div>\n\t\t\t\t\t<\/div>\n\t\t\t\t<\/div>\n\t\t\t\t<\/div>","protected":false},"excerpt":{"rendered":"<p>Auf in den Hochschwarzwald Anfahrt Sie planen einen Aufenthalt in unserem Hotel? Hier online buchen und bis zu 35 % sparen! Verf\u00fcgbarkeit pr\u00fcfen Ihre Anreise mit dem Auto, der Bahn, dem Flugzeug Mit dem Auto: \u261b A5 Autobahn Frankfurt-Basel:\u00a0Abfahrt Freiburg \u00fcber die B31 bis Titisee. Weiter \u00fcber B\u00e4rental, Schluchsee, Seebrugg, Rothaus nach \u00dchlingen-BIRKENDORF. \u261b A [&hellip;]<\/p>\n","protected":false},"author":1,"featured_media":0,"parent":0,"menu_order":0,"comment_status":"closed","ping_status":"closed","template":"","meta":{"footnotes":""},"class_list":["post-3021","page","type-page","status-publish","hentry"],"_links":{"self":[{"href":"https:\/\/sonnenhof-sonnhalde.de\/en\/wp-json\/wp\/v2\/pages\/3021","targetHints":{"allow":["GET"]}}],"collection":[{"href":"https:\/\/sonnenhof-sonnhalde.de\/en\/wp-json\/wp\/v2\/pages"}],"about":[{"href":"https:\/\/sonnenhof-sonnhalde.de\/en\/wp-json\/wp\/v2\/types\/page"}],"author":[{"embeddable":true,"href":"https:\/\/sonnenhof-sonnhalde.de\/en\/wp-json\/wp\/v2\/users\/1"}],"replies":[{"embeddable":true,"href":"https:\/\/sonnenhof-sonnhalde.de\/en\/wp-json\/wp\/v2\/comments?post=3021"}],"version-history":[{"count":7,"href":"https:\/\/sonnenhof-sonnhalde.de\/en\/wp-json\/wp\/v2\/pages\/3021\/revisions"}],"predecessor-version":[{"id":10792,"href":"https:\/\/sonnenhof-sonnhalde.de\/en\/wp-json\/wp\/v2\/pages\/3021\/revisions\/10792"}],"wp:attachment":[{"href":"https:\/\/sonnenhof-sonnhalde.de\/en\/wp-json\/wp\/v2\/media?parent=3021"}],"curies":[{"name":"wp","href":"https:\/\/api.w.org\/{rel}","templated":true}]}}