{"id":4610,"date":"2023-09-15T14:57:03","date_gmt":"2023-09-15T12:57:03","guid":{"rendered":"https:\/\/sonnenhof-sonnhalde.de\/datenschutzerklaerung\/"},"modified":"2024-11-11T15:24:21","modified_gmt":"2024-11-11T14:24:21","slug":"data-protection-declaration","status":"publish","type":"page","link":"https:\/\/sonnenhof-sonnhalde.de\/en\/datenschutzerklaerung\/","title":{"rendered":"Privacy policy"},"content":{"rendered":"<div data-elementor-type=\"wp-page\" data-elementor-id=\"4610\" class=\"elementor elementor-4610\" data-elementor-post-type=\"page\">\n\t\t\t\t<div class=\"elementor-element elementor-element-c2ad9d6 e-flex e-con-boxed e-con e-parent\" data-id=\"c2ad9d6\" data-element_type=\"container\" data-e-type=\"container\" data-settings=\"{&quot;background_background&quot;:&quot;video&quot;,&quot;background_video_start&quot;:2,&quot;background_video_end&quot;:15}\">\n\t\t\t\t\t<div class=\"e-con-inner\">\n\t\t\t\t<div class=\"elementor-element elementor-element-b81940b elementor-widget elementor-widget-spacer\" data-id=\"b81940b\" data-element_type=\"widget\" data-e-type=\"widget\" data-widget_type=\"spacer.default\">\n\t\t\t\t<div class=\"elementor-widget-container\">\n\t\t\t\t\t\t\t<div class=\"elementor-spacer\">\n\t\t\t<div class=\"elementor-spacer-inner\"><\/div>\n\t\t<\/div>\n\t\t\t\t\t\t<\/div>\n\t\t\t\t<\/div>\n\t\t\t\t<div class=\"elementor-element elementor-element-5d1a3eb elementor-widget elementor-widget-image\" data-id=\"5d1a3eb\" data-element_type=\"widget\" data-e-type=\"widget\" data-widget_type=\"image.default\">\n\t\t\t\t<div class=\"elementor-widget-container\">\n\t\t\t\t\t\t\t\t\t\t\t\t\t\t\t<img decoding=\"async\" src=\"https:\/\/sonnenhof-sonnhalde.de\/wp-content\/uploads\/elementor\/thumbs\/Sonnenhof_Logo_nur_Sonne_ohne_weissen_Hintergrund-qqqkytivrflqdy2nwtqz02hb4z7sdu35cmzhfsbecg.webp\" title=\"Sonnenhof_logo_only_sun_without_white_background.webp\" alt=\"Sonnenhof_logo_only_sun_without_white_background.webp\" loading=\"lazy\" \/>\t\t\t\t\t\t\t\t\t\t\t\t\t\t\t<\/div>\n\t\t\t\t<\/div>\n\t\t\t\t<div class=\"elementor-element elementor-element-527e459 elementor-widget elementor-widget-spacer\" data-id=\"527e459\" data-element_type=\"widget\" data-e-type=\"widget\" data-widget_type=\"spacer.default\">\n\t\t\t\t<div class=\"elementor-widget-container\">\n\t\t\t\t\t\t\t<div class=\"elementor-spacer\">\n\t\t\t<div class=\"elementor-spacer-inner\"><\/div>\n\t\t<\/div>\n\t\t\t\t\t\t<\/div>\n\t\t\t\t<\/div>\n\t\t\t\t<div class=\"elementor-element elementor-element-1b844df elementor-widget elementor-widget-heading\" data-id=\"1b844df\" data-element_type=\"widget\" data-e-type=\"widget\" data-widget_type=\"heading.default\">\n\t\t\t\t<div class=\"elementor-widget-container\">\n\t\t\t\t\t<h1 class=\"elementor-heading-title elementor-size-default\">Privacy policy<\/h1>\t\t\t\t<\/div>\n\t\t\t\t<\/div>\n\t\t\t\t\t<\/div>\n\t\t\t\t<\/div>\n\t\t<div class=\"elementor-element elementor-element-e67730a e-flex e-con-boxed e-con e-parent\" data-id=\"e67730a\" data-element_type=\"container\" data-e-type=\"container\">\n\t\t\t\t\t<div class=\"e-con-inner\">\n\t\t\t\t<div class=\"elementor-element elementor-element-3e09e59 elementor-widget elementor-widget-spacer\" data-id=\"3e09e59\" data-element_type=\"widget\" data-e-type=\"widget\" data-widget_type=\"spacer.default\">\n\t\t\t\t<div class=\"elementor-widget-container\">\n\t\t\t\t\t\t\t<div class=\"elementor-spacer\">\n\t\t\t<div class=\"elementor-spacer-inner\"><\/div>\n\t\t<\/div>\n\t\t\t\t\t\t<\/div>\n\t\t\t\t<\/div>\n\t\t\t\t\t<\/div>\n\t\t\t\t<\/div>\n\t\t<div class=\"elementor-element elementor-element-718cf31 e-flex e-con-boxed e-con e-parent\" data-id=\"718cf31\" data-element_type=\"container\" data-e-type=\"container\">\n\t\t\t\t\t<div class=\"e-con-inner\">\n\t\t\t\t<div class=\"elementor-element elementor-element-226face elementor-widget elementor-widget-text-editor\" data-id=\"226face\" data-element_type=\"widget\" data-e-type=\"widget\" data-widget_type=\"text-editor.default\">\n\t\t\t\t<div class=\"elementor-widget-container\">\n\t\t\t\t\t\t\t\t\t<p><span style=\"color: #666666;\">In this privacy policy, we inform you about the processing of your personal data.<\/span><\/p><p><span style=\"color: #666666;\">If you would like to change your data protection settings (grant consent or revoke consent already granted), click<\/span> <a class=\"sp-dsgvo-show-privacy-popup\" href=\"https:\/\/sonnenhof-sonnhalde.de\/en\/data-protection-declaration\/?preview_id=4610&amp;preview_nonce=c3cd081fae&amp;preview=true\" target=\"_blank\" rel=\"noopener\">here<\/a> <span style=\"color: #666666;\">to change your settings.<\/span><\/p><h2><span style=\"color: #be9f56;\">Responsible<\/span><\/h2><p><span style=\"color: #666666;\">Ulrich Blatter, Wellnesshotel Sonnenhof &amp; Sonnhalde, Hohlgasse 3, 79777 \u00dchlingen-Birkendorf, Germany,<\/span> <a href=\"mailto:info@sonnenhof-sonnhalde.de\">info@sonnenhof-sonnhalde.de<\/a>, <span style=\"color: #666666;\">0774392010<\/span><\/p><h2><span style=\"color: #be9f56;\">Data Protection Officer<\/span><\/h2><p><span style=\"color: #666666;\">You can reach our data protection officer at<\/span><\/p><p><span style=\"color: #666666;\">z. For the attention of Maurice Blatter,<\/span><br \/><span style=\"color: #666666;\">Hohlgasse 3<\/span><br \/><span style=\"color: #666666;\">79777 \u00dchlingen-Birkendorf<\/span><br \/><span style=\"color: #666666;\">Phone: 0774392010<\/span><br \/><span style=\"color: #666666;\">E-mail address:<\/span> <a href=\"mailto:info@sonnenhof-sonnhalde.de\">info@sonnenhof-sonnhalde.de<\/a><\/p><h2><span style=\"color: #be9f56;\">Hosting<\/span><\/h2><h3><span style=\"color: #be9f56;\">1&amp;1 IONOS SE<\/span><\/h3><p><span style=\"color: #666666;\">We host our website with our processor<\/span> <a href=\"https:\/\/www.ionos.at\/\" target=\"_blank\" rel=\"noopener nofollow\">1&amp;1 IONOS<\/a>, <span style=\"color: #666666;\">1&amp;1 IONOS SE, Elgendorfer Str. 57, 56410 Montabaur, Germany.<\/span><\/p><p><span style=\"color: #666666;\">Connection data is processed for the purpose of providing and delivering the website. For the sole purpose of delivering and providing the website, the data is not stored beyond the call.<\/span><\/p><p><span style=\"color: #666666;\">The legal basis for data processing is the legitimate interest (absolute technical necessity for the provision and delivery of the \"website\" service expressly requested by you by calling it up) in accordance with Art. 6 Para. 1 lit. f GDPR.<\/span><\/p><p><span style=\"color: #666666;\">In order to operate the website, the connection data and other personal data are also processed as part of various other functions and services. Detailed information on this is provided in this privacy policy for the individual functions and services.<\/span><\/p><h2><span style=\"color: #be9f56;\">Server Log Files<\/span><\/h2><p><span style=\"color: #666666;\">Connection data is processed for the purpose of monitoring the technical function and increasing the operational security of our web host. The duration of processing is limited to 30 days.<\/span><\/p><p><span style=\"color: #666666;\">The legal basis for data processing is the legitimate interest (absolute technical necessity of a server log file as a basic database for error analysis and for security measures in the context of the \"website\" service expressly requested by your call) in accordance with Art. 6 Para. 1 lit. f GDPR.<\/span><\/p><h2><span style=\"color: #be9f56;\">Contact form<\/span><\/h2><p><span style=\"color: #666666;\">On our website, you have the option of contacting us directly using a contact form. After submitting the contact form, the personal data entered by you will be processed by the controller for the purpose of processing your enquiry on the basis of the consent given by you by submitting the form in accordance with Art. 6 para. 1 lit. a GDPR until revoked.<\/span><br \/><span style=\"color: #666666;\">There is no legal or contractual obligation to provide personal data. The only consequence of not providing it is that you will not be able to submit your request and we will not be able to process it.<\/span><\/p><h2><span style=\"color: #be9f56;\">Security services<\/span><\/h2><p><span style=\"color: #666666;\">On this website, we use the services of security service providers such as Captcha services to avoid non-human and automated entries.<\/span><\/p><h3><span style=\"color: #be9f56;\">Facebook<\/span><\/h3><p><span style=\"color: #be9f56;\"><b>Facebook Pixel<\/b><\/span><b><\/b><\/p><p>This website uses Facebook's visitor action pixel to measure conversions. The provider of this service is Facebook Ireland Limited, 4 Grand Canal Square, Dublin 2, Ireland. However, according to Facebook, the data collected is also transferred to the USA and other third countries.<\/p><p>This allows the behaviour of site visitors to be tracked after they have been redirected to the provider's website by clicking on a Facebook ad. This allows the effectiveness of Facebook ads to be evaluated for statistical and market research purposes and future advertising measures to be optimised.<\/p><p>The data collected is anonymous for us as the operator of this website; we cannot draw any conclusions about the identity of the user. However, the data is stored and processed by Facebook so that a connection to the respective user profile is possible and Facebook can use the data for its own advertising purposes, in accordance with the<\/p><p>Facebook Data Usage Policy<\/p><p>can use. This enables Facebook to place adverts on Facebook pages and outside of Facebook. This use of the data cannot be influenced by us as the site operator.<\/p><p>Facebook Pixel is used on the basis of Art. 6 para. 1 lit. f GDPR (without the use of cookies). The website operator has a legitimate interest in effective advertising measures including social media. If a corresponding consent has been requested (e.g. consent to the storage of cookies), the processing is carried out exclusively on the basis of Art. 6 para. 1 lit. a GDPR; the consent can be revoked at any time.<\/p><p>Data transfer to the USA is based on the standard contractual clauses of the EU Commission. Details can be found here:<\/p><p><a href=\"https:\/\/www.facebook.com\/legal\/EU_data_transfer_addendum\" rel=\"nofollow noopener\" target=\"_blank\">https:\/\/www.facebook.com\/legal\/EU_data_transfer_addendum<\/a><\/p><p>and<\/p><p><a href=\"https:\/\/de-de.facebook.com\/help\/566994660333381\" rel=\"nofollow noopener\" target=\"_blank\">https:\/\/de-de.facebook.com\/help\/566994660333381<\/a><\/p><p>You can find further information on protecting your privacy in Facebook's privacy policy:<\/p><p><a href=\"https:\/\/de-de.facebook.com\/about\/privacy\/\" rel=\"nofollow noopener\" target=\"_blank\">https:\/\/de-de.facebook.com\/about\/privacy\/<\/a><\/p><p>You can also use the remarketing function \"Custom Audiences\" in the ad settings section under<\/p><p><a href=\"https:\/\/www.facebook.com\/ads\/preferences\/?entry_product=ad_settings_screen\" rel=\"nofollow noopener\" target=\"_blank\">https:\/\/www.facebook.com\/ads\/preferences\/?entry_product=ad_settings_screen<\/a><\/p><p>deactivate it. You must be logged in to Facebook to do this.<\/p><p>If you do not have a Facebook account, you can deactivate usage-based advertising from Facebook on the website of the European Interactive Digital Advertising Alliance:<\/p><p><a href=\"http:\/\/www.youronlinechoices.com\/de\/praferenzmanagement\/\" rel=\"nofollow noopener\" target=\"_blank\">http:\/\/www.youronlinechoices.com\/de\/praferenzmanagement\/<\/a><\/p><p><span style=\"color: #be9f56;\"><b>Facebook Ads<\/b><\/span><b><\/b><\/p><p>The website operator uses Facebook Ads. Facebook Ads is an online advertising programme of Facebook Ireland Limited, 4 Grand Canal Square, Dublin 2, Ireland.<\/p><p>Facebook Ads enables us to display adverts on the social network \"Facebook\" when the user enters certain search terms on Facebook (keyword targeting). Furthermore, targeted adverts can be displayed based on the user data available on Facebook (e.g. location data and interests) (target group targeting). As the website operator, we can evaluate this data quantitatively by analysing, for example, which search terms led to the display of our ads and how many ads led to corresponding clicks.<\/p><p>The use of Facebook Ads is based on Art. 6 para. 1 lit. a GDPR.<\/p><p>Data transfer to the USA is based on the standard contractual clauses of the EU Commission. Details can be found here:<\/p><p><a href=\"https:\/\/www.facebook.com\/legal\/EU_data_transfer_addendum\" rel=\"nofollow noopener\" target=\"_blank\">https:\/\/www.facebook.com\/legal\/EU_data_transfer_addendum<\/a><\/p><p>and<\/p><p><a href=\"https:\/\/de-de.facebook.com\/help\/566994660333381\" rel=\"nofollow noopener\" target=\"_blank\">https:\/\/de-de.facebook.com\/help\/566994660333381<\/a><\/p><p>You can find further information on protecting your privacy in Facebook's privacy policy:<\/p><p><a href=\"https:\/\/de-de.facebook.com\/about\/privacy\/\" rel=\"nofollow noopener\" target=\"_blank\">https:\/\/de-de.facebook.com\/about\/privacy\/<\/a><\/p><h3><span style=\"color: #be9f56;\">Google reCAPTCHA<\/span><\/h3><p><span style=\"color: #666666;\">If you give your consent, we will process your data with the service<\/span> <a href=\"https:\/\/www.google.com\/recaptcha\/intro\/v3.html\" target=\"_blank\" rel=\"noopener nofollow\">Google reCaptcha<\/a>, <span style=\"color: #666666;\">Google Ireland Limited, Gordon House, Barrow Street, Dublin 4, Ireland as joint controllers of your personal data for the purpose of preventing non-human and automated input. In doing so, we enable the service to set cookies, collect connection data and data from your web browser. We also enable the service to calculate a user ID to uniquely identify the user within the advertising network operated by Google. Data is stored on your device for a period of up to two years.<\/span><\/p><p><span style=\"color: #666666;\">The legal basis for data processing is your consent in accordance with Art. 6 para. 1 lit. a GDPR. If you do not give your consent, you will not be able to use reCaptcha and the associated forms.<\/span><\/p><p><span style=\"color: #666666;\">You can revoke any consent you have already given by sending the<\/span> Data protection settings <span style=\"color: #666666;\">change.<\/span><\/p><p><span style=\"color: #666666;\">The Google Group transfers your personal data to the USA. The legal basis for the transfer of data to the USA is your consent in accordance with Art. 49 para. 1 lit a in conjunction with Art. 6 para. 1 lit a GDPR in conjunction with \u00a725 TTDSG. You were already informed before giving your consent that the USA does not have a level of data protection equivalent to the standards of the EU. In particular, US intelligence services can access your data without you being informed and without you being able to take legal action against this. For this reason, the European Court of Justice has declared the previous adequacy decision (Privacy Shield) invalid in a judgement.<\/span><\/p><h2><span style=\"color: #be9f56;\">Newsletter services<\/span><\/h2><h3><span style=\"color: #be9f56;\">Rapidmail<\/span><\/h3><p><span style=\"color: #666666;\">Once you have given your consent, your personal data will be processed for the purpose of sending electronic direct advertising (e.g. sending newsletters) until you withdraw your consent.<\/span><\/p><p><span style=\"color: #666666;\">For the purpose of sending the newsletter, we use the processor<\/span> <a href=\"https:\/\/www.rapidmail.at\/datenschutz\" target=\"_blank\" rel=\"noopener nofollow\">Rapidmail<\/a>, <span style=\"color: #666666;\">rapidmail GmbH, Augustinerplatz 2, 79098 Freiburg, Germany.<\/span><\/p><p><span style=\"color: #666666;\">The legal basis for the processing is the consent given by you in accordance with Art. 6 para. 1 lit. a GDPR. There is no legal or contractual obligation to grant consent. The only consequence of not granting consent is that you will not receive a newsletter from us.<\/span><\/p><h2><span style=\"color: #be9f56;\">Right of objection<\/span><\/h2><p><span style=\"color: #666666;\">If your personal data is processed on the basis of legitimate interest, you have the right to object to this processing.<\/span><\/p><p><span style=\"color: #666666;\">If there are no compelling legitimate grounds for the processing on our part, the processing of your data will be discontinued on the basis of this legal basis.<\/span><\/p><p><span style=\"color: #666666;\">You also have the right to object to the processing of your personal data for the purpose of direct marketing. If you object, your personal data will no longer be processed for the purpose of direct marketing.<\/span><\/p><p><span style=\"color: #666666;\">The legality of the data processed prior to the objection is not affected by the objection.<\/span><\/p><h2><span style=\"color: #be9f56;\">Right of cancellation<\/span><\/h2><p><span style=\"color: #666666;\">You have the right to withdraw any consent you have already given at any time by contacting the<\/span> <a class=\"lwb-ppsp\" title=\"Data protection settings\" href=\"https:\/\/sonnenhof-sonnhalde.de\/en\/data-protection-declaration\/\" target=\"_blank\" rel=\"noopener\">Data protection settings<\/a> <span style=\"color: #666666;\">change.<\/span><\/p><p><span style=\"color: #666666;\">If you have consented to receiving electronic advertising, you can withdraw your consent by clicking on the unsubscribe link. In this case, processing will be discontinued unless there is another legal basis.<\/span><\/p><p><span style=\"color: #666666;\">The legality of the data processed up to the time of cancellation is not affected by the cancellation.<\/span><\/p><h2><span style=\"color: #be9f56;\">Rights of data subjects<\/span><\/h2><p><span style=\"color: #666666;\">You also have the right to information, correction, deletion and restriction of the processing of personal data.<\/span><\/p><p><span style=\"color: #666666;\">If the legal basis for the processing of your personal data is your consent or a contract concluded with you, you also have the right to data portability.<\/span><\/p><p><span style=\"color: #666666;\">You also have the right to lodge a complaint with the supervisory authority. You can find more information about the supervisory authorities in the European Union at<\/span> <a title=\"Data protection authorities\" href=\"https:\/\/ec.europa.eu\/justice\/article-29\/structure\/data-protection-authorities\/index_en.htm\" target=\"_blank\" rel=\"noopener nofollow\">here<\/a>.<\/p><h2><span style=\"color: #be9f56;\">Who we are<\/span><\/h2><p><span style=\"color: #666666;\">The<\/span> <span style=\"color: #666666;\">Address of our website<\/span> <span style=\"color: #666666;\">is:<\/span> <span style=\"color: #666666;\">https:\/\/sonnenhof-sonnhalde.de.<\/span><\/p><h2><span style=\"color: #be9f56;\">Comments<\/span><\/h2><p><span style=\"color: #666666;\">When visitors post comments on the website, we collect the data displayed in the comment form, the visitor's IP address and the user agent string (which identifies the browser) to help detect spam. An anonymised character string (also known as a hash) can be created from your email address and sent to the Gravatar service to check whether you are using it. You can find the Gravatar service's privacy policy here: https:\/\/automattic.com\/privacy\/. After your comment has been approved, your profile picture will be publicly visible in the context of your comment.<\/span><\/p><h2><span style=\"color: #be9f56;\">Media<\/span><\/h2><p><span style=\"color: #666666;\">If you are a registered user and upload photos to this website, you should avoid uploading photos with an EXIF GPS location. Visitors to this website could download photos stored on this website and extract their location information.<\/span><\/p><h2><span style=\"color: #be9f56;\">Cookies<\/span><\/h2><p><span style=\"color: #666666;\">If you write a comment on our website, this can be a consent to save your name, e-mail address and website in cookies. This is a convenience feature so that you don't have to re-enter all this data when you write another comment. These cookies are stored for one year. If you have an account and log in to this website, we will set a temporary cookie to determine if your browser accepts cookies. This cookie does not contain any personal data and is discarded when you close your browser. When you log in, we will set up some cookies to save your login information and display options. Login cookies expire after two days and cookies for display options after one year. If you select \"Stay logged in\" when you log in, your login will be maintained for a fortnight. When you log out of your account, the login cookies are deleted. If you edit or publish an article, an additional cookie will be stored in your browser. This cookie does not contain any personal data and only refers to the post ID of the article you have just edited. The cookie expires after one day.<\/span><\/p><h2><span style=\"color: #be9f56;\">Embedded content from other websites<\/span><\/h2><p><span style=\"color: #666666;\">Posts on this website may contain embedded content (e.g. videos, images, articles, etc.). Embedded content from other websites behaves exactly as if the visitor had visited the other website. These websites may collect data about you, use cookies, embed additional third-party tracking services and record your interaction with this embedded content, including your interaction with the embedded content if you have an account and are logged in to this website.<\/span><\/p><h2><span style=\"color: #be9f56;\">Who we share your data with<\/span><\/h2><p><span style=\"color: #666666;\">If you request a password reset, your IP address will be included in the reset email.<\/span><\/p><h2><span style=\"color: #be9f56;\">How long we store your data<\/span><\/h2><p><span style=\"color: #666666;\">When you write a comment, it is saved indefinitely, including metadata. This allows us to automatically recognise and approve follow-up comments instead of holding them in a moderation queue. For users who register on our website, we also store the personal information they provide in their user profiles. All users can view, change or delete their personal information at any time (the user name cannot be changed). Website administrators can also view and change this information.<\/span><\/p><h2><span style=\"color: #be9f56;\">What rights you have to your data<\/span><\/h2><p><span style=\"color: #666666;\">When<\/span> <span style=\"color: #666666;\">you have an account on this<\/span> <span style=\"color: #666666;\">website or have written comments,<\/span> <span style=\"color: #666666;\">you can request an export of your personal data from us, including all<\/span> <span style=\"color: #666666;\">data that you have provided to us. In addition, you can request the deletion of all personal data that<\/span> <span style=\"color: #666666;\">we have stored about you. This does not include data that we need to store for administrative, legal or security reasons.<\/span> <span style=\"color: #666666;\">must be kept for the necessary purposes.<\/span><\/p><h2><span style=\"color: #be9f56;\">Where your data is sent<\/span><\/h2><p><span style=\"color: #666666;\">Visitor comments could be generated by an automated<\/span> <span style=\"color: #666666;\">Service for<\/span> <span style=\"color: #666666;\">spam detection can be analysed.<\/span><\/p>\t\t\t\t\t\t\t\t<\/div>\n\t\t\t\t<\/div>\n\t\t\t\t\t<\/div>\n\t\t\t\t<\/div>\n\t\t<div class=\"elementor-element elementor-element-f8ce756 e-flex e-con-boxed e-con e-parent\" data-id=\"f8ce756\" data-element_type=\"container\" data-e-type=\"container\">\n\t\t\t\t\t<div class=\"e-con-inner\">\n\t\t\t\t<div class=\"elementor-element elementor-element-7e6b44e elementor-widget elementor-widget-spacer\" data-id=\"7e6b44e\" data-element_type=\"widget\" data-e-type=\"widget\" data-widget_type=\"spacer.default\">\n\t\t\t\t<div class=\"elementor-widget-container\">\n\t\t\t\t\t\t\t<div class=\"elementor-spacer\">\n\t\t\t<div class=\"elementor-spacer-inner\"><\/div>\n\t\t<\/div>\n\t\t\t\t\t\t<\/div>\n\t\t\t\t<\/div>\n\t\t\t\t\t<\/div>\n\t\t\t\t<\/div>\n\t\t\t\t<\/div>","protected":false},"excerpt":{"rendered":"<p>Datenschutzerkl\u00e4rung In dieser Datenschutzerkl\u00e4rung informieren wir Sie \u00fcber die Verarbeitung Ihrer personenbezogenen Daten. Sofern Sie Ihre Datenschutzeinstellungen \u00e4ndern m\u00f6chten (Einwilligungen erteilen oder bereits erteilte Einwilligungen widerrufen), klicken Sie hier um Ihre Einstellungen zu \u00e4ndern. Verantwortlich Ulrich Blatter, Wellnesshotel Sonnenhof &amp; Sonnhalde, Hohlgasse 3, 79777 \u00dchlingen-Birkendorf, Deutschland, info@sonnenhof-sonnhalde.de, 0774392010 Datenschutzbeauftragter Unseren Datenschutzbeauftragten erreichen Sie unter: z. [&hellip;]<\/p>\n","protected":false},"author":1,"featured_media":0,"parent":0,"menu_order":0,"comment_status":"closed","ping_status":"closed","template":"","meta":{"footnotes":""},"class_list":["post-4610","page","type-page","status-publish","hentry"],"_links":{"self":[{"href":"https:\/\/sonnenhof-sonnhalde.de\/en\/wp-json\/wp\/v2\/pages\/4610","targetHints":{"allow":["GET"]}}],"collection":[{"href":"https:\/\/sonnenhof-sonnhalde.de\/en\/wp-json\/wp\/v2\/pages"}],"about":[{"href":"https:\/\/sonnenhof-sonnhalde.de\/en\/wp-json\/wp\/v2\/types\/page"}],"author":[{"embeddable":true,"href":"https:\/\/sonnenhof-sonnhalde.de\/en\/wp-json\/wp\/v2\/users\/1"}],"replies":[{"embeddable":true,"href":"https:\/\/sonnenhof-sonnhalde.de\/en\/wp-json\/wp\/v2\/comments?post=4610"}],"version-history":[{"count":16,"href":"https:\/\/sonnenhof-sonnhalde.de\/en\/wp-json\/wp\/v2\/pages\/4610\/revisions"}],"predecessor-version":[{"id":10919,"href":"https:\/\/sonnenhof-sonnhalde.de\/en\/wp-json\/wp\/v2\/pages\/4610\/revisions\/10919"}],"wp:attachment":[{"href":"https:\/\/sonnenhof-sonnhalde.de\/en\/wp-json\/wp\/v2\/media?parent=4610"}],"curies":[{"name":"wp","href":"https:\/\/api.w.org\/{rel}","templated":true}]}}