{"id":5470,"date":"2023-12-14T17:55:27","date_gmt":"2023-12-14T16:55:27","guid":{"rendered":"https:\/\/sonnenhof-sonnhalde.de\/?page_id=5470"},"modified":"2024-10-26T11:27:40","modified_gmt":"2024-10-26T09:27:40","slug":"happy-wellness","status":"publish","type":"page","link":"https:\/\/sonnenhof-sonnhalde.de\/en\/angebote\/happy-wellness\/","title":{"rendered":"Happy Wellness Special"},"content":{"rendered":"<div data-elementor-type=\"wp-page\" data-elementor-id=\"5470\" class=\"elementor elementor-5470\" data-elementor-post-type=\"page\">\n\t\t\t\t<div class=\"elementor-element elementor-element-403e859 e-con-full e-flex e-con e-parent\" data-id=\"403e859\" data-element_type=\"container\" data-e-type=\"container\" data-settings=\"{&quot;background_background&quot;:&quot;video&quot;,&quot;background_video_start&quot;:2,&quot;background_video_end&quot;:15}\">\n\t\t\t\t<div class=\"elementor-element elementor-element-be80baa elementor-widget elementor-widget-spacer\" data-id=\"be80baa\" data-element_type=\"widget\" data-e-type=\"widget\" data-widget_type=\"spacer.default\">\n\t\t\t\t<div class=\"elementor-widget-container\">\n\t\t\t\t\t\t\t<div class=\"elementor-spacer\">\n\t\t\t<div class=\"elementor-spacer-inner\"><\/div>\n\t\t<\/div>\n\t\t\t\t\t\t<\/div>\n\t\t\t\t<\/div>\n\t\t\t\t<div class=\"elementor-element elementor-element-e4b5726 elementor-widget elementor-widget-image\" data-id=\"e4b5726\" data-element_type=\"widget\" data-e-type=\"widget\" data-widget_type=\"image.default\">\n\t\t\t\t<div class=\"elementor-widget-container\">\n\t\t\t\t\t\t\t\t\t\t\t\t\t\t\t<img decoding=\"async\" src=\"https:\/\/sonnenhof-sonnhalde.de\/wp-content\/uploads\/elementor\/thumbs\/Sonnenhof_Logo_nur_Sonne_ohne_weissen_Hintergrund-qqqkytivrflqdy2nwtqz02hb4z7sdu35cmzhfsbecg.webp\" title=\"Sonnenhof_logo_only_sun_without_white_background.webp\" alt=\"Sonnenhof_logo_only_sun_without_white_background.webp\" loading=\"lazy\" \/>\t\t\t\t\t\t\t\t\t\t\t\t\t\t\t<\/div>\n\t\t\t\t<\/div>\n\t\t\t\t<div class=\"elementor-element elementor-element-ededf29 elementor-widget elementor-widget-spacer\" data-id=\"ededf29\" data-element_type=\"widget\" data-e-type=\"widget\" data-widget_type=\"spacer.default\">\n\t\t\t\t<div class=\"elementor-widget-container\">\n\t\t\t\t\t\t\t<div class=\"elementor-spacer\">\n\t\t\t<div class=\"elementor-spacer-inner\"><\/div>\n\t\t<\/div>\n\t\t\t\t\t\t<\/div>\n\t\t\t\t<\/div>\n\t\t\t\t<div class=\"elementor-element elementor-element-2d633f0 elementor-widget-mobile__width-initial elementor-widget__width-initial elementor-widget elementor-widget-heading\" data-id=\"2d633f0\" data-element_type=\"widget\" data-e-type=\"widget\" data-widget_type=\"heading.default\">\n\t\t\t\t<div class=\"elementor-widget-container\">\n\t\t\t\t\t<h2 class=\"elementor-heading-title elementor-size-default\">Happy Wellness Special<\/h2>\t\t\t\t<\/div>\n\t\t\t\t<\/div>\n\t\t\t\t<div class=\"elementor-element elementor-element-4f2911f elementor-widget elementor-widget-heading\" data-id=\"4f2911f\" data-element_type=\"widget\" data-e-type=\"widget\" data-widget_type=\"heading.default\">\n\t\t\t\t<div class=\"elementor-widget-container\">\n\t\t\t\t\t<h1 class=\"elementor-heading-title elementor-size-default\">Offers<\/h1>\t\t\t\t<\/div>\n\t\t\t\t<\/div>\n\t\t\t\t<\/div>\n\t\t<div class=\"elementor-element elementor-element-62ac46b e-flex e-con-boxed e-con e-parent\" data-id=\"62ac46b\" data-element_type=\"container\" data-e-type=\"container\">\n\t\t\t\t\t<div class=\"e-con-inner\">\n\t\t\t\t<div class=\"elementor-element elementor-element-5076ced elementor-widget elementor-widget-spacer\" data-id=\"5076ced\" data-element_type=\"widget\" data-e-type=\"widget\" data-widget_type=\"spacer.default\">\n\t\t\t\t<div class=\"elementor-widget-container\">\n\t\t\t\t\t\t\t<div class=\"elementor-spacer\">\n\t\t\t<div class=\"elementor-spacer-inner\"><\/div>\n\t\t<\/div>\n\t\t\t\t\t\t<\/div>\n\t\t\t\t<\/div>\n\t\t\t\t\t<\/div>\n\t\t\t\t<\/div>\n\t\t<div class=\"elementor-element elementor-element-04bee0e e-grid e-con-boxed e-con e-parent\" data-id=\"04bee0e\" data-element_type=\"container\" data-e-type=\"container\">\n\t\t\t\t\t<div class=\"e-con-inner\">\n\t\t<div class=\"elementor-element elementor-element-21a7eaa e-grid e-con-full e-con e-child\" data-id=\"21a7eaa\" data-element_type=\"container\" data-e-type=\"container\" data-settings=\"{&quot;background_background&quot;:&quot;classic&quot;}\">\n\t\t\t\t<div class=\"elementor-element elementor-element-f16096a elementor-widget elementor-widget-text-editor\" data-id=\"f16096a\" data-element_type=\"widget\" data-e-type=\"widget\" data-widget_type=\"text-editor.default\">\n\t\t\t\t<div class=\"elementor-widget-container\">\n\t\t\t\t\t\t\t\t\t<h2 style=\"text-align: center;\"><span style=\"color: #be9f56;\">Happy Wellness Special<\/span><\/h2><h2 style=\"text-align: center;\"><span style=\"color: #be9f56;\">active. enjoy. save.<\/span><\/h2><p><span style=\"color: #666666;\">The southern Upper Black Forest is a marvellously beautiful piece of land in the midst of extensive forests and romantic river valleys - the magic of this nature invites you to relax. Forget the stresses and strains of everyday life, enjoy the landscape with its excitingly beautiful and panoramic plateaus, relax in the 3-star superior Hotel Sonnenhof-Sonnhalde in the indoor pool, in the sauna or with a massage. Slowing down and relaxing can also boost your creativity. A cultural highlight in your holiday region, splashing around in a natural lake, an e-bike tour or a gourmet menu in the hotel restaurant with typical specialities promises a pure holiday.<\/span><\/p>\t\t\t\t\t\t\t\t<\/div>\n\t\t\t\t<\/div>\n\t\t\t\t<\/div>\n\t\t\t\t<div class=\"elementor-element elementor-element-7353f0a elementor-widget elementor-widget-image\" data-id=\"7353f0a\" data-element_type=\"widget\" data-e-type=\"widget\" data-widget_type=\"image.default\">\n\t\t\t\t<div class=\"elementor-widget-container\">\n\t\t\t\t\t\t\t\t\t\t\t\t\t\t\t<img decoding=\"async\" src=\"https:\/\/sonnenhof-sonnhalde.de\/wp-content\/uploads\/elementor\/thumbs\/2-1-qqux248l9nlyrqf6dqibpqa89godblxcl2d7hp72jk.webp\" title=\"2\" alt=\"2\" loading=\"lazy\" \/>\t\t\t\t\t\t\t\t\t\t\t\t\t\t\t<\/div>\n\t\t\t\t<\/div>\n\t\t\t\t\t<\/div>\n\t\t\t\t<\/div>\n\t\t<div class=\"elementor-element elementor-element-0746363 e-flex e-con-boxed e-con e-parent\" data-id=\"0746363\" data-element_type=\"container\" data-e-type=\"container\">\n\t\t\t\t\t<div class=\"e-con-inner\">\n\t\t\t\t<div class=\"elementor-element elementor-element-ddde32d elementor-widget elementor-widget-spacer\" data-id=\"ddde32d\" data-element_type=\"widget\" data-e-type=\"widget\" data-widget_type=\"spacer.default\">\n\t\t\t\t<div class=\"elementor-widget-container\">\n\t\t\t\t\t\t\t<div class=\"elementor-spacer\">\n\t\t\t<div class=\"elementor-spacer-inner\"><\/div>\n\t\t<\/div>\n\t\t\t\t\t\t<\/div>\n\t\t\t\t<\/div>\n\t\t\t\t\t<\/div>\n\t\t\t\t<\/div>\n\t\t<div class=\"elementor-element elementor-element-915da21 e-flex e-con-boxed e-con e-parent\" data-id=\"915da21\" data-element_type=\"container\" data-e-type=\"container\">\n\t\t\t\t\t<div class=\"e-con-inner\">\n\t\t<div class=\"elementor-element elementor-element-bb77301 e-con-full e-flex e-con e-child\" data-id=\"bb77301\" data-element_type=\"container\" data-e-type=\"container\">\n\t\t\t\t<div class=\"elementor-element elementor-element-790f88a elementor-widget elementor-widget-text-editor\" data-id=\"790f88a\" data-element_type=\"widget\" data-e-type=\"widget\" data-widget_type=\"text-editor.default\">\n\t\t\t\t<div class=\"elementor-widget-container\">\n\t\t\t\t\t\t\t\t\t<h2><span style=\"color: #be9f56;\">A quick visit to the Black Forest!<\/span><\/h2><h5><span style=\"color: #be9f56;\">Services \"Happy Wellness Special\" offer:<\/span><\/h5><div style=\"padding: 10px;\"><p><span style=\"color: #666666;\"><span style=\"color: #be9f56;\">\u261b <\/span>One overnight stay with breakfast buffet on the day of departure in your chosen hotel.<\/span><span style=\"color: #000000;\"> <a style=\"font-weight: bold; text-decoration: none; color: #000000;\" href=\"\/en\/room-prices\/\"><span style=\"color: #be9f56;\">Room category<\/span><\/a><\/span><\/p><p><span style=\"color: #666666;\"><strong><span style=\"color: #be9f56;\">\u261b <\/span>Wellness use before check-in <\/strong>on the day of arrival between<\/span><br \/><span style=\"color: #666666;\">10:00 am and 3:00 pm. Your room will be ready for you from 15:00.<\/span><\/p><p><span style=\"color: #666666;\"><span style=\"color: #be9f56;\">\u261b <\/span>On the day of arrival <strong>\"Sweet &amp; savoury\" from the buffet in the afternoon<\/strong> (1:30 pm - 4:30 pm) with cakes, sweet treats<\/span><br \/><span style=\"color: #666666;\">Snacks, savoury snacks and wellness teas at the buffet in the cosy \"Black Forest Lounge\" in the Sonnhalde<\/span><\/p><p><span style=\"color: #666666;\"><strong><span style=\"color: #be9f56;\">\u261b <\/span>Fine 4-course regional menu <\/strong>in the restaurant on the evening of the day of arrival<\/span><br \/><span style=\"color: #666666;\">Sunny courtyard<\/span><\/p><p><span style=\"color: #666666;\"><span style=\"color: #be9f56;\">\u261b <\/span>1 x \"<strong>Nightcap<\/strong>\" yours <\/span><span style=\"color: #666666;\">Choice of snacks after dinner on the day of arrival <\/span><span style=\"color: #666666;\">in the cosy Black Forest Lounge in the Sonnhalde at the end of the day<\/span><\/p><p><span style=\"color: #666666;\"><strong><span style=\"color: #be9f56;\">\u261b <\/span>Wellness use after check-out <\/strong>from your room (until 11:00 am) between 11:00 am and 4:00 pm on the day of departure<\/span><\/p><p><span style=\"color: #666666;\"><span style=\"color: #be9f56;\">\u261b <\/span>On the day of departure additionally <strong>\"Sweet &amp; savoury\" from the buffet<br \/>in the afternoon<\/strong> (1:30 pm - 4:30 pm) with cakes, sweet treats, savoury snacks and wellness teas at the buffet in the cosy<\/span><br \/><span style=\"color: #666666;\">\"Black Forest Lounge\" in the Sonnhalde<\/span><\/p><p><span style=\"color: #666666;\"><span style=\"color: #be9f56;\">\u261b <\/span>Wellness bag with 1 x bathrobe and 1 x sauna towel per person in the room<\/span><\/p><p><span style=\"color: #666666;\"><span style=\"text-decoration: underline;\"><strong>Tip<\/strong><\/span>: Book your holiday before your arrival<\/span><span style=\"color: #000000;\"> <a style=\"font-weight: bold; text-decoration: none; color: #000000;\" href=\"\/en\/wellness\/massages\/\"><span style=\"color: #be9f56;\">Massage<\/span><\/a> <span style=\"color: #666666;\">and<\/span><\/span><br \/><span style=\"color: #000000;\"><a style=\"font-weight: bold; text-decoration: none; color: #000000;\" href=\"\/en\/wellness\/beauty\/\"><span style=\"color: #be9f56;\">Beauty treatments<\/span><\/a><br \/><\/span><\/p><\/div>\t\t\t\t\t\t\t\t<\/div>\n\t\t\t\t<\/div>\n\t\t\t\t<\/div>\n\t\t<div class=\"elementor-element elementor-element-3eb3dff e-con-full e-flex e-con e-child\" data-id=\"3eb3dff\" data-element_type=\"container\" data-e-type=\"container\">\n\t\t\t\t<div class=\"elementor-element elementor-element-c960e51 elementor-widget elementor-widget-image\" data-id=\"c960e51\" data-element_type=\"widget\" data-e-type=\"widget\" data-widget_type=\"image.default\">\n\t\t\t\t<div class=\"elementor-widget-container\">\n\t\t\t\t\t\t\t\t\t\t\t\t\t\t\t<img decoding=\"async\" src=\"https:\/\/sonnenhof-sonnhalde.de\/wp-content\/uploads\/elementor\/thumbs\/3-1-qquxaksarz6v9e4sze5g5lfkqazaljidqxqizcnijk.webp\" title=\"3\" alt=\"3\" loading=\"lazy\" \/>\t\t\t\t\t\t\t\t\t\t\t\t\t\t\t<\/div>\n\t\t\t\t<\/div>\n\t\t\t\t<\/div>\n\t\t\t\t\t<\/div>\n\t\t\t\t<\/div>\n\t\t<div class=\"elementor-element elementor-element-5ff97dc e-flex e-con-boxed e-con e-parent\" data-id=\"5ff97dc\" data-element_type=\"container\" data-e-type=\"container\">\n\t\t\t\t\t<div class=\"e-con-inner\">\n\t\t\t\t<div class=\"elementor-element elementor-element-e083459 elementor-widget elementor-widget-spacer\" data-id=\"e083459\" data-element_type=\"widget\" data-e-type=\"widget\" data-widget_type=\"spacer.default\">\n\t\t\t\t<div class=\"elementor-widget-container\">\n\t\t\t\t\t\t\t<div class=\"elementor-spacer\">\n\t\t\t<div class=\"elementor-spacer-inner\"><\/div>\n\t\t<\/div>\n\t\t\t\t\t\t<\/div>\n\t\t\t\t<\/div>\n\t\t\t\t\t<\/div>\n\t\t\t\t<\/div>\n\t\t<div class=\"elementor-element elementor-element-c3ff70f e-flex e-con-boxed e-con e-parent\" data-id=\"c3ff70f\" data-element_type=\"container\" data-e-type=\"container\">\n\t\t\t\t\t<div class=\"e-con-inner\">\n\t\t\t\t<div class=\"elementor-element elementor-element-3b28b8d elementor-widget elementor-widget-heading\" data-id=\"3b28b8d\" data-element_type=\"widget\" data-e-type=\"widget\" data-widget_type=\"heading.default\">\n\t\t\t\t<div class=\"elementor-widget-container\">\n\t\t\t\t\t<h2 class=\"elementor-heading-title elementor-size-default\">Check and book dates<\/h2>\t\t\t\t<\/div>\n\t\t\t\t<\/div>\n\t\t\t\t\t<\/div>\n\t\t\t\t<\/div>\n\t\t<div class=\"elementor-element elementor-element-db4580e e-flex e-con-boxed e-con e-parent\" data-id=\"db4580e\" data-element_type=\"container\" data-e-type=\"container\">\n\t\t\t\t\t<div class=\"e-con-inner\">\n\t\t\t\t<div class=\"elementor-element elementor-element-c774e5c elementor-widget elementor-widget-spacer\" data-id=\"c774e5c\" data-element_type=\"widget\" data-e-type=\"widget\" data-widget_type=\"spacer.default\">\n\t\t\t\t<div class=\"elementor-widget-container\">\n\t\t\t\t\t\t\t<div class=\"elementor-spacer\">\n\t\t\t<div class=\"elementor-spacer-inner\"><\/div>\n\t\t<\/div>\n\t\t\t\t\t\t<\/div>\n\t\t\t\t<\/div>\n\t\t\t\t\t<\/div>\n\t\t\t\t<\/div>\n\t\t<div class=\"elementor-element elementor-element-0b7eb14 e-grid e-con-boxed e-con e-child\" data-id=\"0b7eb14\" data-element_type=\"container\" data-e-type=\"container\">\n\t\t\t\t\t<div class=\"e-con-inner\">\n\t\t\t\t<div class=\"elementor-element elementor-element-5e64e27 elementor-widget elementor-widget-price-table\" data-id=\"5e64e27\" data-element_type=\"widget\" data-e-type=\"widget\" data-widget_type=\"price-table.default\">\n\t\t\t\t<div class=\"elementor-widget-container\">\n\t\t\t\t\t\n\t\t<div class=\"elementor-price-table\">\n\t\t\t\t\t\t\t<div class=\"elementor-price-table__header\">\n\t\t\t\t\t\t\t\t\t\t\t<h2 class=\"elementor-price-table__heading\">\n\t\t\t\t\t\t1 night\t\t\t\t\t\t<\/h2>\n\t\t\t\t\t\n\t\t\t\t\t\t\t\t\t<\/div>\n\t\t\t\n\t\t\t<div class=\"elementor-price-table__price\">\n\t\t\t\t\t\t\t\t\t\t\t\t\t\t\t\t\t<span class=\"elementor-price-table__integer-part\">\n\t\t\t\t\t\tfrom 129 \u20ac\t\t\t\t\t<\/span>\n\t\t\t\t\n\t\t\t\t\n\t\t\t\t\n\t\t\t\t\t\t\t<\/div>\n\n\t\t\t\t\t\t\t<ul class=\"elementor-price-table__features-list\">\n\t\t\t\t\t\t\t\t\t\t\t<li class=\"elementor-repeater-item-394ca8b\">\n\t\t\t\t\t\t\t<div class=\"elementor-price-table__feature-inner\">\n\t\t\t\t\t\t\t\t<svg aria-hidden=\"true\" class=\"e-font-icon-svg e-far-user\" viewbox=\"0 0 448 512\" xmlns=\"http:\/\/www.w3.org\/2000\/svg\"><path d=\"M313.6 304c-28.7 0-42.5 16-89.6 16-47.1 0-60.8-16-89.6-16C60.2 304 0 364.2 0 438.4V464c0 26.5 21.5 48 48 48h352c26.5 0 48-21.5 48-48v-25.6c0-74.2-60.2-134.4-134.4-134.4zM400 464H48v-25.6c0-47.6 38.8-86.4 86.4-86.4 14.6 0 38.3 16 89.6 16 51.7 0 74.9-16 89.6-16 47.6 0 86.4 38.8 86.4 86.4V464zM224 288c79.5 0 144-64.5 144-144S303.5 0 224 0 80 64.5 80 144s64.5 144 144 144zm0-240c52.9 0 96 43.1 96 96s-43.1 96-96 96-96-43.1-96-96 43.1-96 96-96z\"><\/path><\/svg>\t\t\t\t\t\t\t\t\t\t\t\t\t\t\t\t\t<span >\n\t\t\t\t\t\t\t\t\t\tper person, arrival only Sunday to Thursday and on selected dates\t\t\t\t\t\t\t\t\t<\/span>\n\t\t\t\t\t\t\t\t\t\t\t\t\t\t\t\t<\/div>\n\t\t\t\t\t\t<\/li>\n\t\t\t\t\t\t\t\t\t<\/ul>\n\t\t\t\n\t\t\t\t\t\t\t<div class=\"elementor-price-table__footer\">\n\t\t\t\t\t\t\t\t\t\t\t<a class=\"elementor-price-table__button elementor-button elementor-size-md\" href=\"https:\/\/reservations.hotel-spider.com\/01G57de3b1de7690\/package\/01G660fbb8593597\" rel=\"nofollow noopener\" target=\"_blank\">\n\t\t\t\t\t\t\tBooking\t\t\t\t\t\t<\/a>\n\t\t\t\t\t\n\t\t\t\t\t\t\t\t\t<\/div>\n\t\t\t\t\t<\/div>\n\n\t\t\t\t\t\t<\/div>\n\t\t\t\t<\/div>\n\t\t\t\t\t<\/div>\n\t\t\t\t<\/div>\n\t\t<div class=\"elementor-element elementor-element-234ba6c e-flex e-con-boxed e-con e-parent\" data-id=\"234ba6c\" data-element_type=\"container\" data-e-type=\"container\">\n\t\t\t\t\t<div class=\"e-con-inner\">\n\t\t\t\t<div class=\"elementor-element elementor-element-7c475db elementor-widget elementor-widget-spacer\" data-id=\"7c475db\" data-element_type=\"widget\" data-e-type=\"widget\" data-widget_type=\"spacer.default\">\n\t\t\t\t<div class=\"elementor-widget-container\">\n\t\t\t\t\t\t\t<div class=\"elementor-spacer\">\n\t\t\t<div class=\"elementor-spacer-inner\"><\/div>\n\t\t<\/div>\n\t\t\t\t\t\t<\/div>\n\t\t\t\t<\/div>\n\t\t\t\t\t<\/div>\n\t\t\t\t<\/div>\n\t\t<div class=\"elementor-element elementor-element-426b7a8 e-con-full e-flex e-con e-parent\" data-id=\"426b7a8\" data-element_type=\"container\" data-e-type=\"container\" data-settings=\"{&quot;background_background&quot;:&quot;classic&quot;}\">\n\t\t<div class=\"elementor-element elementor-element-dae4b3c e-grid e-con-full e-con e-child\" data-id=\"dae4b3c\" data-element_type=\"container\" data-e-type=\"container\">\n\t\t\t\t<div class=\"elementor-element elementor-element-0ff76d2 elementor-widget elementor-widget-text-editor\" data-id=\"0ff76d2\" data-element_type=\"widget\" data-e-type=\"widget\" data-widget_type=\"text-editor.default\">\n\t\t\t\t<div class=\"elementor-widget-container\">\n\t\t\t\t\t\t\t\t\t<h4><span style=\"color: #ffffff;\">Booking yourself on our homepage is child's play and well worth it. Benefit from our best price guarantee and save up to 35 % depending on the room category and travel period. We also regularly offer great holiday bargains that you shouldn't miss out on.<\/span><\/h4>\t\t\t\t\t\t\t\t<\/div>\n\t\t\t\t<\/div>\n\t\t\t\t<div class=\"elementor-element elementor-element-9677848 elementor-widget elementor-widget-text-editor\" data-id=\"9677848\" data-element_type=\"widget\" data-e-type=\"widget\" data-widget_type=\"text-editor.default\">\n\t\t\t\t<div class=\"elementor-widget-container\">\n\t\t\t\t\t\t\t\t\t<h4><span style=\"color: #666666;\">Save up to 35%!<\/span><\/h4><h3 style=\"text-align: left;\">Direct booking benefits - only bookable on the homepage<\/h3>\t\t\t\t\t\t\t\t<\/div>\n\t\t\t\t<\/div>\n\t\t\t\t<div class=\"elementor-element elementor-element-b575de5 elementor-widget elementor-widget-button\" data-id=\"b575de5\" data-element_type=\"widget\" data-e-type=\"widget\" data-widget_type=\"button.default\">\n\t\t\t\t<div class=\"elementor-widget-container\">\n\t\t\t\t\t\t\t\t\t<div class=\"elementor-button-wrapper\">\n\t\t\t\t\t<a class=\"elementor-button elementor-button-link elementor-size-sm\" href=\"https:\/\/reservations.hotel-spider.com\/01G57de3b1de7690\/\" rel=\"nofollow noopener\" target=\"_blank\">\n\t\t\t\t\t\t<span class=\"elementor-button-content-wrapper\">\n\t\t\t\t\t\t\t\t\t<span class=\"elementor-button-text\">Book now<\/span>\n\t\t\t\t\t<\/span>\n\t\t\t\t\t<\/a>\n\t\t\t\t<\/div>\n\t\t\t\t\t\t\t\t<\/div>\n\t\t\t\t<\/div>\n\t\t\t\t<\/div>\n\t\t\t\t<\/div>\n\t\t<div class=\"elementor-element elementor-element-61472a7 e-flex e-con-boxed e-con e-parent\" data-id=\"61472a7\" data-element_type=\"container\" data-e-type=\"container\">\n\t\t\t\t\t<div class=\"e-con-inner\">\n\t\t\t\t<div class=\"elementor-element elementor-element-3b811d6 elementor-widget elementor-widget-spacer\" data-id=\"3b811d6\" data-element_type=\"widget\" data-e-type=\"widget\" data-widget_type=\"spacer.default\">\n\t\t\t\t<div class=\"elementor-widget-container\">\n\t\t\t\t\t\t\t<div class=\"elementor-spacer\">\n\t\t\t<div class=\"elementor-spacer-inner\"><\/div>\n\t\t<\/div>\n\t\t\t\t\t\t<\/div>\n\t\t\t\t<\/div>\n\t\t\t\t\t<\/div>\n\t\t\t\t<\/div>\n\t\t\t\t<\/div>","protected":false},"excerpt":{"rendered":"<p>Happy Wellness Special Angebote Happy Wellness Special aktiv. genussvoll. sparen. Der S\u00fcdliche Hochschwarzwald ist ein traumhaft sch\u00f6nes St\u00fcck Erde inmitten ausgedehnter W\u00e4lder und romantisch gelegener Flusst\u00e4ler \u2013 der Zauber dieser Natur l\u00e4dt zum Relaxen ein. Vergessen Sie den Alltagsstress, lassen Sie sich auf eine Landschaft mit aufregend sch\u00f6nen und aussichtsreichen Hochebenen ein, relaxen Sie im [&hellip;]<\/p>\n","protected":false},"author":1,"featured_media":1827,"parent":2328,"menu_order":0,"comment_status":"closed","ping_status":"closed","template":"","meta":{"footnotes":""},"class_list":["post-5470","page","type-page","status-publish","has-post-thumbnail","hentry"],"_links":{"self":[{"href":"https:\/\/sonnenhof-sonnhalde.de\/en\/wp-json\/wp\/v2\/pages\/5470","targetHints":{"allow":["GET"]}}],"collection":[{"href":"https:\/\/sonnenhof-sonnhalde.de\/en\/wp-json\/wp\/v2\/pages"}],"about":[{"href":"https:\/\/sonnenhof-sonnhalde.de\/en\/wp-json\/wp\/v2\/types\/page"}],"author":[{"embeddable":true,"href":"https:\/\/sonnenhof-sonnhalde.de\/en\/wp-json\/wp\/v2\/users\/1"}],"replies":[{"embeddable":true,"href":"https:\/\/sonnenhof-sonnhalde.de\/en\/wp-json\/wp\/v2\/comments?post=5470"}],"version-history":[{"count":10,"href":"https:\/\/sonnenhof-sonnhalde.de\/en\/wp-json\/wp\/v2\/pages\/5470\/revisions"}],"predecessor-version":[{"id":10605,"href":"https:\/\/sonnenhof-sonnhalde.de\/en\/wp-json\/wp\/v2\/pages\/5470\/revisions\/10605"}],"up":[{"embeddable":true,"href":"https:\/\/sonnenhof-sonnhalde.de\/en\/wp-json\/wp\/v2\/pages\/2328"}],"wp:featuredmedia":[{"embeddable":true,"href":"https:\/\/sonnenhof-sonnhalde.de\/en\/wp-json\/wp\/v2\/media\/1827"}],"wp:attachment":[{"href":"https:\/\/sonnenhof-sonnhalde.de\/en\/wp-json\/wp\/v2\/media?parent=5470"}],"curies":[{"name":"wp","href":"https:\/\/api.w.org\/{rel}","templated":true}]}}