{"id":10509,"date":"2024-09-12T19:32:10","date_gmt":"2024-09-12T17:32:10","guid":{"rendered":"https:\/\/sonnenhof-sonnhalde.de\/?page_id=10509"},"modified":"2024-11-12T13:49:46","modified_gmt":"2024-11-12T12:49:46","slug":"blog","status":"publish","type":"page","link":"https:\/\/sonnenhof-sonnhalde.de\/fr\/blog\/","title":{"rendered":"Blog"},"content":{"rendered":"<div data-elementor-type=\"wp-page\" data-elementor-id=\"10509\" class=\"elementor elementor-10509\" data-elementor-post-type=\"page\">\n\t\t\t\t<div class=\"elementor-element elementor-element-2a3e8ced e-flex e-con-boxed e-con e-parent\" data-id=\"2a3e8ced\" data-element_type=\"container\" data-e-type=\"container\" data-settings=\"{&quot;background_background&quot;:&quot;classic&quot;}\">\n\t\t\t\t\t<div class=\"e-con-inner\">\n\t\t<div class=\"elementor-element elementor-element-781c3bda e-flex e-con-boxed e-con e-child\" data-id=\"781c3bda\" data-element_type=\"container\" data-e-type=\"container\" data-settings=\"{&quot;background_background&quot;:&quot;classic&quot;}\">\n\t\t\t\t\t<div class=\"e-con-inner\">\n\t\t\t\t<div class=\"elementor-element elementor-element-3111f29c elementor-widget elementor-widget-heading\" data-id=\"3111f29c\" data-element_type=\"widget\" data-e-type=\"widget\" data-widget_type=\"heading.default\">\n\t\t\t\t<div class=\"elementor-widget-container\">\n\t\t\t\t\t<h2 class=\"elementor-heading-title elementor-size-default\">Blog<\/h2>\t\t\t\t<\/div>\n\t\t\t\t<\/div>\n\t\t\t\t<div class=\"elementor-element elementor-element-4a59f3ac elementor-widget__width-inherit elementor-widget elementor-widget-text-editor\" data-id=\"4a59f3ac\" data-element_type=\"widget\" data-e-type=\"widget\" data-widget_type=\"text-editor.default\">\n\t\t\t\t<div class=\"elementor-widget-container\">\n\t\t\t\t\t\t\t\t\t<p><span style=\"color: #ffffff;\">Notre blog, avec des nouvelles, des infos sur la r\u00e9gion, notre h\u00f4tel et tous nos articles.<\/span><\/p>\t\t\t\t\t\t\t\t<\/div>\n\t\t\t\t<\/div>\n\t\t\t\t\t<\/div>\n\t\t\t\t<\/div>\n\t\t\t\t\t<\/div>\n\t\t\t\t<\/div>\n\t\t<div class=\"elementor-element elementor-element-5c9e7e1f e-flex e-con-boxed e-con e-parent\" data-id=\"5c9e7e1f\" data-element_type=\"container\" data-e-type=\"container\">\n\t\t\t\t\t<div class=\"e-con-inner\">\n\t\t\t\t<div class=\"elementor-element elementor-element-e0c7a9f elementor-posts__hover-none elementor-grid-3 elementor-grid-tablet-2 elementor-grid-mobile-1 elementor-posts--thumbnail-top elementor-widget elementor-widget-posts\" data-id=\"e0c7a9f\" data-element_type=\"widget\" data-e-type=\"widget\" data-settings=\"{&quot;cards_row_gap&quot;:{&quot;unit&quot;:&quot;px&quot;,&quot;size&quot;:80,&quot;sizes&quot;:[]},&quot;cards_row_gap_tablet&quot;:{&quot;unit&quot;:&quot;px&quot;,&quot;size&quot;:71,&quot;sizes&quot;:[]},&quot;cards_row_gap_mobile&quot;:{&quot;unit&quot;:&quot;px&quot;,&quot;size&quot;:30,&quot;sizes&quot;:[]},&quot;cards_columns&quot;:&quot;3&quot;,&quot;cards_columns_tablet&quot;:&quot;2&quot;,&quot;cards_columns_mobile&quot;:&quot;1&quot;}\" data-widget_type=\"posts.cards\">\n\t\t\t\t<div class=\"elementor-widget-container\">\n\t\t\t\t\t\t\t<div class=\"elementor-posts-container elementor-posts elementor-posts--skin-cards elementor-grid\" role=\"list\">\n\t\t\t\t<article class=\"elementor-post elementor-grid-item post-11292 post type-post status-publish format-standard hentry category-newsletter\" role=\"listitem\">\n\t\t\t<div class=\"elementor-post__card\">\n\t\t\t\t<div class=\"elementor-post__text\">\n\t\t\t\t<h4 class=\"elementor-post__title\">\n\t\t\t<a href=\"https:\/\/sonnenhof-sonnhalde.de\/fr\/ihr-unbeschwerter-sommerurlaub-im-hochschwarzwald-max-%f0%9f%8c%b2\/\">\n\t\t\t\tVos vacances d'\u00e9t\u00e9 sans souci en Haute For\u00eat-Noire\t\t\t<\/a>\n\t\t<\/h4>\n\t\t\t\t<div class=\"elementor-post__excerpt\">\n\t\t\t\t\t<\/div>\n\t\t\n\t\t<a class=\"elementor-post__read-more\" href=\"https:\/\/sonnenhof-sonnhalde.de\/fr\/ihr-unbeschwerter-sommerurlaub-im-hochschwarzwald-max-%f0%9f%8c%b2\/\" aria-label=\"En savoir plus sur Ihr unbeschwerter Sommerurlaub im Hochschwarzwald\" tabindex=\"-1\">\n\t\t\tLire la suite\t\t<\/a>\n\n\t\t\t\t<\/div>\n\t\t\t\t\t<\/div>\n\t\t<\/article>\n\t\t\t\t<article class=\"elementor-post elementor-grid-item post-11028 post type-post status-publish format-standard has-post-thumbnail hentry category-uncategorized category-wanderurlaub-im-schwarzwald-naturerlebnis-erholung\" role=\"listitem\">\n\t\t\t<div class=\"elementor-post__card\">\n\t\t\t\t<a class=\"elementor-post__thumbnail__link\" href=\"https:\/\/sonnenhof-sonnhalde.de\/fr\/schwarzwald-in-drei-tagen-ein-unvergesslicher-wanderurlaub\/\" tabindex=\"-1\"><div class=\"elementor-post__thumbnail\"><img fetchpriority=\"high\" decoding=\"async\" width=\"800\" height=\"530\" src=\"https:\/\/sonnenhof-sonnhalde.de\/wp-content\/uploads\/2025\/01\/triberg-837953_1280-1024x678.jpg\" class=\"attachment-large size-large wp-image-11033\" alt=\"Chute d&#039;eau de Triberg en For\u00eat-Noire - Randonn\u00e9e dans la nature\" srcset=\"https:\/\/sonnenhof-sonnhalde.de\/wp-content\/uploads\/2025\/01\/triberg-837953_1280-1024x678.jpg 1024w, https:\/\/sonnenhof-sonnhalde.de\/wp-content\/uploads\/2025\/01\/triberg-837953_1280-300x199.jpg 300w, https:\/\/sonnenhof-sonnhalde.de\/wp-content\/uploads\/2025\/01\/triberg-837953_1280-768x509.jpg 768w, https:\/\/sonnenhof-sonnhalde.de\/wp-content\/uploads\/2025\/01\/triberg-837953_1280.jpg 1280w\" sizes=\"(max-width: 800px) 100vw, 800px\" title=\"\"><\/div><\/a>\n\t\t\t\t<div class=\"elementor-post__text\">\n\t\t\t\t<h4 class=\"elementor-post__title\">\n\t\t\t<a href=\"https:\/\/sonnenhof-sonnhalde.de\/fr\/schwarzwald-in-drei-tagen-ein-unvergesslicher-wanderurlaub\/\">\n\t\t\t\tLa For\u00eat-Noire en trois jours - Un s\u00e9jour de randonn\u00e9e inoubliable\t\t\t<\/a>\n\t\t<\/h4>\n\t\t\t\t<div class=\"elementor-post__excerpt\">\n\t\t\t<p>La For\u00eat-Noire est l'une des destinations de vacances les plus populaires d'Allemagne, en particulier pour les amoureux de la nature et les amateurs de randonn\u00e9e. La r\u00e9gion impressionne par ses paysages pittoresques,<\/p>\n\t\t<\/div>\n\t\t\n\t\t<a class=\"elementor-post__read-more\" href=\"https:\/\/sonnenhof-sonnhalde.de\/fr\/schwarzwald-in-drei-tagen-ein-unvergesslicher-wanderurlaub\/\" aria-label=\"En savoir plus sur Schwarzwald in drei Tagen \u2013 Ein unvergesslicher Wanderurlaub\" tabindex=\"-1\">\n\t\t\tLire la suite\t\t<\/a>\n\n\t\t\t\t<\/div>\n\t\t\t\t\t<\/div>\n\t\t<\/article>\n\t\t\t\t<article class=\"elementor-post elementor-grid-item post-10998 post type-post status-publish format-standard has-post-thumbnail hentry category-weihnachten-im-hotel-sonnenhof-festliche-auszeit-schwarzwald\" role=\"listitem\">\n\t\t\t<div class=\"elementor-post__card\">\n\t\t\t\t<a class=\"elementor-post__thumbnail__link\" href=\"https:\/\/sonnenhof-sonnhalde.de\/fr\/weihnachtsmarkte-im-schwarzwald-2024-winterzauber-erleben\/\" tabindex=\"-1\"><div class=\"elementor-post__thumbnail\"><img decoding=\"async\" width=\"800\" height=\"450\" src=\"https:\/\/sonnenhof-sonnhalde.de\/wp-content\/uploads\/2024\/12\/Untitled-design4-1024x576.png\" class=\"attachment-large size-large wp-image-11000\" alt=\"Ambiance de march\u00e9 de No\u00ebl en For\u00eat-Noire\" srcset=\"https:\/\/sonnenhof-sonnhalde.de\/wp-content\/uploads\/2024\/12\/Untitled-design4-1024x576.png 1024w, https:\/\/sonnenhof-sonnhalde.de\/wp-content\/uploads\/2024\/12\/Untitled-design4-300x169.png 300w, https:\/\/sonnenhof-sonnhalde.de\/wp-content\/uploads\/2024\/12\/Untitled-design4-768x432.png 768w, https:\/\/sonnenhof-sonnhalde.de\/wp-content\/uploads\/2024\/12\/Untitled-design4-1536x864.png 1536w, https:\/\/sonnenhof-sonnhalde.de\/wp-content\/uploads\/2024\/12\/Untitled-design4.png 1920w\" sizes=\"(max-width: 800px) 100vw, 800px\" title=\"\"><\/div><\/a>\n\t\t\t\t<div class=\"elementor-post__text\">\n\t\t\t\t<h4 class=\"elementor-post__title\">\n\t\t\t<a href=\"https:\/\/sonnenhof-sonnhalde.de\/fr\/weihnachtsmarkte-im-schwarzwald-2024-winterzauber-erleben\/\">\n\t\t\t\tMarch\u00e9s de No\u00ebl en For\u00eat-Noire 2024 : vivre la magie de l'hiver\t\t\t<\/a>\n\t\t<\/h4>\n\t\t\t\t<div class=\"elementor-post__excerpt\">\n\t\t\t<p>March\u00e9s de No\u00ebl en For\u00eat-Noire 2024 1er march\u00e9 de No\u00ebl \u00e0 Offenburg (21.11. - 23.12.2024) Le march\u00e9 de No\u00ebl d'Offenburg enchante chaque ann\u00e9e par son atmosph\u00e8re festive<\/p>\n\t\t<\/div>\n\t\t\n\t\t<a class=\"elementor-post__read-more\" href=\"https:\/\/sonnenhof-sonnhalde.de\/fr\/weihnachtsmarkte-im-schwarzwald-2024-winterzauber-erleben\/\" aria-label=\"En savoir plus sur Weihnachtsm\u00e4rkte im Schwarzwald 2024: Winterzauber erleben\" tabindex=\"-1\">\n\t\t\tLire la suite\t\t<\/a>\n\n\t\t\t\t<\/div>\n\t\t\t\t\t<\/div>\n\t\t<\/article>\n\t\t\t\t<article class=\"elementor-post elementor-grid-item post-10958 post type-post status-publish format-standard has-post-thumbnail hentry category-sonnenhof-in-der-naehe-entspannte-ausfluege-natur-geniessen\" role=\"listitem\">\n\t\t\t<div class=\"elementor-post__card\">\n\t\t\t\t<a class=\"elementor-post__thumbnail__link\" href=\"https:\/\/sonnenhof-sonnhalde.de\/fr\/rothaus-brauerei-schwarzwald\/\" tabindex=\"-1\"><div class=\"elementor-post__thumbnail\"><img decoding=\"async\" width=\"800\" height=\"534\" src=\"https:\/\/sonnenhof-sonnhalde.de\/wp-content\/uploads\/2024\/11\/Rothaus-1024x684.jpg\" class=\"attachment-large size-large wp-image-10961\" alt=\"La brasserie Rothaus en For\u00eat-Noire - tradition et d\u00e9couverte de la nature\" srcset=\"https:\/\/sonnenhof-sonnhalde.de\/wp-content\/uploads\/2024\/11\/Rothaus-1024x684.jpg 1024w, https:\/\/sonnenhof-sonnhalde.de\/wp-content\/uploads\/2024\/11\/Rothaus-300x200.jpg 300w, https:\/\/sonnenhof-sonnhalde.de\/wp-content\/uploads\/2024\/11\/Rothaus-768x513.jpg 768w, https:\/\/sonnenhof-sonnhalde.de\/wp-content\/uploads\/2024\/11\/Rothaus-1536x1026.jpg 1536w, https:\/\/sonnenhof-sonnhalde.de\/wp-content\/uploads\/2024\/11\/Rothaus.jpg 1920w\" sizes=\"(max-width: 800px) 100vw, 800px\" title=\"\"><\/div><\/a>\n\t\t\t\t<div class=\"elementor-post__text\">\n\t\t\t\t<h4 class=\"elementor-post__title\">\n\t\t\t<a href=\"https:\/\/sonnenhof-sonnhalde.de\/fr\/rothaus-brauerei-schwarzwald\/\">\n\t\t\t\tRothaus Brauerei Schwarzwald - Vivre la tradition &amp; les visites guid\u00e9es\t\t\t<\/a>\n\t\t<\/h4>\n\t\t\t\t<div class=\"elementor-post__excerpt\">\n\t\t\t<p>Au c\u0153ur de la pittoresque Haute For\u00eat-Noire se trouve la brasserie Rothaus, une institution qui allie depuis des si\u00e8cles plaisir, tradition et hospitalit\u00e9 de la For\u00eat-Noire.<\/p>\n\t\t<\/div>\n\t\t\n\t\t<a class=\"elementor-post__read-more\" href=\"https:\/\/sonnenhof-sonnhalde.de\/fr\/rothaus-brauerei-schwarzwald\/\" aria-label=\"En savoir plus sur Rothaus Brauerei Schwarzwald \u2013 Tradition &amp; F\u00fchrungen erleben\" tabindex=\"-1\">\n\t\t\tLire la suite\t\t<\/a>\n\n\t\t\t\t<\/div>\n\t\t\t\t\t<\/div>\n\t\t<\/article>\n\t\t\t\t<article class=\"elementor-post elementor-grid-item post-10864 post type-post status-publish format-standard has-post-thumbnail hentry category-sonnenhof-in-der-naehe-entspannte-ausfluege-natur-geniessen tag-sonnenhof-in-der-naehe\" role=\"listitem\">\n\t\t\t<div class=\"elementor-post__card\">\n\t\t\t\t<a class=\"elementor-post__thumbnail__link\" href=\"https:\/\/sonnenhof-sonnhalde.de\/fr\/sonnenhof-in-der-naehe-idyllische-ausfluege-natur-erleben\/\" tabindex=\"-1\"><div class=\"elementor-post__thumbnail\"><img loading=\"lazy\" decoding=\"async\" width=\"800\" height=\"450\" src=\"https:\/\/sonnenhof-sonnhalde.de\/wp-content\/uploads\/2024\/11\/Untitled-design1-1024x576.png\" class=\"attachment-large size-large wp-image-10895\" alt=\"Paysage de la For\u00eat-Noire\" srcset=\"https:\/\/sonnenhof-sonnhalde.de\/wp-content\/uploads\/2024\/11\/Untitled-design1-1024x576.png 1024w, https:\/\/sonnenhof-sonnhalde.de\/wp-content\/uploads\/2024\/11\/Untitled-design1-300x169.png 300w, https:\/\/sonnenhof-sonnhalde.de\/wp-content\/uploads\/2024\/11\/Untitled-design1-768x432.png 768w, https:\/\/sonnenhof-sonnhalde.de\/wp-content\/uploads\/2024\/11\/Untitled-design1-1536x864.png 1536w, https:\/\/sonnenhof-sonnhalde.de\/wp-content\/uploads\/2024\/11\/Untitled-design1.png 1920w\" sizes=\"(max-width: 800px) 100vw, 800px\" title=\"\"><\/div><\/a>\n\t\t\t\t<div class=\"elementor-post__text\">\n\t\t\t\t<h4 class=\"elementor-post__title\">\n\t\t\t<a href=\"https:\/\/sonnenhof-sonnhalde.de\/fr\/sonnenhof-in-der-naehe-idyllische-ausfluege-natur-erleben\/\">\n\t\t\t\tSonnenhof \u00e0 proximit\u00e9 : Excursions de d\u00e9tente en For\u00eat-Noire\t\t\t<\/a>\n\t\t<\/h4>\n\t\t\t\t<div class=\"elementor-post__excerpt\">\n\t\t\t<p>La r\u00e9gion autour de la For\u00eat-Noire offre non seulement des for\u00eats denses et des montagnes impressionnantes, mais aussi de nombreux lacs idylliques et des<\/p>\n\t\t<\/div>\n\t\t\n\t\t<a class=\"elementor-post__read-more\" href=\"https:\/\/sonnenhof-sonnhalde.de\/fr\/sonnenhof-in-der-naehe-idyllische-ausfluege-natur-erleben\/\" aria-label=\"En savoir plus sur Sonnenhof in der N\u00e4he: Entspannende Ausfl\u00fcge im Schwarzwald\" tabindex=\"-1\">\n\t\t\tLire la suite\t\t<\/a>\n\n\t\t\t\t<\/div>\n\t\t\t\t\t<\/div>\n\t\t<\/article>\n\t\t\t\t<article class=\"elementor-post elementor-grid-item post-10563 post type-post status-publish format-standard has-post-thumbnail hentry category-sonnenhof-in-der-naehe-entspannte-ausfluege-natur-geniessen category-spa-center-im-hotel-sonnenhof-entspannung-im-schwarzwald\" role=\"listitem\">\n\t\t\t<div class=\"elementor-post__card\">\n\t\t\t\t<a class=\"elementor-post__thumbnail__link\" href=\"https:\/\/sonnenhof-sonnhalde.de\/fr\/wellnesshotel-schwarzwald-erholung-im-sonnenhof-hotel\/\" tabindex=\"-1\"><div class=\"elementor-post__thumbnail\"><img loading=\"lazy\" decoding=\"async\" width=\"800\" height=\"534\" src=\"https:\/\/sonnenhof-sonnhalde.de\/wp-content\/uploads\/2024\/08\/3-1-1024x683.webp\" class=\"attachment-large size-large wp-image-10268\" alt=\"Day Spa For\u00eat-Noire\" srcset=\"https:\/\/sonnenhof-sonnhalde.de\/wp-content\/uploads\/2024\/08\/3-1-1024x683.webp 1024w, https:\/\/sonnenhof-sonnhalde.de\/wp-content\/uploads\/2024\/08\/3-1-300x200.webp 300w, https:\/\/sonnenhof-sonnhalde.de\/wp-content\/uploads\/2024\/08\/3-1-768x512.webp 768w, https:\/\/sonnenhof-sonnhalde.de\/wp-content\/uploads\/2024\/08\/3-1-1536x1024.webp 1536w, https:\/\/sonnenhof-sonnhalde.de\/wp-content\/uploads\/2024\/08\/3-1-2048x1366.webp 2048w\" sizes=\"(max-width: 800px) 100vw, 800px\" title=\"\"><\/div><\/a>\n\t\t\t\t<div class=\"elementor-post__text\">\n\t\t\t\t<h4 class=\"elementor-post__title\">\n\t\t\t<a href=\"https:\/\/sonnenhof-sonnhalde.de\/fr\/wellnesshotel-schwarzwald-erholung-im-sonnenhof-hotel\/\">\n\t\t\t\tH\u00f4tel bien-\u00eatre For\u00eat-Noire : d\u00e9tente \u00e0 l'h\u00f4tel Sonnenhof\t\t\t<\/a>\n\t\t<\/h4>\n\t\t\t\t<div class=\"elementor-post__excerpt\">\n\t\t\t<p>H\u00f4tel bien-\u00eatre For\u00eat-Noire : d\u00e9tente et plaisir de la nature \u00e0 l'h\u00f4tel Sonnenhof Merveilleux plaisir de la nature \u00e0 l'h\u00f4tel bien-\u00eatre Sonnenhof Le sentier de la for\u00eat magique - Une exp\u00e9rience pour les familles<\/p>\n\t\t<\/div>\n\t\t\n\t\t<a class=\"elementor-post__read-more\" href=\"https:\/\/sonnenhof-sonnhalde.de\/fr\/wellnesshotel-schwarzwald-erholung-im-sonnenhof-hotel\/\" aria-label=\"En savoir plus sur Wellnesshotel Schwarzwald: Erholung im Sonnenhof Hotel\" tabindex=\"-1\">\n\t\t\tLire la suite\t\t<\/a>\n\n\t\t\t\t<\/div>\n\t\t\t\t\t<\/div>\n\t\t<\/article>\n\t\t\t\t<\/div>\n\t\t\n\t\t\t\t\t\t<\/div>\n\t\t\t\t<\/div>\n\t\t\t\t\t<\/div>\n\t\t\t\t<\/div>\n\t\t\t\t<\/div>","protected":false},"excerpt":{"rendered":"<p>Blog Unser Blog, mit Neuigkeiten, Infos \u00fcber die Region, unser Hotel und allen Artikeln von uns.<\/p>","protected":false},"author":6,"featured_media":0,"parent":0,"menu_order":0,"comment_status":"closed","ping_status":"closed","template":"","meta":{"footnotes":""},"class_list":["post-10509","page","type-page","status-publish","hentry"],"_links":{"self":[{"href":"https:\/\/sonnenhof-sonnhalde.de\/fr\/wp-json\/wp\/v2\/pages\/10509","targetHints":{"allow":["GET"]}}],"collection":[{"href":"https:\/\/sonnenhof-sonnhalde.de\/fr\/wp-json\/wp\/v2\/pages"}],"about":[{"href":"https:\/\/sonnenhof-sonnhalde.de\/fr\/wp-json\/wp\/v2\/types\/page"}],"author":[{"embeddable":true,"href":"https:\/\/sonnenhof-sonnhalde.de\/fr\/wp-json\/wp\/v2\/users\/6"}],"replies":[{"embeddable":true,"href":"https:\/\/sonnenhof-sonnhalde.de\/fr\/wp-json\/wp\/v2\/comments?post=10509"}],"version-history":[{"count":29,"href":"https:\/\/sonnenhof-sonnhalde.de\/fr\/wp-json\/wp\/v2\/pages\/10509\/revisions"}],"predecessor-version":[{"id":10957,"href":"https:\/\/sonnenhof-sonnhalde.de\/fr\/wp-json\/wp\/v2\/pages\/10509\/revisions\/10957"}],"wp:attachment":[{"href":"https:\/\/sonnenhof-sonnhalde.de\/fr\/wp-json\/wp\/v2\/media?parent=10509"}],"curies":[{"name":"wp","href":"https:\/\/api.w.org\/{rel}","templated":true}]}}