{"id":3021,"date":"2023-07-14T04:09:48","date_gmt":"2023-07-14T02:09:48","guid":{"rendered":"https:\/\/wellnesshotel.sonnenhof-sonnhalde.de\/?page_id=3021"},"modified":"2024-11-05T16:01:20","modified_gmt":"2024-11-05T15:01:20","slug":"acces","status":"publish","type":"page","link":"https:\/\/sonnenhof-sonnhalde.de\/fr\/anfahrt\/","title":{"rendered":"Plan d'acc\u00e8s"},"content":{"rendered":"<div data-elementor-type=\"wp-page\" data-elementor-id=\"3021\" class=\"elementor elementor-3021\" data-elementor-post-type=\"page\">\n\t\t\t\t<div class=\"elementor-element elementor-element-f1d9221 e-con-full e-flex e-con e-parent\" data-id=\"f1d9221\" data-element_type=\"container\" data-e-type=\"container\" data-settings=\"{&quot;background_background&quot;:&quot;video&quot;,&quot;background_video_start&quot;:2,&quot;background_video_end&quot;:15}\">\n\t\t\t\t<div class=\"elementor-element elementor-element-005f8b0 elementor-widget elementor-widget-spacer\" data-id=\"005f8b0\" data-element_type=\"widget\" data-e-type=\"widget\" data-widget_type=\"spacer.default\">\n\t\t\t\t<div class=\"elementor-widget-container\">\n\t\t\t\t\t\t\t<div class=\"elementor-spacer\">\n\t\t\t<div class=\"elementor-spacer-inner\"><\/div>\n\t\t<\/div>\n\t\t\t\t\t\t<\/div>\n\t\t\t\t<\/div>\n\t\t\t\t<div class=\"elementor-element elementor-element-c66d40f elementor-widget elementor-widget-image\" data-id=\"c66d40f\" data-element_type=\"widget\" data-e-type=\"widget\" data-widget_type=\"image.default\">\n\t\t\t\t<div class=\"elementor-widget-container\">\n\t\t\t\t\t\t\t\t\t\t\t\t\t\t\t<img decoding=\"async\" src=\"https:\/\/sonnenhof-sonnhalde.de\/wp-content\/uploads\/elementor\/thumbs\/Sonnenhof_Logo_nur_Sonne_ohne_weissen_Hintergrund-qqqkytivrflqdy2nwtqz02hb4z7sdu35cmzhfsbecg.webp\" title=\"Sonnenhof_Logo_seulement_soleil_sans_fond_blanc.webp\" alt=\"Sonnenhof_Logo_seulement_soleil_sans_fond_blanc.webp\" loading=\"lazy\" \/>\t\t\t\t\t\t\t\t\t\t\t\t\t\t\t<\/div>\n\t\t\t\t<\/div>\n\t\t\t\t<div class=\"elementor-element elementor-element-cfcfa5f elementor-widget elementor-widget-spacer\" data-id=\"cfcfa5f\" data-element_type=\"widget\" data-e-type=\"widget\" data-widget_type=\"spacer.default\">\n\t\t\t\t<div class=\"elementor-widget-container\">\n\t\t\t\t\t\t\t<div class=\"elementor-spacer\">\n\t\t\t<div class=\"elementor-spacer-inner\"><\/div>\n\t\t<\/div>\n\t\t\t\t\t\t<\/div>\n\t\t\t\t<\/div>\n\t\t\t\t<div class=\"elementor-element elementor-element-7fb8ecd elementor-widget-mobile__width-initial elementor-widget__width-initial elementor-widget elementor-widget-heading\" data-id=\"7fb8ecd\" data-element_type=\"widget\" data-e-type=\"widget\" data-widget_type=\"heading.default\">\n\t\t\t\t<div class=\"elementor-widget-container\">\n\t\t\t\t\t<h2 class=\"elementor-heading-title elementor-size-default\">En route pour la Haute For\u00eat-Noire<\/h2>\t\t\t\t<\/div>\n\t\t\t\t<\/div>\n\t\t\t\t<div class=\"elementor-element elementor-element-8c99457 elementor-widget elementor-widget-heading\" data-id=\"8c99457\" data-element_type=\"widget\" data-e-type=\"widget\" data-widget_type=\"heading.default\">\n\t\t\t\t<div class=\"elementor-widget-container\">\n\t\t\t\t\t<h1 class=\"elementor-heading-title elementor-size-default\">Plan d'acc\u00e8s<\/h1>\t\t\t\t<\/div>\n\t\t\t\t<\/div>\n\t\t\t\t<\/div>\n\t\t<div class=\"elementor-element elementor-element-46123d1 e-flex e-con-boxed e-con e-parent\" data-id=\"46123d1\" data-element_type=\"container\" data-e-type=\"container\">\n\t\t\t\t\t<div class=\"e-con-inner\">\n\t\t\t\t<div class=\"elementor-element elementor-element-e443abc elementor-widget elementor-widget-spacer\" data-id=\"e443abc\" data-element_type=\"widget\" data-e-type=\"widget\" data-widget_type=\"spacer.default\">\n\t\t\t\t<div class=\"elementor-widget-container\">\n\t\t\t\t\t\t\t<div class=\"elementor-spacer\">\n\t\t\t<div class=\"elementor-spacer-inner\"><\/div>\n\t\t<\/div>\n\t\t\t\t\t\t<\/div>\n\t\t\t\t<\/div>\n\t\t\t\t\t<\/div>\n\t\t\t\t<\/div>\n\t\t<div class=\"elementor-element elementor-element-9171f93 e-flex e-con-boxed e-con e-parent\" data-id=\"9171f93\" data-element_type=\"container\" data-e-type=\"container\">\n\t\t\t\t\t<div class=\"e-con-inner\">\n\t\t\t\t<div class=\"elementor-element elementor-element-8e6576c elementor-cta--layout-image-right elementor-cta--valign-middle animated-fast elementor-widget-mobile__width-initial elementor-cta--skin-classic elementor-animated-content elementor-widget elementor-widget-call-to-action\" data-id=\"8e6576c\" data-element_type=\"widget\" data-e-type=\"widget\" data-settings=\"{&quot;_animation&quot;:&quot;none&quot;,&quot;_animation_delay&quot;:750}\" data-widget_type=\"call-to-action.default\">\n\t\t\t\t<div class=\"elementor-widget-container\">\n\t\t\t\t\t\t\t<div class=\"elementor-cta\">\n\t\t\t\t\t\t\t<div class=\"elementor-cta__content\">\n\t\t\t\t\t\t\t\t\t<div class=\"elementor-content-item elementor-cta__content-item elementor-cta__image\">\n\t\t\t\t\t\t<img decoding=\"async\" width=\"150\" height=\"150\" src=\"https:\/\/sonnenhof-sonnhalde.de\/wp-content\/uploads\/2024\/07\/Sonnenhof_Logo_nur_Sonne_ohne_weissen_Hintergrund-150x150.webp\" class=\"attachment-thumbnail size-thumbnail wp-image-7436\" alt=\"\" srcset=\"https:\/\/sonnenhof-sonnhalde.de\/wp-content\/uploads\/2024\/07\/Sonnenhof_Logo_nur_Sonne_ohne_weissen_Hintergrund-150x150.webp 150w, https:\/\/sonnenhof-sonnhalde.de\/wp-content\/uploads\/2024\/07\/Sonnenhof_Logo_nur_Sonne_ohne_weissen_Hintergrund-300x300.webp 300w, https:\/\/sonnenhof-sonnhalde.de\/wp-content\/uploads\/2024\/07\/elementor\/thumbs\/Sonnenhof_Logo_nur_Sonne_ohne_weissen_Hintergrund-qqqkytivrflqdy2nwtqz02hb4z7sdu35cmzhfsbecg.webp 240w, https:\/\/sonnenhof-sonnhalde.de\/wp-content\/uploads\/2024\/07\/Sonnenhof_Logo_nur_Sonne_ohne_weissen_Hintergrund.webp 348w\" sizes=\"(max-width: 150px) 100vw, 150px\" title=\"\">\t\t\t\t\t<\/div>\n\t\t\t\t\n\t\t\t\t\t\t\t\t\t<h2 class=\"elementor-cta__title elementor-cta__content-item elementor-content-item\">\n\t\t\t\t\t\tVous pr\u00e9voyez un s\u00e9jour dans notre h\u00f4tel ?\t\t\t\t\t<\/h2>\n\t\t\t\t\n\t\t\t\t\t\t\t\t\t<div class=\"elementor-cta__description elementor-cta__content-item elementor-content-item\">\n\t\t\t\t\t\tR\u00e9servez ici en ligne et \u00e9conomisez jusqu'\u00e0 35 % !\t\t\t\t\t<\/div>\n\t\t\t\t\n\t\t\t\t\t\t\t\t\t<div class=\"elementor-cta__button-wrapper elementor-cta__content-item elementor-content-item\">\n\t\t\t\t\t<a class=\"elementor-cta__button elementor-button elementor-size-\" href=\"https:\/\/reservations.hotel-spider.com\/01G57de3b1de7690\/\" target=\"_blank\" rel=\"nofollow noopener\">\n\t\t\t\t\t\tV\u00e9rifier la disponibilit\u00e9\t\t\t\t\t<\/a>\n\t\t\t\t\t<\/div>\n\t\t\t\t\t\t\t<\/div>\n\t\t\t\t\t\t<\/div>\n\t\t\t\t\t\t<\/div>\n\t\t\t\t<\/div>\n\t\t\t\t\t<\/div>\n\t\t\t\t<\/div>\n\t\t<div class=\"elementor-element elementor-element-cb30f9a e-flex e-con-boxed e-con e-parent\" data-id=\"cb30f9a\" data-element_type=\"container\" data-e-type=\"container\">\n\t\t\t\t\t<div class=\"e-con-inner\">\n\t\t\t\t<div class=\"elementor-element elementor-element-b187cd1 elementor-widget elementor-widget-spacer\" data-id=\"b187cd1\" data-element_type=\"widget\" data-e-type=\"widget\" data-widget_type=\"spacer.default\">\n\t\t\t\t<div class=\"elementor-widget-container\">\n\t\t\t\t\t\t\t<div class=\"elementor-spacer\">\n\t\t\t<div class=\"elementor-spacer-inner\"><\/div>\n\t\t<\/div>\n\t\t\t\t\t\t<\/div>\n\t\t\t\t<\/div>\n\t\t\t\t\t<\/div>\n\t\t\t\t<\/div>\n\t\t<div class=\"elementor-element elementor-element-6ae4179 e-flex e-con-boxed e-con e-parent\" data-id=\"6ae4179\" data-element_type=\"container\" data-e-type=\"container\">\n\t\t\t\t\t<div class=\"e-con-inner\">\n\t\t\t\t<div class=\"elementor-element elementor-element-e06687c elementor-widget elementor-widget-heading\" data-id=\"e06687c\" data-element_type=\"widget\" data-e-type=\"widget\" data-widget_type=\"heading.default\">\n\t\t\t\t<div class=\"elementor-widget-container\">\n\t\t\t\t\t<h2 class=\"elementor-heading-title elementor-size-default\">Votre arriv\u00e9e <br>\nen voiture, en train, en avion<\/h2>\t\t\t\t<\/div>\n\t\t\t\t<\/div>\n\t\t\t\t\t<\/div>\n\t\t\t\t<\/div>\n\t\t<div class=\"elementor-element elementor-element-152db44 e-flex e-con-boxed e-con e-parent\" data-id=\"152db44\" data-element_type=\"container\" data-e-type=\"container\">\n\t\t\t\t\t<div class=\"e-con-inner\">\n\t\t\t\t<div class=\"elementor-element elementor-element-19aad59 elementor-widget elementor-widget-google_maps\" data-id=\"19aad59\" data-element_type=\"widget\" data-e-type=\"widget\" data-widget_type=\"google_maps.default\">\n\t\t\t\t<div class=\"elementor-widget-container\">\n\t\t\t\t\t\t\t<div class=\"elementor-custom-embed\">\n\t\t\t<iframe loading=\"lazy\"\n\t\t\t\t\tsrc=\"https:\/\/www.google.com\/maps\/embed\/v1\/place?key=AIzaSyDrAqeoN06N2KKPXtg7GkF-QCGNzEfrG6c&#038;q=wellnesshotel%20Sonnenhof%20%26%20Sonnhalde&#038;zoom=16\"\n\t\t\t\t\ttitle=\"wellnesshotel Sonnenhof &amp; Sonnhalde\"\n\t\t\t\t\taria-label=\"wellnesshotel Sonnenhof &amp; Sonnhalde\"\n\t\t\t><\/iframe>\n\t\t<\/div>\n\t\t\t\t\t\t<\/div>\n\t\t\t\t<\/div>\n\t\t\t\t\t<\/div>\n\t\t\t\t<\/div>\n\t\t<div class=\"elementor-element elementor-element-1217085 e-flex e-con-boxed e-con e-parent\" data-id=\"1217085\" data-element_type=\"container\" data-e-type=\"container\">\n\t\t\t\t\t<div class=\"e-con-inner\">\n\t\t\t\t<div class=\"elementor-element elementor-element-1f4330a elementor-widget elementor-widget-spacer\" data-id=\"1f4330a\" data-element_type=\"widget\" data-e-type=\"widget\" data-widget_type=\"spacer.default\">\n\t\t\t\t<div class=\"elementor-widget-container\">\n\t\t\t\t\t\t\t<div class=\"elementor-spacer\">\n\t\t\t<div class=\"elementor-spacer-inner\"><\/div>\n\t\t<\/div>\n\t\t\t\t\t\t<\/div>\n\t\t\t\t<\/div>\n\t\t\t\t\t<\/div>\n\t\t\t\t<\/div>\n\t\t<div class=\"elementor-element elementor-element-60d6aa5 e-flex e-con-boxed e-con e-parent\" data-id=\"60d6aa5\" data-element_type=\"container\" data-e-type=\"container\">\n\t\t\t\t\t<div class=\"e-con-inner\">\n\t\t\t\t<div class=\"elementor-element elementor-element-6342b21 elementor-widget elementor-widget-text-editor\" data-id=\"6342b21\" data-element_type=\"widget\" data-e-type=\"widget\" data-widget_type=\"text-editor.default\">\n\t\t\t\t<div class=\"elementor-widget-container\">\n\t\t\t\t\t\t\t\t\t<h2><span style=\"color: #be9f56;\">En voiture :<\/span><\/h2><p><span style=\"color: #666666;\"><strong><span style=\"color: #be9f56;\">\u261b <\/span>Autoroute A5 Francfort-B\u00e2le :<\/strong>\u00a0Sortie Fribourg par la B31 jusqu'\u00e0 Titisee. Continuer par B\u00e4rental, Schluchsee, Seebrugg, Rothaus jusqu'\u00e0 \u00dchlingen-BIRKENDORF.<\/span><\/p><p><span style=\"color: #666666;\"><strong><span style=\"color: #be9f56;\">\u261b <\/span>A 81 Autoroute Stuttgart-Singen :<\/strong>\u00a0Sortie Donaueschingen, B27 jusqu'\u00e0 la sortie Hausen, Bonndorf, continuer par Rothaus vers \u00dchlingen-<strong>BIRKENDORF<\/strong>.<\/span><\/p><p><span style=\"color: #666666;\"><strong><span style=\"color: #be9f56;\">\u261b <\/span>Par la Suisse A3 Autoroute B\u00e2le - Baden :\u00a0<\/strong>D\u00e9part en direction du Transit 5 ou 7 - passage de la fronti\u00e8re Koblenz-Waldshut,\u00a0<strong>continuer<\/strong>\u00a0par la B34 en direction de Bad S\u00e4ckingen - entr\u00e9e B500 en direction de H\u00e4usern, l\u00e0 au rond-point direction Schluchsee, Grafenhausen. Rothaus, \u00dchlingen -BIRKENDORF\u00a0<em><strong>ou\u00a0<\/strong><\/em><strong>continuer<\/strong><strong>\u00a0<\/strong>par la B34 direction Tiengen - Schaffhausen, sortie Grafenhausen, continuer en direction de Rothaus, \u00dchlingen-<strong>BIRKENDORF<\/strong><\/span><\/p><p><span style=\"color: #666666;\"><strong><span style=\"color: #be9f56;\">\u261b<\/span>Fermetures de routes actuelles : Fermeture compl\u00e8te de la Schl\u00fcchttal L157<\/strong><\/span><br \/><span style=\"color: #666666;\">En raison d'un \u00e9boulement entre Witznauer S\u00e4ge et Riedersteg, la vall\u00e9e de la Schl\u00fccht doit actuellement rester ferm\u00e9e pour une dur\u00e9e ind\u00e9termin\u00e9e. Une d\u00e9viation locale est indiqu\u00e9e - environ 10 minutes de trajet en plus !<\/span><\/p><h3><span style=\"color: #be9f56;\">Coordonn\u00e9es GPS pour Schwarzwaldstra\u00dfe 9 :<\/span><\/h3><p><span style=\"color: #666666;\"><span style=\"color: #be9f56;\">\u261b <\/span>Nord 47\u00b0 45\u2032 06.57 ; Est 8\u00b0 18\u2032 29.12<\/span><\/p><h3><span style=\"color: #be9f56;\">Coordonn\u00e9es GPS pour Hohlgasse 3 :<\/span><\/h3><p><span style=\"color: #666666;\"><span style=\"color: #be9f56;\">\u261b <\/span>Nord 47\u00b0 45\u2032 03.78 ; Est 8\u00b0 18\u2032 26.85<\/span><\/p><h2><span style=\"color: #be9f56;\">Avec les transports en commun :<\/span><\/h2><p><span style=\"color: #666666;\">De\u00a0<strong>Gare de Seebrugg<\/strong>\u00a0ou<strong>\u00a0Gare de Waldshut<\/strong>-Tiengen jusqu'\u00e0\u00a0<strong><em>Arr\u00eat de bus Birkendorf Au\u00dfendorf<\/em><\/strong>. Vous pouvez obtenir votre horaire personnel\u00a0<a style=\"color: #666666;\" title=\"Votre feuille de route personnelle\" href=\"http:\/\/www.efa-bw.de\/nvbw\/XSLT_TRIP_REQUEST2?language=de\" target=\"_blank\" rel=\"noopener noreferrer nofollow\">ici<\/a>\u00a0cr\u00e9er.<\/span><\/p><h3><span style=\"color: #be9f56;\">En avion :<\/span><\/h3><p><span style=\"color: #666666;\"><span style=\"color: #be9f56;\">\u261b <\/span>De\u00a0<strong>A\u00e9roport de Zurich - Kloten<\/strong>\u00a0(ZRH), l'h\u00f4tel Sonnenhof &amp; Sonnhalde se trouve \u00e0 une bonne heure de route. \u00c0 l'a\u00e9roport, vous avez la possibilit\u00e9 de louer une voiture. Nous vous recommandons de le faire avant votre arriv\u00e9e.<\/span><\/p><p><span style=\"color: #666666;\"><span style=\"color: #be9f56;\">\u261b <\/span>De\u00a0<strong>A\u00e9roport de B\u00e2le EuroAirport,<\/strong>\u00a0(<span class=\"_Xbe kno-fv\">BSL, EAP, MLH<\/span>), l'h\u00f4tel Sonnenhof &amp; Sonnhalde se trouve \u00e0 1 h 45 en voiture. \u00c0 l'a\u00e9roport, vous avez la possibilit\u00e9 de louer une voiture. Nous vous recommandons de le faire avant votre arriv\u00e9e.<\/span><\/p><p><span style=\"color: #666666;\"><span style=\"color: #be9f56;\">\u261b <\/span>De\u00a0<strong>A\u00e9roport de Stuttgart,<\/strong>\u00a0(<span class=\"_Xbe kno-fv\">STR<\/span>), l'h\u00f4tel Sonnenhof &amp; Sonnhalde se trouve \u00e0 2 h 15 en voiture. \u00c0 l'a\u00e9roport, vous avez la possibilit\u00e9 de louer une voiture. Nous vous recommandons de le faire avant votre arriv\u00e9e.<\/span><\/p>\t\t\t\t\t\t\t\t<\/div>\n\t\t\t\t<\/div>\n\t\t\t\t\t<\/div>\n\t\t\t\t<\/div>\n\t\t<div class=\"elementor-element elementor-element-59ebea6 e-flex e-con-boxed e-con e-parent\" data-id=\"59ebea6\" data-element_type=\"container\" data-e-type=\"container\">\n\t\t\t\t\t<div class=\"e-con-inner\">\n\t\t\t\t<div class=\"elementor-element elementor-element-b9c931f elementor-widget elementor-widget-spacer\" data-id=\"b9c931f\" data-element_type=\"widget\" data-e-type=\"widget\" data-widget_type=\"spacer.default\">\n\t\t\t\t<div class=\"elementor-widget-container\">\n\t\t\t\t\t\t\t<div class=\"elementor-spacer\">\n\t\t\t<div class=\"elementor-spacer-inner\"><\/div>\n\t\t<\/div>\n\t\t\t\t\t\t<\/div>\n\t\t\t\t<\/div>\n\t\t\t\t\t<\/div>\n\t\t\t\t<\/div>\n\t\t\t\t<\/div>","protected":false},"excerpt":{"rendered":"<p>Auf in den Hochschwarzwald Anfahrt Sie planen einen Aufenthalt in unserem Hotel? Hier online buchen und bis zu 35 % sparen! Verf\u00fcgbarkeit pr\u00fcfen Ihre Anreise mit dem Auto, der Bahn, dem Flugzeug Mit dem Auto: \u261b A5 Autobahn Frankfurt-Basel:\u00a0Abfahrt Freiburg \u00fcber die B31 bis Titisee. Weiter \u00fcber B\u00e4rental, Schluchsee, Seebrugg, Rothaus nach \u00dchlingen-BIRKENDORF. \u261b A [&hellip;]<\/p>\n","protected":false},"author":1,"featured_media":0,"parent":0,"menu_order":0,"comment_status":"closed","ping_status":"closed","template":"","meta":{"footnotes":""},"class_list":["post-3021","page","type-page","status-publish","hentry"],"_links":{"self":[{"href":"https:\/\/sonnenhof-sonnhalde.de\/fr\/wp-json\/wp\/v2\/pages\/3021","targetHints":{"allow":["GET"]}}],"collection":[{"href":"https:\/\/sonnenhof-sonnhalde.de\/fr\/wp-json\/wp\/v2\/pages"}],"about":[{"href":"https:\/\/sonnenhof-sonnhalde.de\/fr\/wp-json\/wp\/v2\/types\/page"}],"author":[{"embeddable":true,"href":"https:\/\/sonnenhof-sonnhalde.de\/fr\/wp-json\/wp\/v2\/users\/1"}],"replies":[{"embeddable":true,"href":"https:\/\/sonnenhof-sonnhalde.de\/fr\/wp-json\/wp\/v2\/comments?post=3021"}],"version-history":[{"count":7,"href":"https:\/\/sonnenhof-sonnhalde.de\/fr\/wp-json\/wp\/v2\/pages\/3021\/revisions"}],"predecessor-version":[{"id":10792,"href":"https:\/\/sonnenhof-sonnhalde.de\/fr\/wp-json\/wp\/v2\/pages\/3021\/revisions\/10792"}],"wp:attachment":[{"href":"https:\/\/sonnenhof-sonnhalde.de\/fr\/wp-json\/wp\/v2\/media?parent=3021"}],"curies":[{"name":"wp","href":"https:\/\/api.w.org\/{rel}","templated":true}]}}