{"id":3034,"date":"2023-07-14T04:40:44","date_gmt":"2023-07-14T02:40:44","guid":{"rendered":"https:\/\/wellnesshotel.sonnenhof-sonnhalde.de\/?page_id=3034"},"modified":"2024-08-09T21:21:38","modified_gmt":"2024-08-09T19:21:38","slug":"tours","status":"publish","type":"page","link":"https:\/\/sonnenhof-sonnhalde.de\/fr\/aktiv\/touren\/","title":{"rendered":"Randonn\u00e9es dans le Rothauser Land"},"content":{"rendered":"<div data-elementor-type=\"wp-page\" data-elementor-id=\"3034\" class=\"elementor elementor-3034\" data-elementor-post-type=\"page\">\n\t\t\t\t<div class=\"elementor-element elementor-element-a5a24ca e-flex e-con-boxed e-con e-parent\" data-id=\"a5a24ca\" data-element_type=\"container\" data-e-type=\"container\" data-settings=\"{&quot;background_background&quot;:&quot;video&quot;,&quot;background_video_start&quot;:2,&quot;background_video_end&quot;:15}\">\n\t\t\t\t\t<div class=\"e-con-inner\">\n\t\t\t\t<div class=\"elementor-element elementor-element-2a8b310 elementor-widget elementor-widget-spacer\" data-id=\"2a8b310\" data-element_type=\"widget\" data-e-type=\"widget\" data-widget_type=\"spacer.default\">\n\t\t\t\t<div class=\"elementor-widget-container\">\n\t\t\t\t\t\t\t<div class=\"elementor-spacer\">\n\t\t\t<div class=\"elementor-spacer-inner\"><\/div>\n\t\t<\/div>\n\t\t\t\t\t\t<\/div>\n\t\t\t\t<\/div>\n\t\t\t\t<div class=\"elementor-element elementor-element-b1a5192 elementor-widget elementor-widget-image\" data-id=\"b1a5192\" data-element_type=\"widget\" data-e-type=\"widget\" data-widget_type=\"image.default\">\n\t\t\t\t<div class=\"elementor-widget-container\">\n\t\t\t\t\t\t\t\t\t\t\t\t\t\t\t<img decoding=\"async\" src=\"https:\/\/sonnenhof-sonnhalde.de\/wp-content\/uploads\/elementor\/thumbs\/Sonnenhof_Logo_nur_Sonne_ohne_weissen_Hintergrund-qqqkytivrflqdy2nwtqz02hb4z7sdu35cmzhfsbecg.webp\" title=\"Sonnenhof_Logo_seulement_soleil_sans_fond_blanc.webp\" alt=\"Sonnenhof_Logo_seulement_soleil_sans_fond_blanc.webp\" loading=\"lazy\" \/>\t\t\t\t\t\t\t\t\t\t\t\t\t\t\t<\/div>\n\t\t\t\t<\/div>\n\t\t\t\t<div class=\"elementor-element elementor-element-cd954db elementor-widget elementor-widget-spacer\" data-id=\"cd954db\" data-element_type=\"widget\" data-e-type=\"widget\" data-widget_type=\"spacer.default\">\n\t\t\t\t<div class=\"elementor-widget-container\">\n\t\t\t\t\t\t\t<div class=\"elementor-spacer\">\n\t\t\t<div class=\"elementor-spacer-inner\"><\/div>\n\t\t<\/div>\n\t\t\t\t\t\t<\/div>\n\t\t\t\t<\/div>\n\t\t\t\t<div class=\"elementor-element elementor-element-b4d1363 elementor-widget-mobile__width-initial elementor-widget__width-initial elementor-widget elementor-widget-heading\" data-id=\"b4d1363\" data-element_type=\"widget\" data-e-type=\"widget\" data-widget_type=\"heading.default\">\n\t\t\t\t<div class=\"elementor-widget-container\">\n\t\t\t\t\t<h2 class=\"elementor-heading-title elementor-size-default\">Au pas du cordonnier...<\/h2>\t\t\t\t<\/div>\n\t\t\t\t<\/div>\n\t\t\t\t<div class=\"elementor-element elementor-element-58f6d9a elementor-widget__width-inherit elementor-widget elementor-widget-heading\" data-id=\"58f6d9a\" data-element_type=\"widget\" data-e-type=\"widget\" data-widget_type=\"heading.default\">\n\t\t\t\t<div class=\"elementor-widget-container\">\n\t\t\t\t\t<h1 class=\"elementor-heading-title elementor-size-default\">Randonn\u00e9es p\u00e9destres<\/h1>\t\t\t\t<\/div>\n\t\t\t\t<\/div>\n\t\t\t\t\t<\/div>\n\t\t\t\t<\/div>\n\t\t<div class=\"elementor-element elementor-element-29c0c99 e-flex e-con-boxed e-con e-parent\" data-id=\"29c0c99\" data-element_type=\"container\" data-e-type=\"container\">\n\t\t\t\t\t<div class=\"e-con-inner\">\n\t\t\t\t<div class=\"elementor-element elementor-element-20f6e06 elementor-widget elementor-widget-spacer\" data-id=\"20f6e06\" data-element_type=\"widget\" data-e-type=\"widget\" data-widget_type=\"spacer.default\">\n\t\t\t\t<div class=\"elementor-widget-container\">\n\t\t\t\t\t\t\t<div class=\"elementor-spacer\">\n\t\t\t<div class=\"elementor-spacer-inner\"><\/div>\n\t\t<\/div>\n\t\t\t\t\t\t<\/div>\n\t\t\t\t<\/div>\n\t\t\t\t\t<\/div>\n\t\t\t\t<\/div>\n\t\t<div class=\"elementor-element elementor-element-97c0c03 e-flex e-con-boxed e-con e-parent\" data-id=\"97c0c03\" data-element_type=\"container\" data-e-type=\"container\">\n\t\t\t\t\t<div class=\"e-con-inner\">\n\t\t\t\t<div class=\"elementor-element elementor-element-392ff40 elementor-cta--layout-image-right elementor-cta--valign-middle animated-fast elementor-widget-mobile__width-initial elementor-cta--skin-classic elementor-animated-content elementor-widget elementor-widget-call-to-action\" data-id=\"392ff40\" data-element_type=\"widget\" data-e-type=\"widget\" data-settings=\"{&quot;_animation&quot;:&quot;none&quot;,&quot;_animation_delay&quot;:750}\" data-widget_type=\"call-to-action.default\">\n\t\t\t\t<div class=\"elementor-widget-container\">\n\t\t\t\t\t\t\t<div class=\"elementor-cta\">\n\t\t\t\t\t\t\t<div class=\"elementor-cta__content\">\n\t\t\t\t\t\t\t\t\t<div class=\"elementor-content-item elementor-cta__content-item elementor-cta__image\">\n\t\t\t\t\t\t<img decoding=\"async\" width=\"150\" height=\"150\" src=\"https:\/\/sonnenhof-sonnhalde.de\/wp-content\/uploads\/2024\/07\/Sonnenhof_Logo_nur_Sonne_ohne_weissen_Hintergrund-150x150.webp\" class=\"attachment-thumbnail size-thumbnail wp-image-7436\" alt=\"\" srcset=\"https:\/\/sonnenhof-sonnhalde.de\/wp-content\/uploads\/2024\/07\/Sonnenhof_Logo_nur_Sonne_ohne_weissen_Hintergrund-150x150.webp 150w, https:\/\/sonnenhof-sonnhalde.de\/wp-content\/uploads\/2024\/07\/Sonnenhof_Logo_nur_Sonne_ohne_weissen_Hintergrund-300x300.webp 300w, https:\/\/sonnenhof-sonnhalde.de\/wp-content\/uploads\/2024\/07\/elementor\/thumbs\/Sonnenhof_Logo_nur_Sonne_ohne_weissen_Hintergrund-qqqkytivrflqdy2nwtqz02hb4z7sdu35cmzhfsbecg.webp 240w, https:\/\/sonnenhof-sonnhalde.de\/wp-content\/uploads\/2024\/07\/Sonnenhof_Logo_nur_Sonne_ohne_weissen_Hintergrund.webp 348w\" sizes=\"(max-width: 150px) 100vw, 150px\" title=\"\">\t\t\t\t\t<\/div>\n\t\t\t\t\n\t\t\t\t\t\t\t\t\t<h2 class=\"elementor-cta__title elementor-cta__content-item elementor-content-item\">\n\t\t\t\t\t\tVous pr\u00e9voyez un s\u00e9jour dans notre h\u00f4tel ?\t\t\t\t\t<\/h2>\n\t\t\t\t\n\t\t\t\t\t\t\t\t\t<div class=\"elementor-cta__description elementor-cta__content-item elementor-content-item\">\n\t\t\t\t\t\tR\u00e9servez ici en ligne et \u00e9conomisez jusqu'\u00e0 35 % !\t\t\t\t\t<\/div>\n\t\t\t\t\n\t\t\t\t\t\t\t\t\t<div class=\"elementor-cta__button-wrapper elementor-cta__content-item elementor-content-item\">\n\t\t\t\t\t<a class=\"elementor-cta__button elementor-button elementor-size-\" href=\"https:\/\/reservations.hotel-spider.com\/01G57de3b1de7690\/\" target=\"_blank\" rel=\"nofollow noopener\">\n\t\t\t\t\t\tV\u00e9rifier la disponibilit\u00e9\t\t\t\t\t<\/a>\n\t\t\t\t\t<\/div>\n\t\t\t\t\t\t\t<\/div>\n\t\t\t\t\t\t<\/div>\n\t\t\t\t\t\t<\/div>\n\t\t\t\t<\/div>\n\t\t\t\t\t<\/div>\n\t\t\t\t<\/div>\n\t\t<div class=\"elementor-element elementor-element-36dce4f e-flex e-con-boxed e-con e-parent\" data-id=\"36dce4f\" data-element_type=\"container\" data-e-type=\"container\">\n\t\t\t\t\t<div class=\"e-con-inner\">\n\t\t\t\t<div class=\"elementor-element elementor-element-f5d3f51 elementor-widget elementor-widget-spacer\" data-id=\"f5d3f51\" data-element_type=\"widget\" data-e-type=\"widget\" data-widget_type=\"spacer.default\">\n\t\t\t\t<div class=\"elementor-widget-container\">\n\t\t\t\t\t\t\t<div class=\"elementor-spacer\">\n\t\t\t<div class=\"elementor-spacer-inner\"><\/div>\n\t\t<\/div>\n\t\t\t\t\t\t<\/div>\n\t\t\t\t<\/div>\n\t\t\t\t\t<\/div>\n\t\t\t\t<\/div>\n\t\t<div class=\"elementor-element elementor-element-3949cbf e-flex e-con-boxed e-con e-parent\" data-id=\"3949cbf\" data-element_type=\"container\" data-e-type=\"container\">\n\t\t\t\t\t<div class=\"e-con-inner\">\n\t\t\t\t<div class=\"elementor-element elementor-element-a56a447 elementor-widget elementor-widget-heading\" data-id=\"a56a447\" data-element_type=\"widget\" data-e-type=\"widget\" data-widget_type=\"heading.default\">\n\t\t\t\t<div class=\"elementor-widget-container\">\n\t\t\t\t\t<h2 class=\"elementor-heading-title elementor-size-default\">Randonn\u00e9es dans le Rothauser Land :<\/h2>\t\t\t\t<\/div>\n\t\t\t\t<\/div>\n\t\t\t\t\t<\/div>\n\t\t\t\t<\/div>\n\t\t<div class=\"elementor-element elementor-element-0f8a5e0 e-flex e-con-boxed e-con e-parent\" data-id=\"0f8a5e0\" data-element_type=\"container\" data-e-type=\"container\">\n\t\t\t\t\t<div class=\"e-con-inner\">\n\t\t\t\t<div class=\"elementor-element elementor-element-8e66b71 elementor-widget elementor-widget-spacer\" data-id=\"8e66b71\" data-element_type=\"widget\" data-e-type=\"widget\" data-widget_type=\"spacer.default\">\n\t\t\t\t<div class=\"elementor-widget-container\">\n\t\t\t\t\t\t\t<div class=\"elementor-spacer\">\n\t\t\t<div class=\"elementor-spacer-inner\"><\/div>\n\t\t<\/div>\n\t\t\t\t\t\t<\/div>\n\t\t\t\t<\/div>\n\t\t\t\t\t<\/div>\n\t\t\t\t<\/div>\n\t\t<div class=\"elementor-element elementor-element-0275ae1 e-grid e-con-boxed e-con e-parent\" data-id=\"0275ae1\" data-element_type=\"container\" data-e-type=\"container\">\n\t\t\t\t\t<div class=\"e-con-inner\">\n\t\t\t\t<div class=\"elementor-element elementor-element-e64a23e elementor-widget elementor-widget-text-editor\" data-id=\"e64a23e\" data-element_type=\"widget\" data-e-type=\"widget\" data-widget_type=\"text-editor.default\">\n\t\t\t\t<div class=\"elementor-widget-container\">\n\t\t\t\t\t\t\t\t\t<p><div style=\"min-width: 260px; max-width: 100%\"><script type=\"text\/javascript\" src=\"https:\/\/www.outdooractive.com\/fr\/embed\/58834120\/js?mw=false\"><\/script><\/div><\/p>\t\t\t\t\t\t\t\t<\/div>\n\t\t\t\t<\/div>\n\t\t\t\t<div class=\"elementor-element elementor-element-ab66db8 elementor-widget elementor-widget-text-editor\" data-id=\"ab66db8\" data-element_type=\"widget\" data-e-type=\"widget\" data-widget_type=\"text-editor.default\">\n\t\t\t\t<div class=\"elementor-widget-container\">\n\t\t\t\t\t\t\t\t\t<p><div style=\"min-width: 260px; max-width: 100%\"><script type=\"text\/javascript\" src=\"https:\/\/www.outdooractive.com\/fr\/embed\/206552596\/js?mw=false\"><\/script><\/div><\/p>\t\t\t\t\t\t\t\t<\/div>\n\t\t\t\t<\/div>\n\t\t\t\t<div class=\"elementor-element elementor-element-01672f3 elementor-widget elementor-widget-text-editor\" data-id=\"01672f3\" data-element_type=\"widget\" data-e-type=\"widget\" data-widget_type=\"text-editor.default\">\n\t\t\t\t<div class=\"elementor-widget-container\">\n\t\t\t\t\t\t\t\t\t<p><div style=\"min-width: 260px; max-width: 100%\"><script type=\"text\/javascript\" src=\"https:\/\/www.outdooractive.com\/fr\/embed\/120915859\/js?mw=false\"><\/script><\/div><\/p>\t\t\t\t\t\t\t\t<\/div>\n\t\t\t\t<\/div>\n\t\t\t\t<div class=\"elementor-element elementor-element-2eb3501 elementor-widget elementor-widget-text-editor\" data-id=\"2eb3501\" data-element_type=\"widget\" data-e-type=\"widget\" data-widget_type=\"text-editor.default\">\n\t\t\t\t<div class=\"elementor-widget-container\">\n\t\t\t\t\t\t\t\t\t<p><div style=\"min-width: 260px; max-width: 100%\"><script type=\"text\/javascript\" src=\"https:\/\/www.outdooractive.com\/fr\/embed\/58943412\/js?mw=false\"><\/script><\/div><\/p>\t\t\t\t\t\t\t\t<\/div>\n\t\t\t\t<\/div>\n\t\t\t\t<div class=\"elementor-element elementor-element-7f14ecc elementor-widget elementor-widget-text-editor\" data-id=\"7f14ecc\" data-element_type=\"widget\" data-e-type=\"widget\" data-widget_type=\"text-editor.default\">\n\t\t\t\t<div class=\"elementor-widget-container\">\n\t\t\t\t\t\t\t\t\t<p><div style=\"min-width: 260px; max-width: 100%\"><script type=\"text\/javascript\" src=\"https:\/\/www.outdooractive.com\/fr\/embed\/206100684\/js?mw=false\"><\/script><\/div><\/p>\t\t\t\t\t\t\t\t<\/div>\n\t\t\t\t<\/div>\n\t\t\t\t<div class=\"elementor-element elementor-element-1c765bb elementor-widget elementor-widget-text-editor\" data-id=\"1c765bb\" data-element_type=\"widget\" data-e-type=\"widget\" data-widget_type=\"text-editor.default\">\n\t\t\t\t<div class=\"elementor-widget-container\">\n\t\t\t\t\t\t\t\t\t<p><div style=\"min-width: 260px; max-width: 100%\"><script type=\"text\/javascript\" src=\"https:\/\/www.outdooractive.com\/fr\/embed\/205594302\/js?mw=false\"><\/script><\/div><\/p>\t\t\t\t\t\t\t\t<\/div>\n\t\t\t\t<\/div>\n\t\t\t\t\t<\/div>\n\t\t\t\t<\/div>\n\t\t<div class=\"elementor-element elementor-element-9fce791 e-flex e-con-boxed e-con e-parent\" data-id=\"9fce791\" data-element_type=\"container\" data-e-type=\"container\">\n\t\t\t\t\t<div class=\"e-con-inner\">\n\t\t\t\t<div class=\"elementor-element elementor-element-c216c54 elementor-widget elementor-widget-spacer\" data-id=\"c216c54\" data-element_type=\"widget\" data-e-type=\"widget\" data-widget_type=\"spacer.default\">\n\t\t\t\t<div class=\"elementor-widget-container\">\n\t\t\t\t\t\t\t<div class=\"elementor-spacer\">\n\t\t\t<div class=\"elementor-spacer-inner\"><\/div>\n\t\t<\/div>\n\t\t\t\t\t\t<\/div>\n\t\t\t\t<\/div>\n\t\t\t\t\t<\/div>\n\t\t\t\t<\/div>\n\t\t\t\t<\/div>","protected":false},"excerpt":{"rendered":"<p>Auf Schuster&#8217;s Rappen&#8230; Wandertouren Sie planen einen Aufenthalt in unserem Hotel? Hier online buchen und bis zu 35 % sparen! Verf\u00fcgbarkeit pr\u00fcfen Wandertouren im Rothauser Land:<\/p>","protected":false},"author":1,"featured_media":0,"parent":3046,"menu_order":0,"comment_status":"closed","ping_status":"closed","template":"","meta":{"footnotes":""},"class_list":["post-3034","page","type-page","status-publish","hentry"],"_links":{"self":[{"href":"https:\/\/sonnenhof-sonnhalde.de\/fr\/wp-json\/wp\/v2\/pages\/3034","targetHints":{"allow":["GET"]}}],"collection":[{"href":"https:\/\/sonnenhof-sonnhalde.de\/fr\/wp-json\/wp\/v2\/pages"}],"about":[{"href":"https:\/\/sonnenhof-sonnhalde.de\/fr\/wp-json\/wp\/v2\/types\/page"}],"author":[{"embeddable":true,"href":"https:\/\/sonnenhof-sonnhalde.de\/fr\/wp-json\/wp\/v2\/users\/1"}],"replies":[{"embeddable":true,"href":"https:\/\/sonnenhof-sonnhalde.de\/fr\/wp-json\/wp\/v2\/comments?post=3034"}],"version-history":[{"count":4,"href":"https:\/\/sonnenhof-sonnhalde.de\/fr\/wp-json\/wp\/v2\/pages\/3034\/revisions"}],"predecessor-version":[{"id":10342,"href":"https:\/\/sonnenhof-sonnhalde.de\/fr\/wp-json\/wp\/v2\/pages\/3034\/revisions\/10342"}],"up":[{"embeddable":true,"href":"https:\/\/sonnenhof-sonnhalde.de\/fr\/wp-json\/wp\/v2\/pages\/3046"}],"wp:attachment":[{"href":"https:\/\/sonnenhof-sonnhalde.de\/fr\/wp-json\/wp\/v2\/media?parent=3034"}],"curies":[{"name":"wp","href":"https:\/\/api.w.org\/{rel}","templated":true}]}}